{"id":93,"date":"2016-08-10T11:23:16","date_gmt":"2016-08-10T09:23:16","guid":{"rendered":"http:\/\/bruk.beskidy.pl\/?page_id=93"},"modified":"2020-03-16T11:28:39","modified_gmt":"2020-03-16T10:28:39","slug":"narzedzia-budowlane","status":"publish","type":"page","link":"https:\/\/bruk.beskidy.pl\/index.php\/bruk-hurtownia-budowlana-jasienica\/oferta\/narzedzia-budowlane\/","title":{"rendered":"Narz\u0119dzia budowlane"},"content":{"rendered":"\n<p>Dbaj\u0105c o zakres naszej oferty, dysponujemy asortymentem niezb\u0119dnych narz\u0119dzi: <strong>m\u0142otk\u00f3w, siekier, wkr\u0119tak\u00f3w, pi\u0142 czy kluczy<\/strong>.<\/p>\n\n\n\n\n\t\t<style type=\"text\/css\">\n\t\t\t#gallery-1 {\n\t\t\t\tmargin: auto;\n\t\t\t}\n\t\t\t#gallery-1 .gallery-item {\n\t\t\t\tfloat: left;\n\t\t\t\tmargin-top: 10px;\n\t\t\t\ttext-align: center;\n\t\t\t\twidth: 25%;\n\t\t\t}\n\t\t\t#gallery-1 img {\n\t\t\t\tborder: 2px solid #cfcfcf;\n\t\t\t}\n\t\t\t#gallery-1 .gallery-caption {\n\t\t\t\tmargin-left: 0;\n\t\t\t}\n\t\t\t\/* see gallery_shortcode() in wp-includes\/media.php *\/\n\t\t<\/style>\n\t\t<div id='gallery-1' class='gallery galleryid-93 gallery-columns-4 gallery-size-thumbnail'><dl class='gallery-item'>\n\t\t\t<dt class='gallery-icon landscape'>\n\t\t\t\t<a href='https:\/\/bruk.beskidy.pl\/wp-content\/uploads\/2020\/03\/89293412_707220693147121_8386839010344960000_n.jpg'><img loading=\"lazy\" decoding=\"async\" width=\"150\" height=\"150\" src=\"https:\/\/bruk.beskidy.pl\/wp-content\/uploads\/2020\/03\/89293412_707220693147121_8386839010344960000_n-150x150.jpg\" class=\"attachment-thumbnail size-thumbnail\" alt=\"\" \/><\/a>\n\t\t\t<\/dt><\/dl><dl class='gallery-item'>\n\t\t\t<dt class='gallery-icon portrait'>\n\t\t\t\t<a href='https:\/\/bruk.beskidy.pl\/wp-content\/uploads\/2020\/03\/76601273_1479845712162871_8765659983460171776_n-scaled.jpg'><img loading=\"lazy\" decoding=\"async\" width=\"150\" height=\"150\" src=\"https:\/\/bruk.beskidy.pl\/wp-content\/uploads\/2020\/03\/76601273_1479845712162871_8765659983460171776_n-150x150.jpg\" class=\"attachment-thumbnail size-thumbnail\" alt=\"\" \/><\/a>\n\t\t\t<\/dt><\/dl><dl class='gallery-item'>\n\t\t\t<dt class='gallery-icon landscape'>\n\t\t\t\t<a href='https:\/\/bruk.beskidy.pl\/wp-content\/uploads\/2020\/03\/76602201_559628614863770_4623962624097255424_n-scaled.jpg'><img loading=\"lazy\" decoding=\"async\" width=\"150\" height=\"150\" src=\"https:\/\/bruk.beskidy.pl\/wp-content\/uploads\/2020\/03\/76602201_559628614863770_4623962624097255424_n-150x150.jpg\" class=\"attachment-thumbnail size-thumbnail\" alt=\"\" \/><\/a>\n\t\t\t<\/dt><\/dl><dl class='gallery-item'>\n\t\t\t<dt class='gallery-icon landscape'>\n\t\t\t\t<a href='https:\/\/bruk.beskidy.pl\/wp-content\/uploads\/2020\/03\/75380502_552765185510273_1996603675979546624_n-scaled.jpg'><img loading=\"lazy\" decoding=\"async\" width=\"150\" height=\"150\" src=\"https:\/\/bruk.beskidy.pl\/wp-content\/uploads\/2020\/03\/75380502_552765185510273_1996603675979546624_n-150x150.jpg\" class=\"attachment-thumbnail size-thumbnail\" alt=\"\" \/><\/a>\n\t\t\t<\/dt><\/dl><br style=\"clear: both\" \/><dl class='gallery-item'>\n\t\t\t<dt class='gallery-icon portrait'>\n\t\t\t\t<a href='https:\/\/bruk.beskidy.pl\/wp-content\/uploads\/2020\/03\/83346030_194563961943219_5030545376755580928_n.jpg'><img loading=\"lazy\" decoding=\"async\" width=\"150\" height=\"150\" src=\"https:\/\/bruk.beskidy.pl\/wp-content\/uploads\/2020\/03\/83346030_194563961943219_5030545376755580928_n-150x150.jpg\" class=\"attachment-thumbnail size-thumbnail\" alt=\"\" \/><\/a>\n\t\t\t<\/dt><\/dl><dl class='gallery-item'>\n\t\t\t<dt class='gallery-icon portrait'>\n\t\t\t\t<a href='https:\/\/bruk.beskidy.pl\/wp-content\/uploads\/2020\/03\/71886882_519935452151542_6919689185737572352_n-1.jpg'><img loading=\"lazy\" decoding=\"async\" width=\"150\" height=\"150\" src=\"https:\/\/bruk.beskidy.pl\/wp-content\/uploads\/2020\/03\/71886882_519935452151542_6919689185737572352_n-1-150x150.jpg\" class=\"attachment-thumbnail size-thumbnail\" alt=\"\" \/><\/a>\n\t\t\t<\/dt><\/dl><dl class='gallery-item'>\n\t\t\t<dt class='gallery-icon portrait'>\n\t\t\t\t<a href='https:\/\/bruk.beskidy.pl\/wp-content\/uploads\/2020\/03\/72393595_949070948789788_1009315295925370880_n-scaled.jpg'><img loading=\"lazy\" decoding=\"async\" width=\"150\" height=\"150\" src=\"https:\/\/bruk.beskidy.pl\/wp-content\/uploads\/2020\/03\/72393595_949070948789788_1009315295925370880_n-150x150.jpg\" class=\"attachment-thumbnail size-thumbnail\" alt=\"\" \/><\/a>\n\t\t\t<\/dt><\/dl><dl class='gallery-item'>\n\t\t\t<dt class='gallery-icon portrait'>\n\t\t\t\t<a href='https:\/\/bruk.beskidy.pl\/wp-content\/uploads\/2020\/03\/72650895_443348229642252_2874534066894405632_n-scaled.jpg'><img loading=\"lazy\" decoding=\"async\" width=\"150\" height=\"150\" src=\"https:\/\/bruk.beskidy.pl\/wp-content\/uploads\/2020\/03\/72650895_443348229642252_2874534066894405632_n-150x150.jpg\" class=\"attachment-thumbnail size-thumbnail\" alt=\"\" \/><\/a>\n\t\t\t<\/dt><\/dl><br style=\"clear: both\" \/><dl class='gallery-item'>\n\t\t\t<dt class='gallery-icon portrait'>\n\t\t\t\t<a href='https:\/\/bruk.beskidy.pl\/wp-content\/uploads\/2020\/03\/69914009_485586492286331_7642402340498046976_n-scaled.jpg'><img loading=\"lazy\" decoding=\"async\" width=\"150\" height=\"150\" src=\"https:\/\/bruk.beskidy.pl\/wp-content\/uploads\/2020\/03\/69914009_485586492286331_7642402340498046976_n-150x150.jpg\" class=\"attachment-thumbnail size-thumbnail\" alt=\"\" \/><\/a>\n\t\t\t<\/dt><\/dl><dl class='gallery-item'>\n\t\t\t<dt class='gallery-icon portrait'>\n\t\t\t\t<a href='https:\/\/bruk.beskidy.pl\/wp-content\/uploads\/2020\/03\/89437196_202087464450414_281065065031925760_n.jpg'><img loading=\"lazy\" decoding=\"async\" width=\"150\" height=\"150\" src=\"https:\/\/bruk.beskidy.pl\/wp-content\/uploads\/2020\/03\/89437196_202087464450414_281065065031925760_n-150x150.jpg\" class=\"attachment-thumbnail size-thumbnail\" alt=\"\" \/><\/a>\n\t\t\t<\/dt><\/dl><dl class='gallery-item'>\n\t\t\t<dt class='gallery-icon portrait'>\n\t\t\t\t<a href='https:\/\/bruk.beskidy.pl\/wp-content\/uploads\/2020\/03\/89629731_1058243661235498_252723572278034432_n.jpg'><img loading=\"lazy\" decoding=\"async\" width=\"150\" height=\"150\" src=\"https:\/\/bruk.beskidy.pl\/wp-content\/uploads\/2020\/03\/89629731_1058243661235498_252723572278034432_n-150x150.jpg\" class=\"attachment-thumbnail size-thumbnail\" alt=\"\" \/><\/a>\n\t\t\t<\/dt><\/dl><dl class='gallery-item'>\n\t\t\t<dt class='gallery-icon portrait'>\n\t\t\t\t<a href='https:\/\/bruk.beskidy.pl\/wp-content\/uploads\/2020\/03\/89652837_1074867792891778_7227697598524555264_n.jpg'><img loading=\"lazy\" decoding=\"async\" width=\"150\" height=\"150\" src=\"https:\/\/bruk.beskidy.pl\/wp-content\/uploads\/2020\/03\/89652837_1074867792891778_7227697598524555264_n-150x150.jpg\" class=\"attachment-thumbnail size-thumbnail\" alt=\"\" \/><\/a>\n\t\t\t<\/dt><\/dl><br style=\"clear: both\" \/><dl class='gallery-item'>\n\t\t\t<dt class='gallery-icon portrait'>\n\t\t\t\t<a href='https:\/\/bruk.beskidy.pl\/wp-content\/uploads\/2020\/03\/89679900_538544440122444_1790673055131893760_n.jpg'><img loading=\"lazy\" decoding=\"async\" width=\"150\" height=\"150\" src=\"https:\/\/bruk.beskidy.pl\/wp-content\/uploads\/2020\/03\/89679900_538544440122444_1790673055131893760_n-150x150.jpg\" class=\"attachment-thumbnail size-thumbnail\" alt=\"\" \/><\/a>\n\t\t\t<\/dt><\/dl><dl class='gallery-item'>\n\t\t\t<dt class='gallery-icon portrait'>\n\t\t\t\t<a href='https:\/\/bruk.beskidy.pl\/wp-content\/uploads\/2020\/03\/90515125_2826828324075636_4709742183379369984_n.jpg'><img loading=\"lazy\" decoding=\"async\" width=\"150\" height=\"150\" src=\"https:\/\/bruk.beskidy.pl\/wp-content\/uploads\/2020\/03\/90515125_2826828324075636_4709742183379369984_n-150x150.jpg\" class=\"attachment-thumbnail size-thumbnail\" alt=\"\" \/><\/a>\n\t\t\t<\/dt><\/dl>\n\t\t\t<br style='clear: both' \/>\n\t\t<\/div>\n\n\n\n\n<p>Wsp\u00f3\u0142pracujemy z najlepszymi producentami narz\u0119dzi budowlanych, dzi\u0119ki temu mo\u017cemy zaproponowa\u0107 du\u017cy wyb\u00f3r przyrz\u0105d\u00f3w. <\/p>\n\n\n\n<p>Umo\u017cliwiamy zakup pojedynczych narz\u0119dzi lub te\u017c zestaw\u00f3w.<\/p>\n\n\n\n<p>Stale poszerzamy ofert\u0119 o narz\u0119dzia ogrodnicze, chemi\u0119 budowlan\u0105, farby, lakiery, impregnaty.<\/p>\n\n\n\n<p>Posiadamy mieszalnik farb i tynk\u00f3w, elektronarz\u0119dzia De Walt ; Black&amp;Decker; Makita oraz narz\u0119dzia STANLEY.<\/p>\n\n\n\n<p><\/p>\n\n\n\n<p> <\/p>\n\n\n\n<p><strong>Czekamy na pa\u0144stwa :<\/strong><\/p>\n\n\n\n<p>Od Pn-Pt  7.00 \u2013 17.00<br>W Soboty : 7.00 \u2013 13.00<\/p>\n","protected":false},"excerpt":{"rendered":"<p>Dbaj\u0105c o zakres naszej oferty, dysponujemy asortymentem niezb\u0119dnych narz\u0119dzi: m\u0142otk\u00f3w, siekier, wkr\u0119tak\u00f3w, pi\u0142 czy kluczy. Wsp\u00f3\u0142pracujemy z najlepszymi producentami narz\u0119dzi budowlanych, dzi\u0119ki temu mo\u017cemy zaproponowa\u0107 du\u017cy wyb\u00f3r przyrz\u0105d\u00f3w. Umo\u017cliwiamy zakup pojedynczych narz\u0119dzi lub te\u017c zestaw\u00f3w. Stale poszerzamy ofert\u0119 o narz\u0119dzia ogrodnicze, chemi\u0119 budowlan\u0105, farby, lakiery, impregnaty. Posiadamy mieszalnik farb i tynk\u00f3w, elektronarz\u0119dzia De Walt ; [&hellip;]<\/p>\n","protected":false},"author":1,"featured_media":0,"parent":361,"menu_order":0,"comment_status":"closed","ping_status":"closed","template":"","meta":{"footnotes":""},"yoast_head":"<!-- This site is optimized with the Yoast SEO plugin v20.4 - https:\/\/yoast.com\/wordpress\/plugins\/seo\/ -->\n<title>Narz\u0119dzia budowlane - BRUK - Hurtownia Budowlana Jasienica<\/title>\n<meta name=\"robots\" content=\"index, follow, max-snippet:-1, max-image-preview:large, max-video-preview:-1\" \/>\n<link rel=\"canonical\" href=\"https:\/\/bruk.beskidy.pl\/index.php\/bruk-hurtownia-budowlana-jasienica\/oferta\/narzedzia-budowlane\/\" \/>\n<meta property=\"og:locale\" content=\"pl_PL\" \/>\n<meta property=\"og:type\" content=\"article\" \/>\n<meta property=\"og:title\" content=\"Narz\u0119dzia budowlane - BRUK - Hurtownia Budowlana Jasienica\" \/>\n<meta property=\"og:description\" content=\"Dbaj\u0105c o zakres naszej oferty, dysponujemy asortymentem niezb\u0119dnych narz\u0119dzi: m\u0142otk\u00f3w, siekier, wkr\u0119tak\u00f3w, pi\u0142 czy kluczy. Wsp\u00f3\u0142pracujemy z najlepszymi producentami narz\u0119dzi budowlanych, dzi\u0119ki temu mo\u017cemy zaproponowa\u0107 du\u017cy wyb\u00f3r przyrz\u0105d\u00f3w. Umo\u017cliwiamy zakup pojedynczych narz\u0119dzi lub te\u017c zestaw\u00f3w. Stale poszerzamy ofert\u0119 o narz\u0119dzia ogrodnicze, chemi\u0119 budowlan\u0105, farby, lakiery, impregnaty. Posiadamy mieszalnik farb i tynk\u00f3w, elektronarz\u0119dzia De Walt ; [&hellip;]\" \/>\n<meta property=\"og:url\" content=\"https:\/\/bruk.beskidy.pl\/index.php\/bruk-hurtownia-budowlana-jasienica\/oferta\/narzedzia-budowlane\/\" \/>\n<meta property=\"og:site_name\" content=\"BRUK - Hurtownia Budowlana Jasienica\" \/>\n<meta property=\"article:publisher\" content=\"https:\/\/www.facebook.com\/BrukSklep\" \/>\n<meta property=\"article:modified_time\" content=\"2020-03-16T10:28:39+00:00\" \/>\n<meta property=\"og:image\" content=\"https:\/\/bruk.beskidy.pl\/wp-content\/uploads\/2020\/03\/89293412_707220693147121_8386839010344960000_n-150x150.jpg\" \/>\n<meta name=\"twitter:card\" content=\"summary_large_image\" \/>\n<script type=\"application\/ld+json\" class=\"yoast-schema-graph\">{\"@context\":\"https:\/\/schema.org\",\"@graph\":[{\"@type\":\"WebPage\",\"@id\":\"https:\/\/bruk.beskidy.pl\/index.php\/bruk-hurtownia-budowlana-jasienica\/oferta\/narzedzia-budowlane\/\",\"url\":\"https:\/\/bruk.beskidy.pl\/index.php\/bruk-hurtownia-budowlana-jasienica\/oferta\/narzedzia-budowlane\/\",\"name\":\"Narz\u0119dzia budowlane - BRUK - Hurtownia Budowlana Jasienica\",\"isPartOf\":{\"@id\":\"https:\/\/bruk.beskidy.pl\/#website\"},\"datePublished\":\"2016-08-10T09:23:16+00:00\",\"dateModified\":\"2020-03-16T10:28:39+00:00\",\"breadcrumb\":{\"@id\":\"https:\/\/bruk.beskidy.pl\/index.php\/bruk-hurtownia-budowlana-jasienica\/oferta\/narzedzia-budowlane\/#breadcrumb\"},\"inLanguage\":\"pl-PL\",\"potentialAction\":[{\"@type\":\"ReadAction\",\"target\":[\"https:\/\/bruk.beskidy.pl\/index.php\/bruk-hurtownia-budowlana-jasienica\/oferta\/narzedzia-budowlane\/\"]}]},{\"@type\":\"BreadcrumbList\",\"@id\":\"https:\/\/bruk.beskidy.pl\/index.php\/bruk-hurtownia-budowlana-jasienica\/oferta\/narzedzia-budowlane\/#breadcrumb\",\"itemListElement\":[{\"@type\":\"ListItem\",\"position\":1,\"name\":\"Strona g\u0142\u00f3wna\",\"item\":\"https:\/\/bruk.beskidy.pl\/\"},{\"@type\":\"ListItem\",\"position\":2,\"name\":\"BRUK &#8211; Hurtownia budowlana i us\u0142ugi brukarskie Jasienica i okolice\",\"item\":\"https:\/\/bruk.beskidy.pl\/\"},{\"@type\":\"ListItem\",\"position\":3,\"name\":\"Oferta\",\"item\":\"https:\/\/bruk.beskidy.pl\/index.php\/bruk-hurtownia-budowlana-jasienica\/oferta\/\"},{\"@type\":\"ListItem\",\"position\":4,\"name\":\"Narz\u0119dzia budowlane\"}]},{\"@type\":\"WebSite\",\"@id\":\"https:\/\/bruk.beskidy.pl\/#website\",\"url\":\"https:\/\/bruk.beskidy.pl\/\",\"name\":\"BRUK - Hurtownia Budowlana Jasienica\",\"description\":\"Zapraszamy do naszej hurtowni budowlanej BRUK, gdzie mo\u017cecie Pa\u0144stwo znale\u017a\u0107 pe\u0142n\u0105 ofert\u0119 materia\u0142\u00f3w budowlanych. Jak w ka\u017cdej hurtowni materia\u0142\u00f3w budowlanych nie jeste\u015bmy w stanie wyeksponowa\u0107 pe\u0142nego zakresu narz\u0119dzi i materia\u0142\u00f3w budowlanych kt\u00f3re mamy w ofercie do sprzeda\u017cy. Wi\u0119kszo\u015b\u0107 materia\u0142\u00f3w budowlanych dostarczamy na zam\u00f3wienie bezpo\u015brednio na budow\u0119.\",\"publisher\":{\"@id\":\"https:\/\/bruk.beskidy.pl\/#organization\"},\"potentialAction\":[{\"@type\":\"SearchAction\",\"target\":{\"@type\":\"EntryPoint\",\"urlTemplate\":\"https:\/\/bruk.beskidy.pl\/?s={search_term_string}\"},\"query-input\":\"required name=search_term_string\"}],\"inLanguage\":\"pl-PL\"},{\"@type\":\"Organization\",\"@id\":\"https:\/\/bruk.beskidy.pl\/#organization\",\"name\":\"BRUK Sylwester Dziatzko\",\"url\":\"https:\/\/bruk.beskidy.pl\/\",\"logo\":{\"@type\":\"ImageObject\",\"inLanguage\":\"pl-PL\",\"@id\":\"https:\/\/bruk.beskidy.pl\/#\/schema\/logo\/image\/\",\"url\":\"https:\/\/bruk.beskidy.pl\/wp-content\/uploads\/2017\/08\/bruk-logo.jpg\",\"contentUrl\":\"https:\/\/bruk.beskidy.pl\/wp-content\/uploads\/2017\/08\/bruk-logo.jpg\",\"width\":120,\"height\":108,\"caption\":\"BRUK Sylwester Dziatzko\"},\"image\":{\"@id\":\"https:\/\/bruk.beskidy.pl\/#\/schema\/logo\/image\/\"},\"sameAs\":[\"https:\/\/www.facebook.com\/BrukSklep\"]}]}<\/script>\n<!-- \/ Yoast SEO plugin. -->","yoast_head_json":{"title":"Narz\u0119dzia budowlane - BRUK - Hurtownia Budowlana Jasienica","robots":{"index":"index","follow":"follow","max-snippet":"max-snippet:-1","max-image-preview":"max-image-preview:large","max-video-preview":"max-video-preview:-1"},"canonical":"https:\/\/bruk.beskidy.pl\/index.php\/bruk-hurtownia-budowlana-jasienica\/oferta\/narzedzia-budowlane\/","og_locale":"pl_PL","og_type":"article","og_title":"Narz\u0119dzia budowlane - BRUK - Hurtownia Budowlana Jasienica","og_description":"Dbaj\u0105c o zakres naszej oferty, dysponujemy asortymentem niezb\u0119dnych narz\u0119dzi: m\u0142otk\u00f3w, siekier, wkr\u0119tak\u00f3w, pi\u0142 czy kluczy. Wsp\u00f3\u0142pracujemy z najlepszymi producentami narz\u0119dzi budowlanych, dzi\u0119ki temu mo\u017cemy zaproponowa\u0107 du\u017cy wyb\u00f3r przyrz\u0105d\u00f3w. Umo\u017cliwiamy zakup pojedynczych narz\u0119dzi lub te\u017c zestaw\u00f3w. Stale poszerzamy ofert\u0119 o narz\u0119dzia ogrodnicze, chemi\u0119 budowlan\u0105, farby, lakiery, impregnaty. Posiadamy mieszalnik farb i tynk\u00f3w, elektronarz\u0119dzia De Walt ; [&hellip;]","og_url":"https:\/\/bruk.beskidy.pl\/index.php\/bruk-hurtownia-budowlana-jasienica\/oferta\/narzedzia-budowlane\/","og_site_name":"BRUK - Hurtownia Budowlana Jasienica","article_publisher":"https:\/\/www.facebook.com\/BrukSklep","article_modified_time":"2020-03-16T10:28:39+00:00","og_image":[{"url":"https:\/\/bruk.beskidy.pl\/wp-content\/uploads\/2020\/03\/89293412_707220693147121_8386839010344960000_n-150x150.jpg"}],"twitter_card":"summary_large_image","schema":{"@context":"https:\/\/schema.org","@graph":[{"@type":"WebPage","@id":"https:\/\/bruk.beskidy.pl\/index.php\/bruk-hurtownia-budowlana-jasienica\/oferta\/narzedzia-budowlane\/","url":"https:\/\/bruk.beskidy.pl\/index.php\/bruk-hurtownia-budowlana-jasienica\/oferta\/narzedzia-budowlane\/","name":"Narz\u0119dzia budowlane - BRUK - Hurtownia Budowlana Jasienica","isPartOf":{"@id":"https:\/\/bruk.beskidy.pl\/#website"},"datePublished":"2016-08-10T09:23:16+00:00","dateModified":"2020-03-16T10:28:39+00:00","breadcrumb":{"@id":"https:\/\/bruk.beskidy.pl\/index.php\/bruk-hurtownia-budowlana-jasienica\/oferta\/narzedzia-budowlane\/#breadcrumb"},"inLanguage":"pl-PL","potentialAction":[{"@type":"ReadAction","target":["https:\/\/bruk.beskidy.pl\/index.php\/bruk-hurtownia-budowlana-jasienica\/oferta\/narzedzia-budowlane\/"]}]},{"@type":"BreadcrumbList","@id":"https:\/\/bruk.beskidy.pl\/index.php\/bruk-hurtownia-budowlana-jasienica\/oferta\/narzedzia-budowlane\/#breadcrumb","itemListElement":[{"@type":"ListItem","position":1,"name":"Strona g\u0142\u00f3wna","item":"https:\/\/bruk.beskidy.pl\/"},{"@type":"ListItem","position":2,"name":"BRUK &#8211; Hurtownia budowlana i us\u0142ugi brukarskie Jasienica i okolice","item":"https:\/\/bruk.beskidy.pl\/"},{"@type":"ListItem","position":3,"name":"Oferta","item":"https:\/\/bruk.beskidy.pl\/index.php\/bruk-hurtownia-budowlana-jasienica\/oferta\/"},{"@type":"ListItem","position":4,"name":"Narz\u0119dzia budowlane"}]},{"@type":"WebSite","@id":"https:\/\/bruk.beskidy.pl\/#website","url":"https:\/\/bruk.beskidy.pl\/","name":"BRUK - Hurtownia Budowlana Jasienica","description":"Zapraszamy do naszej hurtowni budowlanej BRUK, gdzie mo\u017cecie Pa\u0144stwo znale\u017a\u0107 pe\u0142n\u0105 ofert\u0119 materia\u0142\u00f3w budowlanych. Jak w ka\u017cdej hurtowni materia\u0142\u00f3w budowlanych nie jeste\u015bmy w stanie wyeksponowa\u0107 pe\u0142nego zakresu narz\u0119dzi i materia\u0142\u00f3w budowlanych kt\u00f3re mamy w ofercie do sprzeda\u017cy. Wi\u0119kszo\u015b\u0107 materia\u0142\u00f3w budowlanych dostarczamy na zam\u00f3wienie bezpo\u015brednio na budow\u0119.","publisher":{"@id":"https:\/\/bruk.beskidy.pl\/#organization"},"potentialAction":[{"@type":"SearchAction","target":{"@type":"EntryPoint","urlTemplate":"https:\/\/bruk.beskidy.pl\/?s={search_term_string}"},"query-input":"required name=search_term_string"}],"inLanguage":"pl-PL"},{"@type":"Organization","@id":"https:\/\/bruk.beskidy.pl\/#organization","name":"BRUK Sylwester Dziatzko","url":"https:\/\/bruk.beskidy.pl\/","logo":{"@type":"ImageObject","inLanguage":"pl-PL","@id":"https:\/\/bruk.beskidy.pl\/#\/schema\/logo\/image\/","url":"https:\/\/bruk.beskidy.pl\/wp-content\/uploads\/2017\/08\/bruk-logo.jpg","contentUrl":"https:\/\/bruk.beskidy.pl\/wp-content\/uploads\/2017\/08\/bruk-logo.jpg","width":120,"height":108,"caption":"BRUK Sylwester Dziatzko"},"image":{"@id":"https:\/\/bruk.beskidy.pl\/#\/schema\/logo\/image\/"},"sameAs":["https:\/\/www.facebook.com\/BrukSklep"]}]}},"_links":{"self":[{"href":"https:\/\/bruk.beskidy.pl\/index.php\/wp-json\/wp\/v2\/pages\/93"}],"collection":[{"href":"https:\/\/bruk.beskidy.pl\/index.php\/wp-json\/wp\/v2\/pages"}],"about":[{"href":"https:\/\/bruk.beskidy.pl\/index.php\/wp-json\/wp\/v2\/types\/page"}],"author":[{"embeddable":true,"href":"https:\/\/bruk.beskidy.pl\/index.php\/wp-json\/wp\/v2\/users\/1"}],"replies":[{"embeddable":true,"href":"https:\/\/bruk.beskidy.pl\/index.php\/wp-json\/wp\/v2\/comments?post=93"}],"version-history":[{"count":10,"href":"https:\/\/bruk.beskidy.pl\/index.php\/wp-json\/wp\/v2\/pages\/93\/revisions"}],"predecessor-version":[{"id":661,"href":"https:\/\/bruk.beskidy.pl\/index.php\/wp-json\/wp\/v2\/pages\/93\/revisions\/661"}],"up":[{"embeddable":true,"href":"https:\/\/bruk.beskidy.pl\/index.php\/wp-json\/wp\/v2\/pages\/361"}],"wp:attachment":[{"href":"https:\/\/bruk.beskidy.pl\/index.php\/wp-json\/wp\/v2\/media?parent=93"}],"curies":[{"name":"wp","href":"https:\/\/api.w.org\/{rel}","templated":true}]}}