{"id":57,"date":"2016-08-09T10:01:27","date_gmt":"2016-08-09T08:01:27","guid":{"rendered":"http:\/\/bruk.beskidy.pl\/?page_id=57"},"modified":"2016-12-05T22:09:25","modified_gmt":"2016-12-05T21:09:25","slug":"wyposazenie-ogrodow","status":"publish","type":"page","link":"https:\/\/bruk.beskidy.pl\/index.php\/bruk-hurtownia-budowlana-jasienica\/oferta\/wyposazenie-ogrodow\/","title":{"rendered":"Wyposa\u017cenie ogrod\u00f3w"},"content":{"rendered":"<p style=\"text-align: justify;\">Nasza firma opr\u00f3cz us\u0142ug brukarskich i budowlanych oferuje pa\u0144stwu aran\u017cacje i wyposa\u017cenie ogrod\u00f3w.W naszej ofercie znajd\u0105 Pa\u0144stwo szeroki wyb\u00f3r mebli ogrodowych, place zabaw, piaskownice, gazony, donice drewniane, grille, donice kamienne i betonowe oraz kamie\u0144 naturalny.<\/p>\n<p style=\"text-align: justify;\">Oferujemy r\u00f3wnie\u017c fontanny, donice, kolumny oraz rze\u017aby ogrodowe wykonane technik\u0105 Decobranche \u2026to metoda produkcji sztucznego kamienia, kt\u00f3ra \u0142\u0105czy naturalne surowce oraz najnowocze\u015bniejsz\u0105 technologi\u0119. Zajmujemy si\u0119 tak\u017ce aran\u017cacj\u0105 i urz\u0105dzaniem ogrod\u00f3w od podstaw wg projektu.<\/p>\n<p style=\"text-align: justify;\">Dok\u0142adamy wielu stara\u0144, aby nasze us\u0142ugi oraz oferowane wyposa\u017cenie by\u0142y najwy\u017cszej jako\u015bci i spe\u0142nia\u0142y wymagania stawiane przez klient\u00f3w. W siedzibie firmy mo\u017cna zobaczy\u0107 stosowane przez nas materia\u0142y, wybra\u0107, zam\u00f3wi\u0107 poszczeg\u00f3lne elementy architektury ogrodowej.<\/p>\n<p style=\"text-align: justify;\"><strong>Serdecznie zapraszamy do zapoznania si\u0119 z nasz\u0105 ofert\u0105. Zapewniamy mi\u0142\u0105 i fachow\u0105 obs\u0142ug\u0119.<\/strong><\/p>\n","protected":false},"excerpt":{"rendered":"<p>Nasza firma opr\u00f3cz us\u0142ug brukarskich i budowlanych oferuje pa\u0144stwu aran\u017cacje i wyposa\u017cenie ogrod\u00f3w.W naszej ofercie znajd\u0105 Pa\u0144stwo szeroki wyb\u00f3r mebli ogrodowych, place zabaw, piaskownice, gazony, donice drewniane, grille, donice kamienne i betonowe oraz kamie\u0144 naturalny. Oferujemy r\u00f3wnie\u017c fontanny, donice, kolumny oraz rze\u017aby ogrodowe wykonane technik\u0105 Decobranche \u2026to metoda produkcji sztucznego kamienia, kt\u00f3ra \u0142\u0105czy naturalne surowce [&hellip;]<\/p>\n","protected":false},"author":1,"featured_media":0,"parent":361,"menu_order":0,"comment_status":"closed","ping_status":"closed","template":"","meta":{"footnotes":""},"yoast_head":"<!-- This site is optimized with the Yoast SEO plugin v20.4 - https:\/\/yoast.com\/wordpress\/plugins\/seo\/ -->\n<title>Wyposa\u017cenie ogrod\u00f3w - BRUK - Hurtownia Budowlana Jasienica<\/title>\n<meta name=\"robots\" content=\"index, follow, max-snippet:-1, max-image-preview:large, max-video-preview:-1\" \/>\n<link rel=\"canonical\" href=\"https:\/\/bruk.beskidy.pl\/index.php\/bruk-hurtownia-budowlana-jasienica\/oferta\/wyposazenie-ogrodow\/\" \/>\n<meta property=\"og:locale\" content=\"pl_PL\" \/>\n<meta property=\"og:type\" content=\"article\" \/>\n<meta property=\"og:title\" content=\"Wyposa\u017cenie ogrod\u00f3w - BRUK - Hurtownia Budowlana Jasienica\" \/>\n<meta property=\"og:description\" content=\"Nasza firma opr\u00f3cz us\u0142ug brukarskich i budowlanych oferuje pa\u0144stwu aran\u017cacje i wyposa\u017cenie ogrod\u00f3w.W naszej ofercie znajd\u0105 Pa\u0144stwo szeroki wyb\u00f3r mebli ogrodowych, place zabaw, piaskownice, gazony, donice drewniane, grille, donice kamienne i betonowe oraz kamie\u0144 naturalny. Oferujemy r\u00f3wnie\u017c fontanny, donice, kolumny oraz rze\u017aby ogrodowe wykonane technik\u0105 Decobranche \u2026to metoda produkcji sztucznego kamienia, kt\u00f3ra \u0142\u0105czy naturalne surowce [&hellip;]\" \/>\n<meta property=\"og:url\" content=\"https:\/\/bruk.beskidy.pl\/index.php\/bruk-hurtownia-budowlana-jasienica\/oferta\/wyposazenie-ogrodow\/\" \/>\n<meta property=\"og:site_name\" content=\"BRUK - Hurtownia Budowlana Jasienica\" \/>\n<meta property=\"article:publisher\" content=\"https:\/\/www.facebook.com\/BrukSklep\" \/>\n<meta property=\"article:modified_time\" content=\"2016-12-05T21:09:25+00:00\" \/>\n<meta name=\"twitter:card\" content=\"summary_large_image\" \/>\n<meta name=\"twitter:label1\" content=\"Szacowany czas czytania\" \/>\n\t<meta name=\"twitter:data1\" content=\"1 minuta\" \/>\n<script type=\"application\/ld+json\" class=\"yoast-schema-graph\">{\"@context\":\"https:\/\/schema.org\",\"@graph\":[{\"@type\":\"WebPage\",\"@id\":\"https:\/\/bruk.beskidy.pl\/index.php\/bruk-hurtownia-budowlana-jasienica\/oferta\/wyposazenie-ogrodow\/\",\"url\":\"https:\/\/bruk.beskidy.pl\/index.php\/bruk-hurtownia-budowlana-jasienica\/oferta\/wyposazenie-ogrodow\/\",\"name\":\"Wyposa\u017cenie ogrod\u00f3w - BRUK - Hurtownia Budowlana Jasienica\",\"isPartOf\":{\"@id\":\"https:\/\/bruk.beskidy.pl\/#website\"},\"datePublished\":\"2016-08-09T08:01:27+00:00\",\"dateModified\":\"2016-12-05T21:09:25+00:00\",\"breadcrumb\":{\"@id\":\"https:\/\/bruk.beskidy.pl\/index.php\/bruk-hurtownia-budowlana-jasienica\/oferta\/wyposazenie-ogrodow\/#breadcrumb\"},\"inLanguage\":\"pl-PL\",\"potentialAction\":[{\"@type\":\"ReadAction\",\"target\":[\"https:\/\/bruk.beskidy.pl\/index.php\/bruk-hurtownia-budowlana-jasienica\/oferta\/wyposazenie-ogrodow\/\"]}]},{\"@type\":\"BreadcrumbList\",\"@id\":\"https:\/\/bruk.beskidy.pl\/index.php\/bruk-hurtownia-budowlana-jasienica\/oferta\/wyposazenie-ogrodow\/#breadcrumb\",\"itemListElement\":[{\"@type\":\"ListItem\",\"position\":1,\"name\":\"Strona g\u0142\u00f3wna\",\"item\":\"https:\/\/bruk.beskidy.pl\/\"},{\"@type\":\"ListItem\",\"position\":2,\"name\":\"BRUK &#8211; Hurtownia budowlana i us\u0142ugi brukarskie Jasienica i okolice\",\"item\":\"https:\/\/bruk.beskidy.pl\/\"},{\"@type\":\"ListItem\",\"position\":3,\"name\":\"Oferta\",\"item\":\"https:\/\/bruk.beskidy.pl\/index.php\/bruk-hurtownia-budowlana-jasienica\/oferta\/\"},{\"@type\":\"ListItem\",\"position\":4,\"name\":\"Wyposa\u017cenie ogrod\u00f3w\"}]},{\"@type\":\"WebSite\",\"@id\":\"https:\/\/bruk.beskidy.pl\/#website\",\"url\":\"https:\/\/bruk.beskidy.pl\/\",\"name\":\"BRUK - Hurtownia Budowlana Jasienica\",\"description\":\"Zapraszamy do naszej hurtowni budowlanej BRUK, gdzie mo\u017cecie Pa\u0144stwo znale\u017a\u0107 pe\u0142n\u0105 ofert\u0119 materia\u0142\u00f3w budowlanych. Jak w ka\u017cdej hurtowni materia\u0142\u00f3w budowlanych nie jeste\u015bmy w stanie wyeksponowa\u0107 pe\u0142nego zakresu narz\u0119dzi i materia\u0142\u00f3w budowlanych kt\u00f3re mamy w ofercie do sprzeda\u017cy. Wi\u0119kszo\u015b\u0107 materia\u0142\u00f3w budowlanych dostarczamy na zam\u00f3wienie bezpo\u015brednio na budow\u0119.\",\"publisher\":{\"@id\":\"https:\/\/bruk.beskidy.pl\/#organization\"},\"potentialAction\":[{\"@type\":\"SearchAction\",\"target\":{\"@type\":\"EntryPoint\",\"urlTemplate\":\"https:\/\/bruk.beskidy.pl\/?s={search_term_string}\"},\"query-input\":\"required name=search_term_string\"}],\"inLanguage\":\"pl-PL\"},{\"@type\":\"Organization\",\"@id\":\"https:\/\/bruk.beskidy.pl\/#organization\",\"name\":\"BRUK Sylwester Dziatzko\",\"url\":\"https:\/\/bruk.beskidy.pl\/\",\"logo\":{\"@type\":\"ImageObject\",\"inLanguage\":\"pl-PL\",\"@id\":\"https:\/\/bruk.beskidy.pl\/#\/schema\/logo\/image\/\",\"url\":\"https:\/\/bruk.beskidy.pl\/wp-content\/uploads\/2017\/08\/bruk-logo.jpg\",\"contentUrl\":\"https:\/\/bruk.beskidy.pl\/wp-content\/uploads\/2017\/08\/bruk-logo.jpg\",\"width\":120,\"height\":108,\"caption\":\"BRUK Sylwester Dziatzko\"},\"image\":{\"@id\":\"https:\/\/bruk.beskidy.pl\/#\/schema\/logo\/image\/\"},\"sameAs\":[\"https:\/\/www.facebook.com\/BrukSklep\"]}]}<\/script>\n<!-- \/ Yoast SEO plugin. -->","yoast_head_json":{"title":"Wyposa\u017cenie ogrod\u00f3w - BRUK - Hurtownia Budowlana Jasienica","robots":{"index":"index","follow":"follow","max-snippet":"max-snippet:-1","max-image-preview":"max-image-preview:large","max-video-preview":"max-video-preview:-1"},"canonical":"https:\/\/bruk.beskidy.pl\/index.php\/bruk-hurtownia-budowlana-jasienica\/oferta\/wyposazenie-ogrodow\/","og_locale":"pl_PL","og_type":"article","og_title":"Wyposa\u017cenie ogrod\u00f3w - BRUK - Hurtownia Budowlana Jasienica","og_description":"Nasza firma opr\u00f3cz us\u0142ug brukarskich i budowlanych oferuje pa\u0144stwu aran\u017cacje i wyposa\u017cenie ogrod\u00f3w.W naszej ofercie znajd\u0105 Pa\u0144stwo szeroki wyb\u00f3r mebli ogrodowych, place zabaw, piaskownice, gazony, donice drewniane, grille, donice kamienne i betonowe oraz kamie\u0144 naturalny. Oferujemy r\u00f3wnie\u017c fontanny, donice, kolumny oraz rze\u017aby ogrodowe wykonane technik\u0105 Decobranche \u2026to metoda produkcji sztucznego kamienia, kt\u00f3ra \u0142\u0105czy naturalne surowce [&hellip;]","og_url":"https:\/\/bruk.beskidy.pl\/index.php\/bruk-hurtownia-budowlana-jasienica\/oferta\/wyposazenie-ogrodow\/","og_site_name":"BRUK - Hurtownia Budowlana Jasienica","article_publisher":"https:\/\/www.facebook.com\/BrukSklep","article_modified_time":"2016-12-05T21:09:25+00:00","twitter_card":"summary_large_image","twitter_misc":{"Szacowany czas czytania":"1 minuta"},"schema":{"@context":"https:\/\/schema.org","@graph":[{"@type":"WebPage","@id":"https:\/\/bruk.beskidy.pl\/index.php\/bruk-hurtownia-budowlana-jasienica\/oferta\/wyposazenie-ogrodow\/","url":"https:\/\/bruk.beskidy.pl\/index.php\/bruk-hurtownia-budowlana-jasienica\/oferta\/wyposazenie-ogrodow\/","name":"Wyposa\u017cenie ogrod\u00f3w - BRUK - Hurtownia Budowlana Jasienica","isPartOf":{"@id":"https:\/\/bruk.beskidy.pl\/#website"},"datePublished":"2016-08-09T08:01:27+00:00","dateModified":"2016-12-05T21:09:25+00:00","breadcrumb":{"@id":"https:\/\/bruk.beskidy.pl\/index.php\/bruk-hurtownia-budowlana-jasienica\/oferta\/wyposazenie-ogrodow\/#breadcrumb"},"inLanguage":"pl-PL","potentialAction":[{"@type":"ReadAction","target":["https:\/\/bruk.beskidy.pl\/index.php\/bruk-hurtownia-budowlana-jasienica\/oferta\/wyposazenie-ogrodow\/"]}]},{"@type":"BreadcrumbList","@id":"https:\/\/bruk.beskidy.pl\/index.php\/bruk-hurtownia-budowlana-jasienica\/oferta\/wyposazenie-ogrodow\/#breadcrumb","itemListElement":[{"@type":"ListItem","position":1,"name":"Strona g\u0142\u00f3wna","item":"https:\/\/bruk.beskidy.pl\/"},{"@type":"ListItem","position":2,"name":"BRUK &#8211; Hurtownia budowlana i us\u0142ugi brukarskie Jasienica i okolice","item":"https:\/\/bruk.beskidy.pl\/"},{"@type":"ListItem","position":3,"name":"Oferta","item":"https:\/\/bruk.beskidy.pl\/index.php\/bruk-hurtownia-budowlana-jasienica\/oferta\/"},{"@type":"ListItem","position":4,"name":"Wyposa\u017cenie ogrod\u00f3w"}]},{"@type":"WebSite","@id":"https:\/\/bruk.beskidy.pl\/#website","url":"https:\/\/bruk.beskidy.pl\/","name":"BRUK - Hurtownia Budowlana Jasienica","description":"Zapraszamy do naszej hurtowni budowlanej BRUK, gdzie mo\u017cecie Pa\u0144stwo znale\u017a\u0107 pe\u0142n\u0105 ofert\u0119 materia\u0142\u00f3w budowlanych. Jak w ka\u017cdej hurtowni materia\u0142\u00f3w budowlanych nie jeste\u015bmy w stanie wyeksponowa\u0107 pe\u0142nego zakresu narz\u0119dzi i materia\u0142\u00f3w budowlanych kt\u00f3re mamy w ofercie do sprzeda\u017cy. Wi\u0119kszo\u015b\u0107 materia\u0142\u00f3w budowlanych dostarczamy na zam\u00f3wienie bezpo\u015brednio na budow\u0119.","publisher":{"@id":"https:\/\/bruk.beskidy.pl\/#organization"},"potentialAction":[{"@type":"SearchAction","target":{"@type":"EntryPoint","urlTemplate":"https:\/\/bruk.beskidy.pl\/?s={search_term_string}"},"query-input":"required name=search_term_string"}],"inLanguage":"pl-PL"},{"@type":"Organization","@id":"https:\/\/bruk.beskidy.pl\/#organization","name":"BRUK Sylwester Dziatzko","url":"https:\/\/bruk.beskidy.pl\/","logo":{"@type":"ImageObject","inLanguage":"pl-PL","@id":"https:\/\/bruk.beskidy.pl\/#\/schema\/logo\/image\/","url":"https:\/\/bruk.beskidy.pl\/wp-content\/uploads\/2017\/08\/bruk-logo.jpg","contentUrl":"https:\/\/bruk.beskidy.pl\/wp-content\/uploads\/2017\/08\/bruk-logo.jpg","width":120,"height":108,"caption":"BRUK Sylwester Dziatzko"},"image":{"@id":"https:\/\/bruk.beskidy.pl\/#\/schema\/logo\/image\/"},"sameAs":["https:\/\/www.facebook.com\/BrukSklep"]}]}},"_links":{"self":[{"href":"https:\/\/bruk.beskidy.pl\/index.php\/wp-json\/wp\/v2\/pages\/57"}],"collection":[{"href":"https:\/\/bruk.beskidy.pl\/index.php\/wp-json\/wp\/v2\/pages"}],"about":[{"href":"https:\/\/bruk.beskidy.pl\/index.php\/wp-json\/wp\/v2\/types\/page"}],"author":[{"embeddable":true,"href":"https:\/\/bruk.beskidy.pl\/index.php\/wp-json\/wp\/v2\/users\/1"}],"replies":[{"embeddable":true,"href":"https:\/\/bruk.beskidy.pl\/index.php\/wp-json\/wp\/v2\/comments?post=57"}],"version-history":[{"count":1,"href":"https:\/\/bruk.beskidy.pl\/index.php\/wp-json\/wp\/v2\/pages\/57\/revisions"}],"predecessor-version":[{"id":58,"href":"https:\/\/bruk.beskidy.pl\/index.php\/wp-json\/wp\/v2\/pages\/57\/revisions\/58"}],"up":[{"embeddable":true,"href":"https:\/\/bruk.beskidy.pl\/index.php\/wp-json\/wp\/v2\/pages\/361"}],"wp:attachment":[{"href":"https:\/\/bruk.beskidy.pl\/index.php\/wp-json\/wp\/v2\/media?parent=57"}],"curies":[{"name":"wp","href":"https:\/\/api.w.org\/{rel}","templated":true}]}}