{"id":54,"date":"2016-08-09T09:58:21","date_gmt":"2016-08-09T07:58:21","guid":{"rendered":"http:\/\/bruk.beskidy.pl\/?page_id=54"},"modified":"2016-12-05T22:09:05","modified_gmt":"2016-12-05T21:09:05","slug":"certyfikaty-energetyczne-budynkow","status":"publish","type":"page","link":"https:\/\/bruk.beskidy.pl\/index.php\/bruk-hurtownia-budowlana-jasienica\/oferta\/certyfikaty-energetyczne-budynkow\/","title":{"rendered":"Certyfikaty energetyczne budynk\u00f3w"},"content":{"rendered":"<p style=\"text-align: justify;\">Na mocy z <a href=\"https:\/\/termodom.pl\/epbd\/dyrektywa_epbd\/dyrektywa_epbd\" target=\"_blank\">Dyrektywy 2002\/91 Unii Europejskiej<\/a>, od pocz\u0105tku 2009 roku ka\u017cdy budynek w Polsce powinien posiada\u0107 Certyfikat Energetyczny. Niniejsza dyrektywa, nakazuje oceni\u0107 budynek z uwagi na zapotrzebowanie na energi\u0119 ca\u0142kowit\u0105 wykorzystywan\u0105 na wszystkie cele eksploatacyjne. W\u0142a\u015bciciele budynk\u00f3w oraz mieszka\u0144, chc\u0105cy je sprzeda\u0107 lub wynaj\u0105\u0107, powinni uzyska\u0107 dla swoich nieruchomo\u015bci \u015bwiadectwo charakterystyki energetycznej, tak\u017ce dla budynku, gdy w wyniku przebudowy lub remontu uleg\u0142a jego charakterystyka energetyczna. Inwestorzy, kt\u00f3rzy chc\u0105 uzyska\u0107 decyzj\u0119 zezwalaj\u0105c\u0105 na u\u017cytkowanie budynku, r\u00f3wnie\u017c musz\u0105 do wniosku do\u0142\u0105czy\u0107 \u015bwiadectwo charakterystyki energetycznej .<\/p>\n<p style=\"text-align: justify;\">\u015awiadectwo jest sporz\u0105dzane na podstawie oceny energetycznej, polegaj\u0105cej na okre\u015bleniu wielu r\u00f3\u017cnych parametr\u00f3w energetycznych (zintegrowanej charakterystyce energetycznej).<\/p>\n<p style=\"text-align: justify;\">Podstaw\u0105 do sporz\u0105dzenia \u015bwiadectwa charakterystyki energetycznej jest charakterystyka energetyczna budynku, okre\u015blona w dokumentacji technicznej lub dla budynku istniej\u0105cego, je\u015bli brak jest dla niego dokumentacji technicznej &#8211; wyznaczana w wyniku inwentaryzacji techniczno-budowlanej. Charakterystyka energetyczna jest to zbi\u00f3r danych i wska\u017anik\u00f3w energetycznych budynku dotycz\u0105cych obliczeniowego zapotrzebowania budynku na energi\u0119 na cele centralnego ogrzewania, ciep\u0142ej wody, wentylacji i klimatyzacji, a w przypadku budynku u\u017cyteczno\u015bci publicznej tak\u017ce o\u015bwietlenia.<\/p>\n<p style=\"text-align: justify;\"><strong>Nasza firma posiada uprawnienia do sporz\u0105dzenia \u015bwiadectwa charakterystyki energetycznej i wykonuje je w atrakcyjnej cenie.<\/strong><\/p>\n","protected":false},"excerpt":{"rendered":"<p>Na mocy z Dyrektywy 2002\/91 Unii Europejskiej, od pocz\u0105tku 2009 roku ka\u017cdy budynek w Polsce powinien posiada\u0107 Certyfikat Energetyczny. Niniejsza dyrektywa, nakazuje oceni\u0107 budynek z uwagi na zapotrzebowanie na energi\u0119 ca\u0142kowit\u0105 wykorzystywan\u0105 na wszystkie cele eksploatacyjne. W\u0142a\u015bciciele budynk\u00f3w oraz mieszka\u0144, chc\u0105cy je sprzeda\u0107 lub wynaj\u0105\u0107, powinni uzyska\u0107 dla swoich nieruchomo\u015bci \u015bwiadectwo charakterystyki energetycznej, tak\u017ce dla [&hellip;]<\/p>\n","protected":false},"author":1,"featured_media":0,"parent":361,"menu_order":0,"comment_status":"closed","ping_status":"closed","template":"","meta":{"footnotes":""},"yoast_head":"<!-- This site is optimized with the Yoast SEO plugin v20.4 - https:\/\/yoast.com\/wordpress\/plugins\/seo\/ -->\n<title>Certyfikaty energetyczne budynk\u00f3w - BRUK - Hurtownia Budowlana Jasienica<\/title>\n<meta name=\"robots\" content=\"index, follow, max-snippet:-1, max-image-preview:large, max-video-preview:-1\" \/>\n<link rel=\"canonical\" href=\"https:\/\/bruk.beskidy.pl\/index.php\/bruk-hurtownia-budowlana-jasienica\/oferta\/certyfikaty-energetyczne-budynkow\/\" \/>\n<meta property=\"og:locale\" content=\"pl_PL\" \/>\n<meta property=\"og:type\" content=\"article\" \/>\n<meta property=\"og:title\" content=\"Certyfikaty energetyczne budynk\u00f3w - BRUK - Hurtownia Budowlana Jasienica\" \/>\n<meta property=\"og:description\" content=\"Na mocy z Dyrektywy 2002\/91 Unii Europejskiej, od pocz\u0105tku 2009 roku ka\u017cdy budynek w Polsce powinien posiada\u0107 Certyfikat Energetyczny. Niniejsza dyrektywa, nakazuje oceni\u0107 budynek z uwagi na zapotrzebowanie na energi\u0119 ca\u0142kowit\u0105 wykorzystywan\u0105 na wszystkie cele eksploatacyjne. W\u0142a\u015bciciele budynk\u00f3w oraz mieszka\u0144, chc\u0105cy je sprzeda\u0107 lub wynaj\u0105\u0107, powinni uzyska\u0107 dla swoich nieruchomo\u015bci \u015bwiadectwo charakterystyki energetycznej, tak\u017ce dla [&hellip;]\" \/>\n<meta property=\"og:url\" content=\"https:\/\/bruk.beskidy.pl\/index.php\/bruk-hurtownia-budowlana-jasienica\/oferta\/certyfikaty-energetyczne-budynkow\/\" \/>\n<meta property=\"og:site_name\" content=\"BRUK - Hurtownia Budowlana Jasienica\" \/>\n<meta property=\"article:publisher\" content=\"https:\/\/www.facebook.com\/BrukSklep\" \/>\n<meta property=\"article:modified_time\" content=\"2016-12-05T21:09:05+00:00\" \/>\n<meta name=\"twitter:card\" content=\"summary_large_image\" \/>\n<meta name=\"twitter:label1\" content=\"Szacowany czas czytania\" \/>\n\t<meta name=\"twitter:data1\" content=\"1 minuta\" \/>\n<script type=\"application\/ld+json\" class=\"yoast-schema-graph\">{\"@context\":\"https:\/\/schema.org\",\"@graph\":[{\"@type\":\"WebPage\",\"@id\":\"https:\/\/bruk.beskidy.pl\/index.php\/bruk-hurtownia-budowlana-jasienica\/oferta\/certyfikaty-energetyczne-budynkow\/\",\"url\":\"https:\/\/bruk.beskidy.pl\/index.php\/bruk-hurtownia-budowlana-jasienica\/oferta\/certyfikaty-energetyczne-budynkow\/\",\"name\":\"Certyfikaty energetyczne budynk\u00f3w - BRUK - Hurtownia Budowlana Jasienica\",\"isPartOf\":{\"@id\":\"https:\/\/bruk.beskidy.pl\/#website\"},\"datePublished\":\"2016-08-09T07:58:21+00:00\",\"dateModified\":\"2016-12-05T21:09:05+00:00\",\"breadcrumb\":{\"@id\":\"https:\/\/bruk.beskidy.pl\/index.php\/bruk-hurtownia-budowlana-jasienica\/oferta\/certyfikaty-energetyczne-budynkow\/#breadcrumb\"},\"inLanguage\":\"pl-PL\",\"potentialAction\":[{\"@type\":\"ReadAction\",\"target\":[\"https:\/\/bruk.beskidy.pl\/index.php\/bruk-hurtownia-budowlana-jasienica\/oferta\/certyfikaty-energetyczne-budynkow\/\"]}]},{\"@type\":\"BreadcrumbList\",\"@id\":\"https:\/\/bruk.beskidy.pl\/index.php\/bruk-hurtownia-budowlana-jasienica\/oferta\/certyfikaty-energetyczne-budynkow\/#breadcrumb\",\"itemListElement\":[{\"@type\":\"ListItem\",\"position\":1,\"name\":\"Strona g\u0142\u00f3wna\",\"item\":\"https:\/\/bruk.beskidy.pl\/\"},{\"@type\":\"ListItem\",\"position\":2,\"name\":\"BRUK &#8211; Hurtownia budowlana i us\u0142ugi brukarskie Jasienica i okolice\",\"item\":\"https:\/\/bruk.beskidy.pl\/\"},{\"@type\":\"ListItem\",\"position\":3,\"name\":\"Oferta\",\"item\":\"https:\/\/bruk.beskidy.pl\/index.php\/bruk-hurtownia-budowlana-jasienica\/oferta\/\"},{\"@type\":\"ListItem\",\"position\":4,\"name\":\"Certyfikaty energetyczne budynk\u00f3w\"}]},{\"@type\":\"WebSite\",\"@id\":\"https:\/\/bruk.beskidy.pl\/#website\",\"url\":\"https:\/\/bruk.beskidy.pl\/\",\"name\":\"BRUK - Hurtownia Budowlana Jasienica\",\"description\":\"Zapraszamy do naszej hurtowni budowlanej BRUK, gdzie mo\u017cecie Pa\u0144stwo znale\u017a\u0107 pe\u0142n\u0105 ofert\u0119 materia\u0142\u00f3w budowlanych. Jak w ka\u017cdej hurtowni materia\u0142\u00f3w budowlanych nie jeste\u015bmy w stanie wyeksponowa\u0107 pe\u0142nego zakresu narz\u0119dzi i materia\u0142\u00f3w budowlanych kt\u00f3re mamy w ofercie do sprzeda\u017cy. Wi\u0119kszo\u015b\u0107 materia\u0142\u00f3w budowlanych dostarczamy na zam\u00f3wienie bezpo\u015brednio na budow\u0119.\",\"publisher\":{\"@id\":\"https:\/\/bruk.beskidy.pl\/#organization\"},\"potentialAction\":[{\"@type\":\"SearchAction\",\"target\":{\"@type\":\"EntryPoint\",\"urlTemplate\":\"https:\/\/bruk.beskidy.pl\/?s={search_term_string}\"},\"query-input\":\"required name=search_term_string\"}],\"inLanguage\":\"pl-PL\"},{\"@type\":\"Organization\",\"@id\":\"https:\/\/bruk.beskidy.pl\/#organization\",\"name\":\"BRUK Sylwester Dziatzko\",\"url\":\"https:\/\/bruk.beskidy.pl\/\",\"logo\":{\"@type\":\"ImageObject\",\"inLanguage\":\"pl-PL\",\"@id\":\"https:\/\/bruk.beskidy.pl\/#\/schema\/logo\/image\/\",\"url\":\"https:\/\/bruk.beskidy.pl\/wp-content\/uploads\/2017\/08\/bruk-logo.jpg\",\"contentUrl\":\"https:\/\/bruk.beskidy.pl\/wp-content\/uploads\/2017\/08\/bruk-logo.jpg\",\"width\":120,\"height\":108,\"caption\":\"BRUK Sylwester Dziatzko\"},\"image\":{\"@id\":\"https:\/\/bruk.beskidy.pl\/#\/schema\/logo\/image\/\"},\"sameAs\":[\"https:\/\/www.facebook.com\/BrukSklep\"]}]}<\/script>\n<!-- \/ Yoast SEO plugin. -->","yoast_head_json":{"title":"Certyfikaty energetyczne budynk\u00f3w - BRUK - Hurtownia Budowlana Jasienica","robots":{"index":"index","follow":"follow","max-snippet":"max-snippet:-1","max-image-preview":"max-image-preview:large","max-video-preview":"max-video-preview:-1"},"canonical":"https:\/\/bruk.beskidy.pl\/index.php\/bruk-hurtownia-budowlana-jasienica\/oferta\/certyfikaty-energetyczne-budynkow\/","og_locale":"pl_PL","og_type":"article","og_title":"Certyfikaty energetyczne budynk\u00f3w - BRUK - Hurtownia Budowlana Jasienica","og_description":"Na mocy z Dyrektywy 2002\/91 Unii Europejskiej, od pocz\u0105tku 2009 roku ka\u017cdy budynek w Polsce powinien posiada\u0107 Certyfikat Energetyczny. Niniejsza dyrektywa, nakazuje oceni\u0107 budynek z uwagi na zapotrzebowanie na energi\u0119 ca\u0142kowit\u0105 wykorzystywan\u0105 na wszystkie cele eksploatacyjne. W\u0142a\u015bciciele budynk\u00f3w oraz mieszka\u0144, chc\u0105cy je sprzeda\u0107 lub wynaj\u0105\u0107, powinni uzyska\u0107 dla swoich nieruchomo\u015bci \u015bwiadectwo charakterystyki energetycznej, tak\u017ce dla [&hellip;]","og_url":"https:\/\/bruk.beskidy.pl\/index.php\/bruk-hurtownia-budowlana-jasienica\/oferta\/certyfikaty-energetyczne-budynkow\/","og_site_name":"BRUK - Hurtownia Budowlana Jasienica","article_publisher":"https:\/\/www.facebook.com\/BrukSklep","article_modified_time":"2016-12-05T21:09:05+00:00","twitter_card":"summary_large_image","twitter_misc":{"Szacowany czas czytania":"1 minuta"},"schema":{"@context":"https:\/\/schema.org","@graph":[{"@type":"WebPage","@id":"https:\/\/bruk.beskidy.pl\/index.php\/bruk-hurtownia-budowlana-jasienica\/oferta\/certyfikaty-energetyczne-budynkow\/","url":"https:\/\/bruk.beskidy.pl\/index.php\/bruk-hurtownia-budowlana-jasienica\/oferta\/certyfikaty-energetyczne-budynkow\/","name":"Certyfikaty energetyczne budynk\u00f3w - BRUK - Hurtownia Budowlana Jasienica","isPartOf":{"@id":"https:\/\/bruk.beskidy.pl\/#website"},"datePublished":"2016-08-09T07:58:21+00:00","dateModified":"2016-12-05T21:09:05+00:00","breadcrumb":{"@id":"https:\/\/bruk.beskidy.pl\/index.php\/bruk-hurtownia-budowlana-jasienica\/oferta\/certyfikaty-energetyczne-budynkow\/#breadcrumb"},"inLanguage":"pl-PL","potentialAction":[{"@type":"ReadAction","target":["https:\/\/bruk.beskidy.pl\/index.php\/bruk-hurtownia-budowlana-jasienica\/oferta\/certyfikaty-energetyczne-budynkow\/"]}]},{"@type":"BreadcrumbList","@id":"https:\/\/bruk.beskidy.pl\/index.php\/bruk-hurtownia-budowlana-jasienica\/oferta\/certyfikaty-energetyczne-budynkow\/#breadcrumb","itemListElement":[{"@type":"ListItem","position":1,"name":"Strona g\u0142\u00f3wna","item":"https:\/\/bruk.beskidy.pl\/"},{"@type":"ListItem","position":2,"name":"BRUK &#8211; Hurtownia budowlana i us\u0142ugi brukarskie Jasienica i okolice","item":"https:\/\/bruk.beskidy.pl\/"},{"@type":"ListItem","position":3,"name":"Oferta","item":"https:\/\/bruk.beskidy.pl\/index.php\/bruk-hurtownia-budowlana-jasienica\/oferta\/"},{"@type":"ListItem","position":4,"name":"Certyfikaty energetyczne budynk\u00f3w"}]},{"@type":"WebSite","@id":"https:\/\/bruk.beskidy.pl\/#website","url":"https:\/\/bruk.beskidy.pl\/","name":"BRUK - Hurtownia Budowlana Jasienica","description":"Zapraszamy do naszej hurtowni budowlanej BRUK, gdzie mo\u017cecie Pa\u0144stwo znale\u017a\u0107 pe\u0142n\u0105 ofert\u0119 materia\u0142\u00f3w budowlanych. Jak w ka\u017cdej hurtowni materia\u0142\u00f3w budowlanych nie jeste\u015bmy w stanie wyeksponowa\u0107 pe\u0142nego zakresu narz\u0119dzi i materia\u0142\u00f3w budowlanych kt\u00f3re mamy w ofercie do sprzeda\u017cy. Wi\u0119kszo\u015b\u0107 materia\u0142\u00f3w budowlanych dostarczamy na zam\u00f3wienie bezpo\u015brednio na budow\u0119.","publisher":{"@id":"https:\/\/bruk.beskidy.pl\/#organization"},"potentialAction":[{"@type":"SearchAction","target":{"@type":"EntryPoint","urlTemplate":"https:\/\/bruk.beskidy.pl\/?s={search_term_string}"},"query-input":"required name=search_term_string"}],"inLanguage":"pl-PL"},{"@type":"Organization","@id":"https:\/\/bruk.beskidy.pl\/#organization","name":"BRUK Sylwester Dziatzko","url":"https:\/\/bruk.beskidy.pl\/","logo":{"@type":"ImageObject","inLanguage":"pl-PL","@id":"https:\/\/bruk.beskidy.pl\/#\/schema\/logo\/image\/","url":"https:\/\/bruk.beskidy.pl\/wp-content\/uploads\/2017\/08\/bruk-logo.jpg","contentUrl":"https:\/\/bruk.beskidy.pl\/wp-content\/uploads\/2017\/08\/bruk-logo.jpg","width":120,"height":108,"caption":"BRUK Sylwester Dziatzko"},"image":{"@id":"https:\/\/bruk.beskidy.pl\/#\/schema\/logo\/image\/"},"sameAs":["https:\/\/www.facebook.com\/BrukSklep"]}]}},"_links":{"self":[{"href":"https:\/\/bruk.beskidy.pl\/index.php\/wp-json\/wp\/v2\/pages\/54"}],"collection":[{"href":"https:\/\/bruk.beskidy.pl\/index.php\/wp-json\/wp\/v2\/pages"}],"about":[{"href":"https:\/\/bruk.beskidy.pl\/index.php\/wp-json\/wp\/v2\/types\/page"}],"author":[{"embeddable":true,"href":"https:\/\/bruk.beskidy.pl\/index.php\/wp-json\/wp\/v2\/users\/1"}],"replies":[{"embeddable":true,"href":"https:\/\/bruk.beskidy.pl\/index.php\/wp-json\/wp\/v2\/comments?post=54"}],"version-history":[{"count":2,"href":"https:\/\/bruk.beskidy.pl\/index.php\/wp-json\/wp\/v2\/pages\/54\/revisions"}],"predecessor-version":[{"id":295,"href":"https:\/\/bruk.beskidy.pl\/index.php\/wp-json\/wp\/v2\/pages\/54\/revisions\/295"}],"up":[{"embeddable":true,"href":"https:\/\/bruk.beskidy.pl\/index.php\/wp-json\/wp\/v2\/pages\/361"}],"wp:attachment":[{"href":"https:\/\/bruk.beskidy.pl\/index.php\/wp-json\/wp\/v2\/media?parent=54"}],"curies":[{"name":"wp","href":"https:\/\/api.w.org\/{rel}","templated":true}]}}