{"id":50,"date":"2016-08-09T09:41:13","date_gmt":"2016-08-09T07:41:13","guid":{"rendered":"http:\/\/bruk.beskidy.pl\/?page_id=50"},"modified":"2016-12-05T22:08:01","modified_gmt":"2016-12-05T21:08:01","slug":"uslugi-budowlane","status":"publish","type":"page","link":"https:\/\/bruk.beskidy.pl\/index.php\/bruk-hurtownia-budowlana-jasienica\/oferta\/uslugi-budowlane\/","title":{"rendered":"Us\u0142ugi budowlane"},"content":{"rendered":"<p style=\"text-align: justify;\">Zajmujemy si\u0119 r\u00f3wnie\u017c us\u0142ugami remontowo-budowlanymi, lecz na du\u017co mniejsz\u0105 skale ni\u017c brukarstwem, co nie znaczy, \u017ce traktujemy je mniej profesjonalnie.<\/p>\n<ul style=\"text-align: justify;\">\n<li>Budujemy ogrodzenia: betonowe z prefabrykat\u00f3w. z siatki,z klinkieru oraz kamienia naturalnego.<\/li>\n<li>Robimy fundamenty, murujemy, tynkujemy, zak\u0142adamy kanalizacje, robimy wyburzenia i przebudowy oraz wszelkie prace przy pomocy koparko-\u0142adowarki CASE,<\/li>\n<li>szczeg\u00f3lnie w okresie zimowym zajmujemy si\u0119 ocieplaniem poddaszy, monta\u017cem p\u0142yt gipsowo-kartonowych, szpachlowaniem, malowaniem.<\/li>\n<\/ul>\n<p style=\"text-align: justify;\">W przypadku du\u017cych opad\u00f3w \u015bniegu usuwamy te\u017c nadmiar \u015bniegu z dach\u00f3w, na co pozwalaj\u0105 nam badania wysoko\u015bciowe za\u0142ogi.<br \/>\nW przesz\u0142o\u015bci wykonywali\u015bmy r\u00f3wnie\u017c bardziej nietypowe zlecenia jeste\u015bmy bardzo elastyczni i staramy si\u0119 dopasowa\u0107 do potrzeb klient\u00f3w, nieustannie podnosz\u0105c nasze kwalifikacje zawodowe.<\/p>\n<p style=\"text-align: justify;\"><strong>Masz problem? &#8211; zadzwo\u0144 na pewno wsp\u00f3lnie uda nam si\u0119 go rozwi\u0105za\u0107.<\/strong><\/p>\n","protected":false},"excerpt":{"rendered":"<p>Zajmujemy si\u0119 r\u00f3wnie\u017c us\u0142ugami remontowo-budowlanymi, lecz na du\u017co mniejsz\u0105 skale ni\u017c brukarstwem, co nie znaczy, \u017ce traktujemy je mniej profesjonalnie. Budujemy ogrodzenia: betonowe z prefabrykat\u00f3w. z siatki,z klinkieru oraz kamienia naturalnego. Robimy fundamenty, murujemy, tynkujemy, zak\u0142adamy kanalizacje, robimy wyburzenia i przebudowy oraz wszelkie prace przy pomocy koparko-\u0142adowarki CASE, szczeg\u00f3lnie w okresie zimowym zajmujemy si\u0119 ocieplaniem [&hellip;]<\/p>\n","protected":false},"author":1,"featured_media":0,"parent":361,"menu_order":0,"comment_status":"closed","ping_status":"closed","template":"","meta":{"footnotes":""},"yoast_head":"<!-- This site is optimized with the Yoast SEO plugin v20.4 - https:\/\/yoast.com\/wordpress\/plugins\/seo\/ -->\n<title>Us\u0142ugi budowlane - BRUK - Hurtownia Budowlana Jasienica<\/title>\n<meta name=\"robots\" content=\"index, follow, max-snippet:-1, max-image-preview:large, max-video-preview:-1\" \/>\n<link rel=\"canonical\" href=\"https:\/\/bruk.beskidy.pl\/index.php\/bruk-hurtownia-budowlana-jasienica\/oferta\/uslugi-budowlane\/\" \/>\n<meta property=\"og:locale\" content=\"pl_PL\" \/>\n<meta property=\"og:type\" content=\"article\" \/>\n<meta property=\"og:title\" content=\"Us\u0142ugi budowlane - BRUK - Hurtownia Budowlana Jasienica\" \/>\n<meta property=\"og:description\" content=\"Zajmujemy si\u0119 r\u00f3wnie\u017c us\u0142ugami remontowo-budowlanymi, lecz na du\u017co mniejsz\u0105 skale ni\u017c brukarstwem, co nie znaczy, \u017ce traktujemy je mniej profesjonalnie. Budujemy ogrodzenia: betonowe z prefabrykat\u00f3w. z siatki,z klinkieru oraz kamienia naturalnego. Robimy fundamenty, murujemy, tynkujemy, zak\u0142adamy kanalizacje, robimy wyburzenia i przebudowy oraz wszelkie prace przy pomocy koparko-\u0142adowarki CASE, szczeg\u00f3lnie w okresie zimowym zajmujemy si\u0119 ocieplaniem [&hellip;]\" \/>\n<meta property=\"og:url\" content=\"https:\/\/bruk.beskidy.pl\/index.php\/bruk-hurtownia-budowlana-jasienica\/oferta\/uslugi-budowlane\/\" \/>\n<meta property=\"og:site_name\" content=\"BRUK - Hurtownia Budowlana Jasienica\" \/>\n<meta property=\"article:publisher\" content=\"https:\/\/www.facebook.com\/BrukSklep\" \/>\n<meta property=\"article:modified_time\" content=\"2016-12-05T21:08:01+00:00\" \/>\n<meta name=\"twitter:card\" content=\"summary_large_image\" \/>\n<meta name=\"twitter:label1\" content=\"Szacowany czas czytania\" \/>\n\t<meta name=\"twitter:data1\" content=\"1 minuta\" \/>\n<script type=\"application\/ld+json\" class=\"yoast-schema-graph\">{\"@context\":\"https:\/\/schema.org\",\"@graph\":[{\"@type\":\"WebPage\",\"@id\":\"https:\/\/bruk.beskidy.pl\/index.php\/bruk-hurtownia-budowlana-jasienica\/oferta\/uslugi-budowlane\/\",\"url\":\"https:\/\/bruk.beskidy.pl\/index.php\/bruk-hurtownia-budowlana-jasienica\/oferta\/uslugi-budowlane\/\",\"name\":\"Us\u0142ugi budowlane - BRUK - Hurtownia Budowlana Jasienica\",\"isPartOf\":{\"@id\":\"https:\/\/bruk.beskidy.pl\/#website\"},\"datePublished\":\"2016-08-09T07:41:13+00:00\",\"dateModified\":\"2016-12-05T21:08:01+00:00\",\"breadcrumb\":{\"@id\":\"https:\/\/bruk.beskidy.pl\/index.php\/bruk-hurtownia-budowlana-jasienica\/oferta\/uslugi-budowlane\/#breadcrumb\"},\"inLanguage\":\"pl-PL\",\"potentialAction\":[{\"@type\":\"ReadAction\",\"target\":[\"https:\/\/bruk.beskidy.pl\/index.php\/bruk-hurtownia-budowlana-jasienica\/oferta\/uslugi-budowlane\/\"]}]},{\"@type\":\"BreadcrumbList\",\"@id\":\"https:\/\/bruk.beskidy.pl\/index.php\/bruk-hurtownia-budowlana-jasienica\/oferta\/uslugi-budowlane\/#breadcrumb\",\"itemListElement\":[{\"@type\":\"ListItem\",\"position\":1,\"name\":\"Strona g\u0142\u00f3wna\",\"item\":\"https:\/\/bruk.beskidy.pl\/\"},{\"@type\":\"ListItem\",\"position\":2,\"name\":\"BRUK &#8211; Hurtownia budowlana i us\u0142ugi brukarskie Jasienica i okolice\",\"item\":\"https:\/\/bruk.beskidy.pl\/\"},{\"@type\":\"ListItem\",\"position\":3,\"name\":\"Oferta\",\"item\":\"https:\/\/bruk.beskidy.pl\/index.php\/bruk-hurtownia-budowlana-jasienica\/oferta\/\"},{\"@type\":\"ListItem\",\"position\":4,\"name\":\"Us\u0142ugi budowlane\"}]},{\"@type\":\"WebSite\",\"@id\":\"https:\/\/bruk.beskidy.pl\/#website\",\"url\":\"https:\/\/bruk.beskidy.pl\/\",\"name\":\"BRUK - Hurtownia Budowlana Jasienica\",\"description\":\"Zapraszamy do naszej hurtowni budowlanej BRUK, gdzie mo\u017cecie Pa\u0144stwo znale\u017a\u0107 pe\u0142n\u0105 ofert\u0119 materia\u0142\u00f3w budowlanych. Jak w ka\u017cdej hurtowni materia\u0142\u00f3w budowlanych nie jeste\u015bmy w stanie wyeksponowa\u0107 pe\u0142nego zakresu narz\u0119dzi i materia\u0142\u00f3w budowlanych kt\u00f3re mamy w ofercie do sprzeda\u017cy. Wi\u0119kszo\u015b\u0107 materia\u0142\u00f3w budowlanych dostarczamy na zam\u00f3wienie bezpo\u015brednio na budow\u0119.\",\"publisher\":{\"@id\":\"https:\/\/bruk.beskidy.pl\/#organization\"},\"potentialAction\":[{\"@type\":\"SearchAction\",\"target\":{\"@type\":\"EntryPoint\",\"urlTemplate\":\"https:\/\/bruk.beskidy.pl\/?s={search_term_string}\"},\"query-input\":\"required name=search_term_string\"}],\"inLanguage\":\"pl-PL\"},{\"@type\":\"Organization\",\"@id\":\"https:\/\/bruk.beskidy.pl\/#organization\",\"name\":\"BRUK Sylwester Dziatzko\",\"url\":\"https:\/\/bruk.beskidy.pl\/\",\"logo\":{\"@type\":\"ImageObject\",\"inLanguage\":\"pl-PL\",\"@id\":\"https:\/\/bruk.beskidy.pl\/#\/schema\/logo\/image\/\",\"url\":\"https:\/\/bruk.beskidy.pl\/wp-content\/uploads\/2017\/08\/bruk-logo.jpg\",\"contentUrl\":\"https:\/\/bruk.beskidy.pl\/wp-content\/uploads\/2017\/08\/bruk-logo.jpg\",\"width\":120,\"height\":108,\"caption\":\"BRUK Sylwester Dziatzko\"},\"image\":{\"@id\":\"https:\/\/bruk.beskidy.pl\/#\/schema\/logo\/image\/\"},\"sameAs\":[\"https:\/\/www.facebook.com\/BrukSklep\"]}]}<\/script>\n<!-- \/ Yoast SEO plugin. -->","yoast_head_json":{"title":"Us\u0142ugi budowlane - BRUK - Hurtownia Budowlana Jasienica","robots":{"index":"index","follow":"follow","max-snippet":"max-snippet:-1","max-image-preview":"max-image-preview:large","max-video-preview":"max-video-preview:-1"},"canonical":"https:\/\/bruk.beskidy.pl\/index.php\/bruk-hurtownia-budowlana-jasienica\/oferta\/uslugi-budowlane\/","og_locale":"pl_PL","og_type":"article","og_title":"Us\u0142ugi budowlane - BRUK - Hurtownia Budowlana Jasienica","og_description":"Zajmujemy si\u0119 r\u00f3wnie\u017c us\u0142ugami remontowo-budowlanymi, lecz na du\u017co mniejsz\u0105 skale ni\u017c brukarstwem, co nie znaczy, \u017ce traktujemy je mniej profesjonalnie. Budujemy ogrodzenia: betonowe z prefabrykat\u00f3w. z siatki,z klinkieru oraz kamienia naturalnego. Robimy fundamenty, murujemy, tynkujemy, zak\u0142adamy kanalizacje, robimy wyburzenia i przebudowy oraz wszelkie prace przy pomocy koparko-\u0142adowarki CASE, szczeg\u00f3lnie w okresie zimowym zajmujemy si\u0119 ocieplaniem [&hellip;]","og_url":"https:\/\/bruk.beskidy.pl\/index.php\/bruk-hurtownia-budowlana-jasienica\/oferta\/uslugi-budowlane\/","og_site_name":"BRUK - Hurtownia Budowlana Jasienica","article_publisher":"https:\/\/www.facebook.com\/BrukSklep","article_modified_time":"2016-12-05T21:08:01+00:00","twitter_card":"summary_large_image","twitter_misc":{"Szacowany czas czytania":"1 minuta"},"schema":{"@context":"https:\/\/schema.org","@graph":[{"@type":"WebPage","@id":"https:\/\/bruk.beskidy.pl\/index.php\/bruk-hurtownia-budowlana-jasienica\/oferta\/uslugi-budowlane\/","url":"https:\/\/bruk.beskidy.pl\/index.php\/bruk-hurtownia-budowlana-jasienica\/oferta\/uslugi-budowlane\/","name":"Us\u0142ugi budowlane - BRUK - Hurtownia Budowlana Jasienica","isPartOf":{"@id":"https:\/\/bruk.beskidy.pl\/#website"},"datePublished":"2016-08-09T07:41:13+00:00","dateModified":"2016-12-05T21:08:01+00:00","breadcrumb":{"@id":"https:\/\/bruk.beskidy.pl\/index.php\/bruk-hurtownia-budowlana-jasienica\/oferta\/uslugi-budowlane\/#breadcrumb"},"inLanguage":"pl-PL","potentialAction":[{"@type":"ReadAction","target":["https:\/\/bruk.beskidy.pl\/index.php\/bruk-hurtownia-budowlana-jasienica\/oferta\/uslugi-budowlane\/"]}]},{"@type":"BreadcrumbList","@id":"https:\/\/bruk.beskidy.pl\/index.php\/bruk-hurtownia-budowlana-jasienica\/oferta\/uslugi-budowlane\/#breadcrumb","itemListElement":[{"@type":"ListItem","position":1,"name":"Strona g\u0142\u00f3wna","item":"https:\/\/bruk.beskidy.pl\/"},{"@type":"ListItem","position":2,"name":"BRUK &#8211; Hurtownia budowlana i us\u0142ugi brukarskie Jasienica i okolice","item":"https:\/\/bruk.beskidy.pl\/"},{"@type":"ListItem","position":3,"name":"Oferta","item":"https:\/\/bruk.beskidy.pl\/index.php\/bruk-hurtownia-budowlana-jasienica\/oferta\/"},{"@type":"ListItem","position":4,"name":"Us\u0142ugi budowlane"}]},{"@type":"WebSite","@id":"https:\/\/bruk.beskidy.pl\/#website","url":"https:\/\/bruk.beskidy.pl\/","name":"BRUK - Hurtownia Budowlana Jasienica","description":"Zapraszamy do naszej hurtowni budowlanej BRUK, gdzie mo\u017cecie Pa\u0144stwo znale\u017a\u0107 pe\u0142n\u0105 ofert\u0119 materia\u0142\u00f3w budowlanych. Jak w ka\u017cdej hurtowni materia\u0142\u00f3w budowlanych nie jeste\u015bmy w stanie wyeksponowa\u0107 pe\u0142nego zakresu narz\u0119dzi i materia\u0142\u00f3w budowlanych kt\u00f3re mamy w ofercie do sprzeda\u017cy. Wi\u0119kszo\u015b\u0107 materia\u0142\u00f3w budowlanych dostarczamy na zam\u00f3wienie bezpo\u015brednio na budow\u0119.","publisher":{"@id":"https:\/\/bruk.beskidy.pl\/#organization"},"potentialAction":[{"@type":"SearchAction","target":{"@type":"EntryPoint","urlTemplate":"https:\/\/bruk.beskidy.pl\/?s={search_term_string}"},"query-input":"required name=search_term_string"}],"inLanguage":"pl-PL"},{"@type":"Organization","@id":"https:\/\/bruk.beskidy.pl\/#organization","name":"BRUK Sylwester Dziatzko","url":"https:\/\/bruk.beskidy.pl\/","logo":{"@type":"ImageObject","inLanguage":"pl-PL","@id":"https:\/\/bruk.beskidy.pl\/#\/schema\/logo\/image\/","url":"https:\/\/bruk.beskidy.pl\/wp-content\/uploads\/2017\/08\/bruk-logo.jpg","contentUrl":"https:\/\/bruk.beskidy.pl\/wp-content\/uploads\/2017\/08\/bruk-logo.jpg","width":120,"height":108,"caption":"BRUK Sylwester Dziatzko"},"image":{"@id":"https:\/\/bruk.beskidy.pl\/#\/schema\/logo\/image\/"},"sameAs":["https:\/\/www.facebook.com\/BrukSklep"]}]}},"_links":{"self":[{"href":"https:\/\/bruk.beskidy.pl\/index.php\/wp-json\/wp\/v2\/pages\/50"}],"collection":[{"href":"https:\/\/bruk.beskidy.pl\/index.php\/wp-json\/wp\/v2\/pages"}],"about":[{"href":"https:\/\/bruk.beskidy.pl\/index.php\/wp-json\/wp\/v2\/types\/page"}],"author":[{"embeddable":true,"href":"https:\/\/bruk.beskidy.pl\/index.php\/wp-json\/wp\/v2\/users\/1"}],"replies":[{"embeddable":true,"href":"https:\/\/bruk.beskidy.pl\/index.php\/wp-json\/wp\/v2\/comments?post=50"}],"version-history":[{"count":2,"href":"https:\/\/bruk.beskidy.pl\/index.php\/wp-json\/wp\/v2\/pages\/50\/revisions"}],"predecessor-version":[{"id":53,"href":"https:\/\/bruk.beskidy.pl\/index.php\/wp-json\/wp\/v2\/pages\/50\/revisions\/53"}],"up":[{"embeddable":true,"href":"https:\/\/bruk.beskidy.pl\/index.php\/wp-json\/wp\/v2\/pages\/361"}],"wp:attachment":[{"href":"https:\/\/bruk.beskidy.pl\/index.php\/wp-json\/wp\/v2\/media?parent=50"}],"curies":[{"name":"wp","href":"https:\/\/api.w.org\/{rel}","templated":true}]}}