{"id":5,"date":"2016-07-14T13:41:49","date_gmt":"2016-07-14T11:41:49","guid":{"rendered":"http:\/\/bruk.beskidy.pl\/?page_id=5"},"modified":"2026-04-06T16:44:26","modified_gmt":"2026-04-06T14:44:26","slug":"bruk-hurtownia-budowlana-jasienica","status":"publish","type":"page","link":"https:\/\/bruk.beskidy.pl\/","title":{"rendered":"BRUK &#8211; Hurtownia budowlana i us\u0142ugi brukarskie Jasienica i okolice"},"content":{"rendered":"<h2 data-start=\"991\" data-end=\"1022\"><strong data-start=\"991\" data-end=\"1022\">Wybierz czego potrzebujesz:<\/strong><\/h2>\n<h3 data-start=\"991\" data-end=\"1022\"><span style=\"color: #339966;\"><a style=\"color: #339966;\" href=\"https:\/\/bruk.beskidy.pl\/index.php\/materialy-budowlane\/\"><strong>KUP MATERIA\u0141Y<\/strong><\/a><\/span><br \/>Kostka brukowa, materia\u0142y budowlane, obrze\u017ca, transport.<\/h3>\n<h3 data-start=\"991\" data-end=\"1022\"><a href=\"_wp_link_placeholder\" data-wplink-edit=\"true\"><span style=\"color: #339966;\"><strong>ZAM\u00d3W US\u0141UG\u0118<\/strong><\/span><\/a><br \/>Podjazdy, tarasy, kompleksowe wykonanie<\/h3>\n<p style=\"text-align: justify;\">W naszej ofercie poza szerokim spektrum <a href=\"https:\/\/bruk.beskidy.pl\/index.php\/materialy-budowlane\/\">materia\u0142\u00f3w budowlanych<\/a>\u00a0 dost\u0119pnych w naszej hurtowni:<\/p>\n<ul>\n<li style=\"text-align: justify;\"><a href=\"https:\/\/bruk.beskidy.pl\/index.php\/uslugi-brukarskie\/\">Us\u0142ugi brukarskie<\/a> z kostki betonowej i granitowej oraz kamienia naturalnego,<\/li>\n<li style=\"text-align: justify;\"><a href=\"https:\/\/bruk.beskidy.pl\/index.php\/kostka-brukowa\/\">Sprzeda\u017c kostki<\/a> brukowej w cenach producenta, kompleksowe us\u0142ugi brukarskie,<\/li>\n<li style=\"text-align: justify;\">Zagospodarowanie teren\u00f3w zielonych, wykonanie ogrodze\u0144,<\/li>\n<li style=\"text-align: justify;\">Us\u0142ugi r\u0119cznego od\u015bnie\u017cania.<\/li>\n<li style=\"text-align: justify;\">Wykonanie odwodnienia i kanalizacji, monta\u017c oczyszczalni \u015bciek\u00f3w, inne prace budowlane w ograniczonym zakresie.<\/li>\n<li style=\"text-align: justify;\">Firma posiada uprawnienia do wydawania <a href=\"https:\/\/bruk.beskidy.pl\/index.php\/certyfikaty-energetyczne-budynkow\/\">certyfikat\u00f3w energetycznych budynk\u00f3w<\/a>.<\/li>\n<\/ul>\n<p style=\"text-align: justify;\">Zakres naszej dzia\u0142alno\u015bci obejmuje kompleksowe wykonania prac brukarskich, kamieniarskich, a tak\u017ce prac dotycz\u0105cych budowy utwardzanych plac\u00f3w parkingowych i postojowych, dr\u00f3g dojazdowych, chodnik\u00f3w oraz nowatorskich rozwi\u0105za\u0144 projektowych dotycz\u0105cych zagospodarowania terenu wok\u00f3\u0142 obiekt\u00f3w czy budynk\u00f3w u\u017cyteczno\u015bci publicznej. Naszym klientom proponujemy najnowocze\u015bniejsze technologie, kt\u00f3re maj\u0105 coraz szersze zastosowanie w pracach zwi\u0105zanych z zagospodarowaniem ogrodu, terenu przemys\u0142owego czy rekreacyjnego. Korzystamy przy tym z takich materia\u0142\u00f3w jak granitowa kostka brukowa, kostka brukowa betonowa; szlachetna, antykowana i standardowa oraz elementy dekoracyjne ma\u0142ej architektury ogrodowej.<\/p>\n<p style=\"text-align: justify;\">Firma o charakterze rodzinnym dzia\u0142aj\u0105ca nieprzerwanie od 1993 roku na terenie Podbeskidzia i \u015al\u0105ska. Wykonujemy g\u0142\u00f3wnie zlecenia od os\u00f3b prywatnych k\u0142ad\u0105cych nacisk na wysok\u0105 jako\u015b\u0107 us\u0142ug, kt\u00f3rych wymaganiom mo\u017cemy sprosta\u0107 dzi\u0119ki stabilnej i do\u015bwiadczonej za\u0142odze, oraz pe\u0142nemu wyposa\u017ceniu w niezb\u0119dny, profesjonalny sprz\u0119t. Wypracowali\u015bmy dobr\u0105 opini\u0119 o firmie i mo\u017cemy pochwali\u0107 si\u0119 wieloma <a href=\"https:\/\/bruk.beskidy.pl\/index.php\/referencje\/\">referencjami<\/a>.<br \/>Wykonujemy zlecenia z materia\u0142\u00f3w powierzonych, jak r\u00f3wnie\u017c zapewniamy materia\u0142y z renomowanych firm z kt\u00f3rymi nawi\u0105zali\u015bmy sta\u0142\u0105 wsp\u00f3\u0142prace. Dysponujemy specjalistyczn\u0105 wiedz\u0105 i do\u015bwiadczeniem, dzi\u0119ki kt\u00f3remu rozwi\u0105\u017cemy tw\u00f3j problem i doradzimy najlepsze wyj\u015bcie.<\/p>\n\n\n<p><\/p>\n\n\n\n<p><\/p>\n\n\n\n<p><\/p>\n","protected":false},"excerpt":{"rendered":"<p>Wybierz czego potrzebujesz: KUP MATERIA\u0141YKostka brukowa, materia\u0142y budowlane, obrze\u017ca, transport. ZAM\u00d3W US\u0141UG\u0118Podjazdy, tarasy, kompleksowe wykonanie W naszej ofercie poza szerokim spektrum materia\u0142\u00f3w budowlanych\u00a0 dost\u0119pnych w naszej hurtowni: Us\u0142ugi brukarskie z kostki betonowej i granitowej oraz kamienia naturalnego, Sprzeda\u017c kostki brukowej w cenach producenta, kompleksowe us\u0142ugi brukarskie, Zagospodarowanie teren\u00f3w zielonych, wykonanie ogrodze\u0144, Us\u0142ugi r\u0119cznego od\u015bnie\u017cania. Wykonanie [&hellip;]<\/p>\n","protected":false},"author":1,"featured_media":0,"parent":0,"menu_order":0,"comment_status":"closed","ping_status":"closed","template":"","meta":{"footnotes":""},"yoast_head":"<!-- This site is optimized with the Yoast SEO plugin v20.4 - https:\/\/yoast.com\/wordpress\/plugins\/seo\/ -->\n<title>BRUK - Hurtownia Budowlana Jasienica<\/title>\n<meta name=\"description\" content=\"Zapraszamy do naszej hurtowni budowlanej, gdzie mo\u017cecie Pa\u0144stwo znale\u017a\u0107 pe\u0142n\u0105 ofert\u0119 materia\u0142\u00f3w budowlanych.\" \/>\n<meta name=\"robots\" content=\"index, follow, max-snippet:-1, max-image-preview:large, max-video-preview:-1\" \/>\n<link rel=\"canonical\" href=\"https:\/\/bruk.beskidy.pl\/\" \/>\n<meta property=\"og:locale\" content=\"pl_PL\" \/>\n<meta property=\"og:type\" content=\"article\" \/>\n<meta property=\"og:title\" content=\"BRUK - Hurtownia Budowlana Jasienica\" \/>\n<meta property=\"og:description\" content=\"Zapraszamy do naszej hurtowni budowlanej, gdzie mo\u017cecie Pa\u0144stwo znale\u017a\u0107 pe\u0142n\u0105 ofert\u0119 materia\u0142\u00f3w budowlanych.\" \/>\n<meta property=\"og:url\" content=\"https:\/\/bruk.beskidy.pl\/\" \/>\n<meta property=\"og:site_name\" content=\"BRUK - Hurtownia Budowlana Jasienica\" \/>\n<meta property=\"article:publisher\" content=\"https:\/\/www.facebook.com\/BrukSklep\" \/>\n<meta property=\"article:modified_time\" content=\"2026-04-06T14:44:26+00:00\" \/>\n<meta name=\"twitter:card\" content=\"summary_large_image\" \/>\n<meta name=\"twitter:label1\" content=\"Szacowany czas czytania\" \/>\n\t<meta name=\"twitter:data1\" content=\"2 minuty\" \/>\n<script type=\"application\/ld+json\" class=\"yoast-schema-graph\">{\"@context\":\"https:\/\/schema.org\",\"@graph\":[{\"@type\":\"WebPage\",\"@id\":\"https:\/\/bruk.beskidy.pl\/\",\"url\":\"https:\/\/bruk.beskidy.pl\/\",\"name\":\"BRUK - Hurtownia Budowlana Jasienica\",\"isPartOf\":{\"@id\":\"https:\/\/bruk.beskidy.pl\/#website\"},\"datePublished\":\"2016-07-14T11:41:49+00:00\",\"dateModified\":\"2026-04-06T14:44:26+00:00\",\"description\":\"Zapraszamy do naszej hurtowni budowlanej, gdzie mo\u017cecie Pa\u0144stwo znale\u017a\u0107 pe\u0142n\u0105 ofert\u0119 materia\u0142\u00f3w budowlanych.\",\"breadcrumb\":{\"@id\":\"https:\/\/bruk.beskidy.pl\/#breadcrumb\"},\"inLanguage\":\"pl-PL\",\"potentialAction\":[{\"@type\":\"ReadAction\",\"target\":[\"https:\/\/bruk.beskidy.pl\/\"]}]},{\"@type\":\"BreadcrumbList\",\"@id\":\"https:\/\/bruk.beskidy.pl\/#breadcrumb\",\"itemListElement\":[{\"@type\":\"ListItem\",\"position\":1,\"name\":\"Strona g\u0142\u00f3wna\",\"item\":\"https:\/\/bruk.beskidy.pl\/\"},{\"@type\":\"ListItem\",\"position\":2,\"name\":\"BRUK &#8211; Hurtownia budowlana i us\u0142ugi brukarskie Jasienica i okolice\"}]},{\"@type\":\"WebSite\",\"@id\":\"https:\/\/bruk.beskidy.pl\/#website\",\"url\":\"https:\/\/bruk.beskidy.pl\/\",\"name\":\"BRUK - Hurtownia Budowlana Jasienica\",\"description\":\"Zapraszamy do naszej hurtowni budowlanej BRUK, gdzie mo\u017cecie Pa\u0144stwo znale\u017a\u0107 pe\u0142n\u0105 ofert\u0119 materia\u0142\u00f3w budowlanych. Jak w ka\u017cdej hurtowni materia\u0142\u00f3w budowlanych nie jeste\u015bmy w stanie wyeksponowa\u0107 pe\u0142nego zakresu narz\u0119dzi i materia\u0142\u00f3w budowlanych kt\u00f3re mamy w ofercie do sprzeda\u017cy. Wi\u0119kszo\u015b\u0107 materia\u0142\u00f3w budowlanych dostarczamy na zam\u00f3wienie bezpo\u015brednio na budow\u0119.\",\"publisher\":{\"@id\":\"https:\/\/bruk.beskidy.pl\/#organization\"},\"potentialAction\":[{\"@type\":\"SearchAction\",\"target\":{\"@type\":\"EntryPoint\",\"urlTemplate\":\"https:\/\/bruk.beskidy.pl\/?s={search_term_string}\"},\"query-input\":\"required name=search_term_string\"}],\"inLanguage\":\"pl-PL\"},{\"@type\":\"Organization\",\"@id\":\"https:\/\/bruk.beskidy.pl\/#organization\",\"name\":\"BRUK Sylwester Dziatzko\",\"url\":\"https:\/\/bruk.beskidy.pl\/\",\"logo\":{\"@type\":\"ImageObject\",\"inLanguage\":\"pl-PL\",\"@id\":\"https:\/\/bruk.beskidy.pl\/#\/schema\/logo\/image\/\",\"url\":\"https:\/\/bruk.beskidy.pl\/wp-content\/uploads\/2017\/08\/bruk-logo.jpg\",\"contentUrl\":\"https:\/\/bruk.beskidy.pl\/wp-content\/uploads\/2017\/08\/bruk-logo.jpg\",\"width\":120,\"height\":108,\"caption\":\"BRUK Sylwester Dziatzko\"},\"image\":{\"@id\":\"https:\/\/bruk.beskidy.pl\/#\/schema\/logo\/image\/\"},\"sameAs\":[\"https:\/\/www.facebook.com\/BrukSklep\"]}]}<\/script>\n<!-- \/ Yoast SEO plugin. -->","yoast_head_json":{"title":"BRUK - Hurtownia Budowlana Jasienica","description":"Zapraszamy do naszej hurtowni budowlanej, gdzie mo\u017cecie Pa\u0144stwo znale\u017a\u0107 pe\u0142n\u0105 ofert\u0119 materia\u0142\u00f3w budowlanych.","robots":{"index":"index","follow":"follow","max-snippet":"max-snippet:-1","max-image-preview":"max-image-preview:large","max-video-preview":"max-video-preview:-1"},"canonical":"https:\/\/bruk.beskidy.pl\/","og_locale":"pl_PL","og_type":"article","og_title":"BRUK - Hurtownia Budowlana Jasienica","og_description":"Zapraszamy do naszej hurtowni budowlanej, gdzie mo\u017cecie Pa\u0144stwo znale\u017a\u0107 pe\u0142n\u0105 ofert\u0119 materia\u0142\u00f3w budowlanych.","og_url":"https:\/\/bruk.beskidy.pl\/","og_site_name":"BRUK - Hurtownia Budowlana Jasienica","article_publisher":"https:\/\/www.facebook.com\/BrukSklep","article_modified_time":"2026-04-06T14:44:26+00:00","twitter_card":"summary_large_image","twitter_misc":{"Szacowany czas czytania":"2 minuty"},"schema":{"@context":"https:\/\/schema.org","@graph":[{"@type":"WebPage","@id":"https:\/\/bruk.beskidy.pl\/","url":"https:\/\/bruk.beskidy.pl\/","name":"BRUK - Hurtownia Budowlana Jasienica","isPartOf":{"@id":"https:\/\/bruk.beskidy.pl\/#website"},"datePublished":"2016-07-14T11:41:49+00:00","dateModified":"2026-04-06T14:44:26+00:00","description":"Zapraszamy do naszej hurtowni budowlanej, gdzie mo\u017cecie Pa\u0144stwo znale\u017a\u0107 pe\u0142n\u0105 ofert\u0119 materia\u0142\u00f3w budowlanych.","breadcrumb":{"@id":"https:\/\/bruk.beskidy.pl\/#breadcrumb"},"inLanguage":"pl-PL","potentialAction":[{"@type":"ReadAction","target":["https:\/\/bruk.beskidy.pl\/"]}]},{"@type":"BreadcrumbList","@id":"https:\/\/bruk.beskidy.pl\/#breadcrumb","itemListElement":[{"@type":"ListItem","position":1,"name":"Strona g\u0142\u00f3wna","item":"https:\/\/bruk.beskidy.pl\/"},{"@type":"ListItem","position":2,"name":"BRUK &#8211; Hurtownia budowlana i us\u0142ugi brukarskie Jasienica i okolice"}]},{"@type":"WebSite","@id":"https:\/\/bruk.beskidy.pl\/#website","url":"https:\/\/bruk.beskidy.pl\/","name":"BRUK - Hurtownia Budowlana Jasienica","description":"Zapraszamy do naszej hurtowni budowlanej BRUK, gdzie mo\u017cecie Pa\u0144stwo znale\u017a\u0107 pe\u0142n\u0105 ofert\u0119 materia\u0142\u00f3w budowlanych. Jak w ka\u017cdej hurtowni materia\u0142\u00f3w budowlanych nie jeste\u015bmy w stanie wyeksponowa\u0107 pe\u0142nego zakresu narz\u0119dzi i materia\u0142\u00f3w budowlanych kt\u00f3re mamy w ofercie do sprzeda\u017cy. Wi\u0119kszo\u015b\u0107 materia\u0142\u00f3w budowlanych dostarczamy na zam\u00f3wienie bezpo\u015brednio na budow\u0119.","publisher":{"@id":"https:\/\/bruk.beskidy.pl\/#organization"},"potentialAction":[{"@type":"SearchAction","target":{"@type":"EntryPoint","urlTemplate":"https:\/\/bruk.beskidy.pl\/?s={search_term_string}"},"query-input":"required name=search_term_string"}],"inLanguage":"pl-PL"},{"@type":"Organization","@id":"https:\/\/bruk.beskidy.pl\/#organization","name":"BRUK Sylwester Dziatzko","url":"https:\/\/bruk.beskidy.pl\/","logo":{"@type":"ImageObject","inLanguage":"pl-PL","@id":"https:\/\/bruk.beskidy.pl\/#\/schema\/logo\/image\/","url":"https:\/\/bruk.beskidy.pl\/wp-content\/uploads\/2017\/08\/bruk-logo.jpg","contentUrl":"https:\/\/bruk.beskidy.pl\/wp-content\/uploads\/2017\/08\/bruk-logo.jpg","width":120,"height":108,"caption":"BRUK Sylwester Dziatzko"},"image":{"@id":"https:\/\/bruk.beskidy.pl\/#\/schema\/logo\/image\/"},"sameAs":["https:\/\/www.facebook.com\/BrukSklep"]}]}},"_links":{"self":[{"href":"https:\/\/bruk.beskidy.pl\/index.php\/wp-json\/wp\/v2\/pages\/5"}],"collection":[{"href":"https:\/\/bruk.beskidy.pl\/index.php\/wp-json\/wp\/v2\/pages"}],"about":[{"href":"https:\/\/bruk.beskidy.pl\/index.php\/wp-json\/wp\/v2\/types\/page"}],"author":[{"embeddable":true,"href":"https:\/\/bruk.beskidy.pl\/index.php\/wp-json\/wp\/v2\/users\/1"}],"replies":[{"embeddable":true,"href":"https:\/\/bruk.beskidy.pl\/index.php\/wp-json\/wp\/v2\/comments?post=5"}],"version-history":[{"count":37,"href":"https:\/\/bruk.beskidy.pl\/index.php\/wp-json\/wp\/v2\/pages\/5\/revisions"}],"predecessor-version":[{"id":808,"href":"https:\/\/bruk.beskidy.pl\/index.php\/wp-json\/wp\/v2\/pages\/5\/revisions\/808"}],"wp:attachment":[{"href":"https:\/\/bruk.beskidy.pl\/index.php\/wp-json\/wp\/v2\/media?parent=5"}],"curies":[{"name":"wp","href":"https:\/\/api.w.org\/{rel}","templated":true}]}}