{"id":20,"date":"2016-07-14T14:16:20","date_gmt":"2016-07-14T12:16:20","guid":{"rendered":"http:\/\/bruk.beskidy.pl\/?page_id=20"},"modified":"2026-04-06T12:30:12","modified_gmt":"2026-04-06T10:30:12","slug":"kontakt","status":"publish","type":"page","link":"https:\/\/bruk.beskidy.pl\/index.php\/kontakt\/","title":{"rendered":"Kontakt"},"content":{"rendered":"\n<p>BRUK &#8211; Hurtownia Budowlana<br>Sk\u0142ad Materia\u0142\u00f3w Budowlanych<\/p>\n\n\n\n<p>Godziny Otwarcia :<\/p>\n\n\n\n<p>Poniedzia\u0142ek 07:00 &#8211; 17:00<br>Wtorek 07:00 &#8211; 17:00<br>\u015aroda 07:00 &#8211; 17:00<br>Czwartek 07:00 &#8211; 17:00<br>Pi\u0105tek 07:00 &#8211; 17:00<br>Sobota 07:00 &#8211; 13:00<\/p>\n\n\n<div class=\"half\"><strong>BRUK Sylwester Dziatzko<\/strong><br \/>43-385 Jasienica\u00a0<br \/>ul. My\u015bliwska 1<br \/>NIP 547-024-26-83 <strong>Tel. kom.<\/strong>:<a href=\"tel:503 163 173\">503163173 <\/a><strong>E-mail<\/strong>: <a href=\"mailto:bruksd@poczta.onet.pl\">bruksd@poczta.onet.pl<\/a><\/div>\n<div class=\"half right\"><strong>Sk\u0142ad budowlany: <\/strong>Tel.: 33 815 36 33,<br \/><strong>Tel. kom.<\/strong>:<a href=\"tel:509 287 250\">509287250<\/a><br \/><strong>E-mail<\/strong>: <a href=\"mailto:biuro@bruk.beskidy.pl\">biuro@bruk.beskidy.pl<\/a><br \/><strong>GG<\/strong>: 7332170<br \/><strong>Skype<\/strong>: bruksd<br \/>Prosimy o kontakt, odpowiemy na ka\u017cde pytanie.<\/div>\n<div class=\"half right\">GPS: 49\u00b049&#8217;4.16&#8243;N 18\u00b055&#8217;2.94&#8243;E<\/div>\n<p><iframe loading=\"lazy\" style=\"border: 0;\" src=\"https:\/\/www.google.com\/maps\/embed?pb=!1m18!1m12!1m3!1d20594.483017941508!2d18.899962628671506!3d49.817831431142814!2m3!1f0!2f0!3f0!3m2!1i1024!2i768!4f13.1!3m3!1m2!1s0x0%3A0x0!2zNDnCsDQ5JzA0LjIiTiAxOMKwNTUnMDIuOSJF!5e0!3m2!1spl!2spl!4v1470731205301\" width=\"950\" height=\"300\" frameborder=\"0\" allowfullscreen=\"allowfullscreen\"><\/iframe><\/p>","protected":false},"excerpt":{"rendered":"<p>BRUK &#8211; Hurtownia BudowlanaSk\u0142ad Materia\u0142\u00f3w Budowlanych Godziny Otwarcia : Poniedzia\u0142ek 07:00 &#8211; 17:00Wtorek 07:00 &#8211; 17:00\u015aroda 07:00 &#8211; 17:00Czwartek 07:00 &#8211; 17:00Pi\u0105tek 07:00 &#8211; 17:00Sobota 07:00 &#8211; 13:00 BRUK Sylwester Dziatzko43-385 Jasienica\u00a0ul. My\u015bliwska 1NIP 547-024-26-83 Tel. kom.:503163173 E-mail: bruksd@poczta.onet.pl Sk\u0142ad budowlany: Tel.: 33 815 36 33,Tel. kom.:509287250E-mail: biuro@bruk.beskidy.plGG: 7332170Skype: bruksdProsimy o kontakt, odpowiemy na ka\u017cde [&hellip;]<\/p>\n","protected":false},"author":1,"featured_media":0,"parent":0,"menu_order":0,"comment_status":"closed","ping_status":"closed","template":"page-kontakt.php","meta":{"footnotes":""},"yoast_head":"<!-- This site is optimized with the Yoast SEO plugin v20.4 - https:\/\/yoast.com\/wordpress\/plugins\/seo\/ -->\n<title>Kontakt - BRUK - Hurtownia Budowlana Jasienica<\/title>\n<meta name=\"robots\" content=\"index, follow, max-snippet:-1, max-image-preview:large, max-video-preview:-1\" \/>\n<link rel=\"canonical\" href=\"https:\/\/bruk.beskidy.pl\/index.php\/kontakt\/\" \/>\n<meta property=\"og:locale\" content=\"pl_PL\" \/>\n<meta property=\"og:type\" content=\"article\" \/>\n<meta property=\"og:title\" content=\"Kontakt - BRUK - Hurtownia Budowlana Jasienica\" \/>\n<meta property=\"og:description\" content=\"BRUK &#8211; Hurtownia BudowlanaSk\u0142ad Materia\u0142\u00f3w Budowlanych Godziny Otwarcia : Poniedzia\u0142ek 07:00 &#8211; 17:00Wtorek 07:00 &#8211; 17:00\u015aroda 07:00 &#8211; 17:00Czwartek 07:00 &#8211; 17:00Pi\u0105tek 07:00 &#8211; 17:00Sobota 07:00 &#8211; 13:00 BRUK Sylwester Dziatzko43-385 Jasienica\u00a0ul. My\u015bliwska 1NIP 547-024-26-83 Tel. kom.:503163173 E-mail: bruksd@poczta.onet.pl Sk\u0142ad budowlany: Tel.: 33 815 36 33,Tel. kom.:509287250E-mail: biuro@bruk.beskidy.plGG: 7332170Skype: bruksdProsimy o kontakt, odpowiemy na ka\u017cde [&hellip;]\" \/>\n<meta property=\"og:url\" content=\"https:\/\/bruk.beskidy.pl\/index.php\/kontakt\/\" \/>\n<meta property=\"og:site_name\" content=\"BRUK - Hurtownia Budowlana Jasienica\" \/>\n<meta property=\"article:publisher\" content=\"https:\/\/www.facebook.com\/BrukSklep\" \/>\n<meta property=\"article:modified_time\" content=\"2026-04-06T10:30:12+00:00\" \/>\n<meta name=\"twitter:card\" content=\"summary_large_image\" \/>\n<meta name=\"twitter:label1\" content=\"Szacowany czas czytania\" \/>\n\t<meta name=\"twitter:data1\" content=\"1 minuta\" \/>\n<script type=\"application\/ld+json\" class=\"yoast-schema-graph\">{\"@context\":\"https:\/\/schema.org\",\"@graph\":[{\"@type\":\"WebPage\",\"@id\":\"https:\/\/bruk.beskidy.pl\/index.php\/kontakt\/\",\"url\":\"https:\/\/bruk.beskidy.pl\/index.php\/kontakt\/\",\"name\":\"Kontakt - BRUK - Hurtownia Budowlana Jasienica\",\"isPartOf\":{\"@id\":\"https:\/\/bruk.beskidy.pl\/#website\"},\"datePublished\":\"2016-07-14T12:16:20+00:00\",\"dateModified\":\"2026-04-06T10:30:12+00:00\",\"breadcrumb\":{\"@id\":\"https:\/\/bruk.beskidy.pl\/index.php\/kontakt\/#breadcrumb\"},\"inLanguage\":\"pl-PL\",\"potentialAction\":[{\"@type\":\"ReadAction\",\"target\":[\"https:\/\/bruk.beskidy.pl\/index.php\/kontakt\/\"]}]},{\"@type\":\"BreadcrumbList\",\"@id\":\"https:\/\/bruk.beskidy.pl\/index.php\/kontakt\/#breadcrumb\",\"itemListElement\":[{\"@type\":\"ListItem\",\"position\":1,\"name\":\"Strona g\u0142\u00f3wna\",\"item\":\"https:\/\/bruk.beskidy.pl\/\"},{\"@type\":\"ListItem\",\"position\":2,\"name\":\"Kontakt\"}]},{\"@type\":\"WebSite\",\"@id\":\"https:\/\/bruk.beskidy.pl\/#website\",\"url\":\"https:\/\/bruk.beskidy.pl\/\",\"name\":\"BRUK - Hurtownia Budowlana Jasienica\",\"description\":\"Zapraszamy do naszej hurtowni budowlanej BRUK, gdzie mo\u017cecie Pa\u0144stwo znale\u017a\u0107 pe\u0142n\u0105 ofert\u0119 materia\u0142\u00f3w budowlanych. Jak w ka\u017cdej hurtowni materia\u0142\u00f3w budowlanych nie jeste\u015bmy w stanie wyeksponowa\u0107 pe\u0142nego zakresu narz\u0119dzi i materia\u0142\u00f3w budowlanych kt\u00f3re mamy w ofercie do sprzeda\u017cy. Wi\u0119kszo\u015b\u0107 materia\u0142\u00f3w budowlanych dostarczamy na zam\u00f3wienie bezpo\u015brednio na budow\u0119.\",\"publisher\":{\"@id\":\"https:\/\/bruk.beskidy.pl\/#organization\"},\"potentialAction\":[{\"@type\":\"SearchAction\",\"target\":{\"@type\":\"EntryPoint\",\"urlTemplate\":\"https:\/\/bruk.beskidy.pl\/?s={search_term_string}\"},\"query-input\":\"required name=search_term_string\"}],\"inLanguage\":\"pl-PL\"},{\"@type\":\"Organization\",\"@id\":\"https:\/\/bruk.beskidy.pl\/#organization\",\"name\":\"BRUK Sylwester Dziatzko\",\"url\":\"https:\/\/bruk.beskidy.pl\/\",\"logo\":{\"@type\":\"ImageObject\",\"inLanguage\":\"pl-PL\",\"@id\":\"https:\/\/bruk.beskidy.pl\/#\/schema\/logo\/image\/\",\"url\":\"https:\/\/bruk.beskidy.pl\/wp-content\/uploads\/2017\/08\/bruk-logo.jpg\",\"contentUrl\":\"https:\/\/bruk.beskidy.pl\/wp-content\/uploads\/2017\/08\/bruk-logo.jpg\",\"width\":120,\"height\":108,\"caption\":\"BRUK Sylwester Dziatzko\"},\"image\":{\"@id\":\"https:\/\/bruk.beskidy.pl\/#\/schema\/logo\/image\/\"},\"sameAs\":[\"https:\/\/www.facebook.com\/BrukSklep\"]}]}<\/script>\n<!-- \/ Yoast SEO plugin. -->","yoast_head_json":{"title":"Kontakt - BRUK - Hurtownia Budowlana Jasienica","robots":{"index":"index","follow":"follow","max-snippet":"max-snippet:-1","max-image-preview":"max-image-preview:large","max-video-preview":"max-video-preview:-1"},"canonical":"https:\/\/bruk.beskidy.pl\/index.php\/kontakt\/","og_locale":"pl_PL","og_type":"article","og_title":"Kontakt - BRUK - Hurtownia Budowlana Jasienica","og_description":"BRUK &#8211; Hurtownia BudowlanaSk\u0142ad Materia\u0142\u00f3w Budowlanych Godziny Otwarcia : Poniedzia\u0142ek 07:00 &#8211; 17:00Wtorek 07:00 &#8211; 17:00\u015aroda 07:00 &#8211; 17:00Czwartek 07:00 &#8211; 17:00Pi\u0105tek 07:00 &#8211; 17:00Sobota 07:00 &#8211; 13:00 BRUK Sylwester Dziatzko43-385 Jasienica\u00a0ul. My\u015bliwska 1NIP 547-024-26-83 Tel. kom.:503163173 E-mail: bruksd@poczta.onet.pl Sk\u0142ad budowlany: Tel.: 33 815 36 33,Tel. kom.:509287250E-mail: biuro@bruk.beskidy.plGG: 7332170Skype: bruksdProsimy o kontakt, odpowiemy na ka\u017cde [&hellip;]","og_url":"https:\/\/bruk.beskidy.pl\/index.php\/kontakt\/","og_site_name":"BRUK - Hurtownia Budowlana Jasienica","article_publisher":"https:\/\/www.facebook.com\/BrukSklep","article_modified_time":"2026-04-06T10:30:12+00:00","twitter_card":"summary_large_image","twitter_misc":{"Szacowany czas czytania":"1 minuta"},"schema":{"@context":"https:\/\/schema.org","@graph":[{"@type":"WebPage","@id":"https:\/\/bruk.beskidy.pl\/index.php\/kontakt\/","url":"https:\/\/bruk.beskidy.pl\/index.php\/kontakt\/","name":"Kontakt - BRUK - Hurtownia Budowlana Jasienica","isPartOf":{"@id":"https:\/\/bruk.beskidy.pl\/#website"},"datePublished":"2016-07-14T12:16:20+00:00","dateModified":"2026-04-06T10:30:12+00:00","breadcrumb":{"@id":"https:\/\/bruk.beskidy.pl\/index.php\/kontakt\/#breadcrumb"},"inLanguage":"pl-PL","potentialAction":[{"@type":"ReadAction","target":["https:\/\/bruk.beskidy.pl\/index.php\/kontakt\/"]}]},{"@type":"BreadcrumbList","@id":"https:\/\/bruk.beskidy.pl\/index.php\/kontakt\/#breadcrumb","itemListElement":[{"@type":"ListItem","position":1,"name":"Strona g\u0142\u00f3wna","item":"https:\/\/bruk.beskidy.pl\/"},{"@type":"ListItem","position":2,"name":"Kontakt"}]},{"@type":"WebSite","@id":"https:\/\/bruk.beskidy.pl\/#website","url":"https:\/\/bruk.beskidy.pl\/","name":"BRUK - Hurtownia Budowlana Jasienica","description":"Zapraszamy do naszej hurtowni budowlanej BRUK, gdzie mo\u017cecie Pa\u0144stwo znale\u017a\u0107 pe\u0142n\u0105 ofert\u0119 materia\u0142\u00f3w budowlanych. Jak w ka\u017cdej hurtowni materia\u0142\u00f3w budowlanych nie jeste\u015bmy w stanie wyeksponowa\u0107 pe\u0142nego zakresu narz\u0119dzi i materia\u0142\u00f3w budowlanych kt\u00f3re mamy w ofercie do sprzeda\u017cy. Wi\u0119kszo\u015b\u0107 materia\u0142\u00f3w budowlanych dostarczamy na zam\u00f3wienie bezpo\u015brednio na budow\u0119.","publisher":{"@id":"https:\/\/bruk.beskidy.pl\/#organization"},"potentialAction":[{"@type":"SearchAction","target":{"@type":"EntryPoint","urlTemplate":"https:\/\/bruk.beskidy.pl\/?s={search_term_string}"},"query-input":"required name=search_term_string"}],"inLanguage":"pl-PL"},{"@type":"Organization","@id":"https:\/\/bruk.beskidy.pl\/#organization","name":"BRUK Sylwester Dziatzko","url":"https:\/\/bruk.beskidy.pl\/","logo":{"@type":"ImageObject","inLanguage":"pl-PL","@id":"https:\/\/bruk.beskidy.pl\/#\/schema\/logo\/image\/","url":"https:\/\/bruk.beskidy.pl\/wp-content\/uploads\/2017\/08\/bruk-logo.jpg","contentUrl":"https:\/\/bruk.beskidy.pl\/wp-content\/uploads\/2017\/08\/bruk-logo.jpg","width":120,"height":108,"caption":"BRUK Sylwester Dziatzko"},"image":{"@id":"https:\/\/bruk.beskidy.pl\/#\/schema\/logo\/image\/"},"sameAs":["https:\/\/www.facebook.com\/BrukSklep"]}]}},"_links":{"self":[{"href":"https:\/\/bruk.beskidy.pl\/index.php\/wp-json\/wp\/v2\/pages\/20"}],"collection":[{"href":"https:\/\/bruk.beskidy.pl\/index.php\/wp-json\/wp\/v2\/pages"}],"about":[{"href":"https:\/\/bruk.beskidy.pl\/index.php\/wp-json\/wp\/v2\/types\/page"}],"author":[{"embeddable":true,"href":"https:\/\/bruk.beskidy.pl\/index.php\/wp-json\/wp\/v2\/users\/1"}],"replies":[{"embeddable":true,"href":"https:\/\/bruk.beskidy.pl\/index.php\/wp-json\/wp\/v2\/comments?post=20"}],"version-history":[{"count":45,"href":"https:\/\/bruk.beskidy.pl\/index.php\/wp-json\/wp\/v2\/pages\/20\/revisions"}],"predecessor-version":[{"id":758,"href":"https:\/\/bruk.beskidy.pl\/index.php\/wp-json\/wp\/v2\/pages\/20\/revisions\/758"}],"wp:attachment":[{"href":"https:\/\/bruk.beskidy.pl\/index.php\/wp-json\/wp\/v2\/media?parent=20"}],"curies":[{"name":"wp","href":"https:\/\/api.w.org\/{rel}","templated":true}]}}