{"id":18,"date":"2016-07-14T14:15:57","date_gmt":"2016-07-14T12:15:57","guid":{"rendered":"http:\/\/bruk.beskidy.pl\/?page_id=18"},"modified":"2021-03-14T15:43:35","modified_gmt":"2021-03-14T14:43:35","slug":"linki","status":"publish","type":"page","link":"https:\/\/bruk.beskidy.pl\/index.php\/linki\/","title":{"rendered":"Linki"},"content":{"rendered":"<div>Linki pozwol\u0105 szybko por\u00f3wna\u0107 wyroby i wybra\u0107 interesuj\u0105ce produkty<\/div>\n<div>Czerpi\u0105c z do\u015bwiadczenia naszych dostawc\u00f3w staramy si\u0119 zapewni\u0107 Pa\u0144stwu mo\u017cliwie szeroki wyb\u00f3r i kompletn\u0105 ofert\u0119.<\/div>\n<div><\/div>\n<div style=\"text-align: justify;\"><a href=\"https:\/\/www.bruk.info.pl\" target=\"_blank\" rel=\"noopener noreferrer\">www.bruk.info.pl<\/a>&nbsp; &nbsp; &nbsp;&#8211; licz\u0105cy si\u0119 producent wyrob\u00f3w betonowych na po\u0142udniu Polski.<\/div>\n<div style=\"text-align: justify;\"><\/div>\n<div style=\"text-align: justify;\"><a href=\"https:\/\/www.bruk-bet.pl\" target=\"_blank\" rel=\"noopener noreferrer\">www.bruk-bet.pl<\/a>&nbsp; &nbsp; &nbsp; &#8211; producent szerokiej gamy wyrob\u00f3w betonowych<\/div>\n<div style=\"text-align: justify;\"><\/div>\n<div style=\"text-align: justify;\"><a href=\"https:\/\/www.natan.com.pl\/\" target=\"_blank\" rel=\"noopener noreferrer\">www.natan.com.pl<\/a>&nbsp; &#8211; renomowany producent&nbsp;<span class=\"Apple-style-span\">fontann, donic, kolumn oraz rze\u017ab ogrodowych.<\/span><span class=\"Apple-style-span\">&nbsp;<\/span><\/div>\n<div style=\"text-align: justify;\"><\/div>\n<div style=\"text-align: justify;\"><a href=\"https:\/\/www.polbruk.pl\" target=\"_blank\" rel=\"noopener noreferrer\">www.polbruk.pl<\/a>&nbsp; &nbsp; &nbsp; &nbsp; &#8211; producent betonowej kostki brukowej i galanterii betonowej<\/div>\n<div style=\"text-align: justify;\"><\/div>\n<div style=\"text-align: justify;\"><a href=\"https:\/\/www.joniec.pl\/\" target=\"_blank\" rel=\"noopener noreferrer\">www.joniec.pl <\/a>&nbsp; &nbsp; &nbsp; &nbsp; &nbsp; &#8211; producent ogrodzenia \u0142upane, ogrodzenia betonowe, podmur\u00f3wki ogrodzeniowe i galanteria<\/div>\n<div><\/div>\n<div><\/div>\n<div>Zach\u0119camy do odwiedzenia tych stron pozwoli to Pa\u0144stwu okre\u015bli\u0107 zakres swoich wymaga\u0144.<\/div>\n","protected":false},"excerpt":{"rendered":"<p>Linki pozwol\u0105 szybko por\u00f3wna\u0107 wyroby i wybra\u0107 interesuj\u0105ce produkty Czerpi\u0105c z do\u015bwiadczenia naszych dostawc\u00f3w staramy si\u0119 zapewni\u0107 Pa\u0144stwu mo\u017cliwie szeroki wyb\u00f3r i kompletn\u0105 ofert\u0119. www.bruk.info.pl&nbsp; &nbsp; &nbsp;&#8211; licz\u0105cy si\u0119 producent wyrob\u00f3w betonowych na po\u0142udniu Polski. www.bruk-bet.pl&nbsp; &nbsp; &nbsp; &#8211; producent szerokiej gamy wyrob\u00f3w betonowych www.natan.com.pl&nbsp; &#8211; renomowany producent&nbsp;fontann, donic, kolumn oraz rze\u017ab ogrodowych.&nbsp; www.polbruk.pl&nbsp; &nbsp; [&hellip;]<\/p>\n","protected":false},"author":1,"featured_media":0,"parent":0,"menu_order":0,"comment_status":"closed","ping_status":"closed","template":"","meta":{"footnotes":""},"yoast_head":"<!-- This site is optimized with the Yoast SEO plugin v20.4 - https:\/\/yoast.com\/wordpress\/plugins\/seo\/ -->\n<title>Linki - BRUK - Hurtownia Budowlana Jasienica<\/title>\n<meta name=\"robots\" content=\"index, follow, max-snippet:-1, max-image-preview:large, max-video-preview:-1\" \/>\n<link rel=\"canonical\" href=\"https:\/\/bruk.beskidy.pl\/index.php\/linki\/\" \/>\n<meta property=\"og:locale\" content=\"pl_PL\" \/>\n<meta property=\"og:type\" content=\"article\" \/>\n<meta property=\"og:title\" content=\"Linki - BRUK - Hurtownia Budowlana Jasienica\" \/>\n<meta property=\"og:description\" content=\"Linki pozwol\u0105 szybko por\u00f3wna\u0107 wyroby i wybra\u0107 interesuj\u0105ce produkty Czerpi\u0105c z do\u015bwiadczenia naszych dostawc\u00f3w staramy si\u0119 zapewni\u0107 Pa\u0144stwu mo\u017cliwie szeroki wyb\u00f3r i kompletn\u0105 ofert\u0119. www.bruk.info.pl&nbsp; &nbsp; &nbsp;&#8211; licz\u0105cy si\u0119 producent wyrob\u00f3w betonowych na po\u0142udniu Polski. www.bruk-bet.pl&nbsp; &nbsp; &nbsp; &#8211; producent szerokiej gamy wyrob\u00f3w betonowych www.natan.com.pl&nbsp; &#8211; renomowany producent&nbsp;fontann, donic, kolumn oraz rze\u017ab ogrodowych.&nbsp; www.polbruk.pl&nbsp; &nbsp; [&hellip;]\" \/>\n<meta property=\"og:url\" content=\"https:\/\/bruk.beskidy.pl\/index.php\/linki\/\" \/>\n<meta property=\"og:site_name\" content=\"BRUK - Hurtownia Budowlana Jasienica\" \/>\n<meta property=\"article:publisher\" content=\"https:\/\/www.facebook.com\/BrukSklep\" \/>\n<meta property=\"article:modified_time\" content=\"2021-03-14T14:43:35+00:00\" \/>\n<meta name=\"twitter:card\" content=\"summary_large_image\" \/>\n<meta name=\"twitter:label1\" content=\"Szacowany czas czytania\" \/>\n\t<meta name=\"twitter:data1\" content=\"1 minuta\" \/>\n<script type=\"application\/ld+json\" class=\"yoast-schema-graph\">{\"@context\":\"https:\/\/schema.org\",\"@graph\":[{\"@type\":\"WebPage\",\"@id\":\"https:\/\/bruk.beskidy.pl\/index.php\/linki\/\",\"url\":\"https:\/\/bruk.beskidy.pl\/index.php\/linki\/\",\"name\":\"Linki - BRUK - Hurtownia Budowlana Jasienica\",\"isPartOf\":{\"@id\":\"https:\/\/bruk.beskidy.pl\/#website\"},\"datePublished\":\"2016-07-14T12:15:57+00:00\",\"dateModified\":\"2021-03-14T14:43:35+00:00\",\"breadcrumb\":{\"@id\":\"https:\/\/bruk.beskidy.pl\/index.php\/linki\/#breadcrumb\"},\"inLanguage\":\"pl-PL\",\"potentialAction\":[{\"@type\":\"ReadAction\",\"target\":[\"https:\/\/bruk.beskidy.pl\/index.php\/linki\/\"]}]},{\"@type\":\"BreadcrumbList\",\"@id\":\"https:\/\/bruk.beskidy.pl\/index.php\/linki\/#breadcrumb\",\"itemListElement\":[{\"@type\":\"ListItem\",\"position\":1,\"name\":\"Strona g\u0142\u00f3wna\",\"item\":\"https:\/\/bruk.beskidy.pl\/\"},{\"@type\":\"ListItem\",\"position\":2,\"name\":\"Linki\"}]},{\"@type\":\"WebSite\",\"@id\":\"https:\/\/bruk.beskidy.pl\/#website\",\"url\":\"https:\/\/bruk.beskidy.pl\/\",\"name\":\"BRUK - Hurtownia Budowlana Jasienica\",\"description\":\"Zapraszamy do naszej hurtowni budowlanej BRUK, gdzie mo\u017cecie Pa\u0144stwo znale\u017a\u0107 pe\u0142n\u0105 ofert\u0119 materia\u0142\u00f3w budowlanych. Jak w ka\u017cdej hurtowni materia\u0142\u00f3w budowlanych nie jeste\u015bmy w stanie wyeksponowa\u0107 pe\u0142nego zakresu narz\u0119dzi i materia\u0142\u00f3w budowlanych kt\u00f3re mamy w ofercie do sprzeda\u017cy. Wi\u0119kszo\u015b\u0107 materia\u0142\u00f3w budowlanych dostarczamy na zam\u00f3wienie bezpo\u015brednio na budow\u0119.\",\"publisher\":{\"@id\":\"https:\/\/bruk.beskidy.pl\/#organization\"},\"potentialAction\":[{\"@type\":\"SearchAction\",\"target\":{\"@type\":\"EntryPoint\",\"urlTemplate\":\"https:\/\/bruk.beskidy.pl\/?s={search_term_string}\"},\"query-input\":\"required name=search_term_string\"}],\"inLanguage\":\"pl-PL\"},{\"@type\":\"Organization\",\"@id\":\"https:\/\/bruk.beskidy.pl\/#organization\",\"name\":\"BRUK Sylwester Dziatzko\",\"url\":\"https:\/\/bruk.beskidy.pl\/\",\"logo\":{\"@type\":\"ImageObject\",\"inLanguage\":\"pl-PL\",\"@id\":\"https:\/\/bruk.beskidy.pl\/#\/schema\/logo\/image\/\",\"url\":\"https:\/\/bruk.beskidy.pl\/wp-content\/uploads\/2017\/08\/bruk-logo.jpg\",\"contentUrl\":\"https:\/\/bruk.beskidy.pl\/wp-content\/uploads\/2017\/08\/bruk-logo.jpg\",\"width\":120,\"height\":108,\"caption\":\"BRUK Sylwester Dziatzko\"},\"image\":{\"@id\":\"https:\/\/bruk.beskidy.pl\/#\/schema\/logo\/image\/\"},\"sameAs\":[\"https:\/\/www.facebook.com\/BrukSklep\"]}]}<\/script>\n<!-- \/ Yoast SEO plugin. -->","yoast_head_json":{"title":"Linki - BRUK - Hurtownia Budowlana Jasienica","robots":{"index":"index","follow":"follow","max-snippet":"max-snippet:-1","max-image-preview":"max-image-preview:large","max-video-preview":"max-video-preview:-1"},"canonical":"https:\/\/bruk.beskidy.pl\/index.php\/linki\/","og_locale":"pl_PL","og_type":"article","og_title":"Linki - BRUK - Hurtownia Budowlana Jasienica","og_description":"Linki pozwol\u0105 szybko por\u00f3wna\u0107 wyroby i wybra\u0107 interesuj\u0105ce produkty Czerpi\u0105c z do\u015bwiadczenia naszych dostawc\u00f3w staramy si\u0119 zapewni\u0107 Pa\u0144stwu mo\u017cliwie szeroki wyb\u00f3r i kompletn\u0105 ofert\u0119. www.bruk.info.pl&nbsp; &nbsp; &nbsp;&#8211; licz\u0105cy si\u0119 producent wyrob\u00f3w betonowych na po\u0142udniu Polski. www.bruk-bet.pl&nbsp; &nbsp; &nbsp; &#8211; producent szerokiej gamy wyrob\u00f3w betonowych www.natan.com.pl&nbsp; &#8211; renomowany producent&nbsp;fontann, donic, kolumn oraz rze\u017ab ogrodowych.&nbsp; www.polbruk.pl&nbsp; &nbsp; [&hellip;]","og_url":"https:\/\/bruk.beskidy.pl\/index.php\/linki\/","og_site_name":"BRUK - Hurtownia Budowlana Jasienica","article_publisher":"https:\/\/www.facebook.com\/BrukSklep","article_modified_time":"2021-03-14T14:43:35+00:00","twitter_card":"summary_large_image","twitter_misc":{"Szacowany czas czytania":"1 minuta"},"schema":{"@context":"https:\/\/schema.org","@graph":[{"@type":"WebPage","@id":"https:\/\/bruk.beskidy.pl\/index.php\/linki\/","url":"https:\/\/bruk.beskidy.pl\/index.php\/linki\/","name":"Linki - BRUK - Hurtownia Budowlana Jasienica","isPartOf":{"@id":"https:\/\/bruk.beskidy.pl\/#website"},"datePublished":"2016-07-14T12:15:57+00:00","dateModified":"2021-03-14T14:43:35+00:00","breadcrumb":{"@id":"https:\/\/bruk.beskidy.pl\/index.php\/linki\/#breadcrumb"},"inLanguage":"pl-PL","potentialAction":[{"@type":"ReadAction","target":["https:\/\/bruk.beskidy.pl\/index.php\/linki\/"]}]},{"@type":"BreadcrumbList","@id":"https:\/\/bruk.beskidy.pl\/index.php\/linki\/#breadcrumb","itemListElement":[{"@type":"ListItem","position":1,"name":"Strona g\u0142\u00f3wna","item":"https:\/\/bruk.beskidy.pl\/"},{"@type":"ListItem","position":2,"name":"Linki"}]},{"@type":"WebSite","@id":"https:\/\/bruk.beskidy.pl\/#website","url":"https:\/\/bruk.beskidy.pl\/","name":"BRUK - Hurtownia Budowlana Jasienica","description":"Zapraszamy do naszej hurtowni budowlanej BRUK, gdzie mo\u017cecie Pa\u0144stwo znale\u017a\u0107 pe\u0142n\u0105 ofert\u0119 materia\u0142\u00f3w budowlanych. Jak w ka\u017cdej hurtowni materia\u0142\u00f3w budowlanych nie jeste\u015bmy w stanie wyeksponowa\u0107 pe\u0142nego zakresu narz\u0119dzi i materia\u0142\u00f3w budowlanych kt\u00f3re mamy w ofercie do sprzeda\u017cy. Wi\u0119kszo\u015b\u0107 materia\u0142\u00f3w budowlanych dostarczamy na zam\u00f3wienie bezpo\u015brednio na budow\u0119.","publisher":{"@id":"https:\/\/bruk.beskidy.pl\/#organization"},"potentialAction":[{"@type":"SearchAction","target":{"@type":"EntryPoint","urlTemplate":"https:\/\/bruk.beskidy.pl\/?s={search_term_string}"},"query-input":"required name=search_term_string"}],"inLanguage":"pl-PL"},{"@type":"Organization","@id":"https:\/\/bruk.beskidy.pl\/#organization","name":"BRUK Sylwester Dziatzko","url":"https:\/\/bruk.beskidy.pl\/","logo":{"@type":"ImageObject","inLanguage":"pl-PL","@id":"https:\/\/bruk.beskidy.pl\/#\/schema\/logo\/image\/","url":"https:\/\/bruk.beskidy.pl\/wp-content\/uploads\/2017\/08\/bruk-logo.jpg","contentUrl":"https:\/\/bruk.beskidy.pl\/wp-content\/uploads\/2017\/08\/bruk-logo.jpg","width":120,"height":108,"caption":"BRUK Sylwester Dziatzko"},"image":{"@id":"https:\/\/bruk.beskidy.pl\/#\/schema\/logo\/image\/"},"sameAs":["https:\/\/www.facebook.com\/BrukSklep"]}]}},"_links":{"self":[{"href":"https:\/\/bruk.beskidy.pl\/index.php\/wp-json\/wp\/v2\/pages\/18"}],"collection":[{"href":"https:\/\/bruk.beskidy.pl\/index.php\/wp-json\/wp\/v2\/pages"}],"about":[{"href":"https:\/\/bruk.beskidy.pl\/index.php\/wp-json\/wp\/v2\/types\/page"}],"author":[{"embeddable":true,"href":"https:\/\/bruk.beskidy.pl\/index.php\/wp-json\/wp\/v2\/users\/1"}],"replies":[{"embeddable":true,"href":"https:\/\/bruk.beskidy.pl\/index.php\/wp-json\/wp\/v2\/comments?post=18"}],"version-history":[{"count":12,"href":"https:\/\/bruk.beskidy.pl\/index.php\/wp-json\/wp\/v2\/pages\/18\/revisions"}],"predecessor-version":[{"id":701,"href":"https:\/\/bruk.beskidy.pl\/index.php\/wp-json\/wp\/v2\/pages\/18\/revisions\/701"}],"wp:attachment":[{"href":"https:\/\/bruk.beskidy.pl\/index.php\/wp-json\/wp\/v2\/media?parent=18"}],"curies":[{"name":"wp","href":"https:\/\/api.w.org\/{rel}","templated":true}]}}