{"id":169,"date":"2016-09-06T12:26:59","date_gmt":"2016-09-06T10:26:59","guid":{"rendered":"http:\/\/bruk.beskidy.pl\/?page_id=169"},"modified":"2016-09-06T14:51:24","modified_gmt":"2016-09-06T12:51:24","slug":"place-zabaw","status":"publish","type":"page","link":"https:\/\/bruk.beskidy.pl\/index.php\/place-zabaw\/","title":{"rendered":"Place zabaw"},"content":{"rendered":"\n\t\t<style type=\"text\/css\">\n\t\t\t#gallery-1 {\n\t\t\t\tmargin: auto;\n\t\t\t}\n\t\t\t#gallery-1 .gallery-item {\n\t\t\t\tfloat: left;\n\t\t\t\tmargin-top: 10px;\n\t\t\t\ttext-align: center;\n\t\t\t\twidth: 20%;\n\t\t\t}\n\t\t\t#gallery-1 img {\n\t\t\t\tborder: 2px solid #cfcfcf;\n\t\t\t}\n\t\t\t#gallery-1 .gallery-caption {\n\t\t\t\tmargin-left: 0;\n\t\t\t}\n\t\t\t\/* see gallery_shortcode() in wp-includes\/media.php *\/\n\t\t<\/style>\n\t\t<div id='gallery-1' class='gallery galleryid-169 gallery-columns-5 gallery-size-thumbnail'><dl class='gallery-item'>\n\t\t\t<dt class='gallery-icon landscape'>\n\t\t\t\t<a href='https:\/\/bruk.beskidy.pl\/wp-content\/uploads\/2016\/09\/DSC00317.jpg'><img loading=\"lazy\" decoding=\"async\" width=\"150\" height=\"150\" src=\"https:\/\/bruk.beskidy.pl\/wp-content\/uploads\/2016\/09\/DSC00317-150x150.jpg\" class=\"attachment-thumbnail size-thumbnail\" alt=\"\" \/><\/a>\n\t\t\t<\/dt><\/dl><dl class='gallery-item'>\n\t\t\t<dt class='gallery-icon landscape'>\n\t\t\t\t<a href='https:\/\/bruk.beskidy.pl\/wp-content\/uploads\/2016\/09\/DSC00320.jpg'><img loading=\"lazy\" decoding=\"async\" width=\"150\" height=\"150\" src=\"https:\/\/bruk.beskidy.pl\/wp-content\/uploads\/2016\/09\/DSC00320-150x150.jpg\" class=\"attachment-thumbnail size-thumbnail\" alt=\"\" \/><\/a>\n\t\t\t<\/dt><\/dl><dl class='gallery-item'>\n\t\t\t<dt class='gallery-icon landscape'>\n\t\t\t\t<a href='https:\/\/bruk.beskidy.pl\/wp-content\/uploads\/2016\/09\/DSC00321.jpg'><img loading=\"lazy\" decoding=\"async\" width=\"150\" height=\"150\" src=\"https:\/\/bruk.beskidy.pl\/wp-content\/uploads\/2016\/09\/DSC00321-150x150.jpg\" class=\"attachment-thumbnail size-thumbnail\" alt=\"\" \/><\/a>\n\t\t\t<\/dt><\/dl><dl class='gallery-item'>\n\t\t\t<dt class='gallery-icon landscape'>\n\t\t\t\t<a href='https:\/\/bruk.beskidy.pl\/wp-content\/uploads\/2016\/09\/DSC00324.jpg'><img loading=\"lazy\" decoding=\"async\" width=\"150\" height=\"150\" src=\"https:\/\/bruk.beskidy.pl\/wp-content\/uploads\/2016\/09\/DSC00324-150x150.jpg\" class=\"attachment-thumbnail size-thumbnail\" alt=\"\" \/><\/a>\n\t\t\t<\/dt><\/dl><dl class='gallery-item'>\n\t\t\t<dt class='gallery-icon landscape'>\n\t\t\t\t<a href='https:\/\/bruk.beskidy.pl\/wp-content\/uploads\/2016\/09\/DSC00340.jpg'><img loading=\"lazy\" decoding=\"async\" width=\"150\" height=\"150\" src=\"https:\/\/bruk.beskidy.pl\/wp-content\/uploads\/2016\/09\/DSC00340-150x150.jpg\" class=\"attachment-thumbnail size-thumbnail\" alt=\"\" \/><\/a>\n\t\t\t<\/dt><\/dl><br style=\"clear: both\" \/><dl class='gallery-item'>\n\t\t\t<dt class='gallery-icon landscape'>\n\t\t\t\t<a href='https:\/\/bruk.beskidy.pl\/wp-content\/uploads\/2016\/09\/DSC00352.jpg'><img loading=\"lazy\" decoding=\"async\" width=\"150\" height=\"150\" src=\"https:\/\/bruk.beskidy.pl\/wp-content\/uploads\/2016\/09\/DSC00352-150x150.jpg\" class=\"attachment-thumbnail size-thumbnail\" alt=\"\" \/><\/a>\n\t\t\t<\/dt><\/dl><dl class='gallery-item'>\n\t\t\t<dt class='gallery-icon landscape'>\n\t\t\t\t<a href='https:\/\/bruk.beskidy.pl\/wp-content\/uploads\/2016\/09\/DSC00355.jpg'><img loading=\"lazy\" decoding=\"async\" width=\"150\" height=\"150\" src=\"https:\/\/bruk.beskidy.pl\/wp-content\/uploads\/2016\/09\/DSC00355-150x150.jpg\" class=\"attachment-thumbnail size-thumbnail\" alt=\"\" \/><\/a>\n\t\t\t<\/dt><\/dl>\n\t\t\t<br style='clear: both' \/>\n\t\t<\/div>\n\n","protected":false},"excerpt":{"rendered":"","protected":false},"author":3,"featured_media":0,"parent":0,"menu_order":0,"comment_status":"closed","ping_status":"closed","template":"","meta":{"footnotes":""},"yoast_head":"<!-- This site is optimized with the Yoast SEO plugin v20.4 - https:\/\/yoast.com\/wordpress\/plugins\/seo\/ -->\n<title>Place zabaw - BRUK - Hurtownia Budowlana Jasienica<\/title>\n<meta name=\"robots\" content=\"index, follow, max-snippet:-1, max-image-preview:large, max-video-preview:-1\" \/>\n<link rel=\"canonical\" href=\"https:\/\/bruk.beskidy.pl\/index.php\/place-zabaw\/\" \/>\n<meta property=\"og:locale\" content=\"pl_PL\" \/>\n<meta property=\"og:type\" content=\"article\" \/>\n<meta property=\"og:title\" content=\"Place zabaw - BRUK - Hurtownia Budowlana Jasienica\" \/>\n<meta property=\"og:url\" content=\"https:\/\/bruk.beskidy.pl\/index.php\/place-zabaw\/\" \/>\n<meta property=\"og:site_name\" content=\"BRUK - Hurtownia Budowlana Jasienica\" \/>\n<meta property=\"article:publisher\" content=\"https:\/\/www.facebook.com\/BrukSklep\" \/>\n<meta property=\"article:modified_time\" content=\"2016-09-06T12:51:24+00:00\" \/>\n<meta property=\"og:image\" content=\"https:\/\/bruk.beskidy.pl\/wp-content\/uploads\/2016\/09\/DSC00317-150x150.jpg\" \/>\n<meta name=\"twitter:card\" content=\"summary_large_image\" \/>\n<script type=\"application\/ld+json\" class=\"yoast-schema-graph\">{\"@context\":\"https:\/\/schema.org\",\"@graph\":[{\"@type\":\"WebPage\",\"@id\":\"https:\/\/bruk.beskidy.pl\/index.php\/place-zabaw\/\",\"url\":\"https:\/\/bruk.beskidy.pl\/index.php\/place-zabaw\/\",\"name\":\"Place zabaw - BRUK - Hurtownia Budowlana Jasienica\",\"isPartOf\":{\"@id\":\"https:\/\/bruk.beskidy.pl\/#website\"},\"datePublished\":\"2016-09-06T10:26:59+00:00\",\"dateModified\":\"2016-09-06T12:51:24+00:00\",\"breadcrumb\":{\"@id\":\"https:\/\/bruk.beskidy.pl\/index.php\/place-zabaw\/#breadcrumb\"},\"inLanguage\":\"pl-PL\",\"potentialAction\":[{\"@type\":\"ReadAction\",\"target\":[\"https:\/\/bruk.beskidy.pl\/index.php\/place-zabaw\/\"]}]},{\"@type\":\"BreadcrumbList\",\"@id\":\"https:\/\/bruk.beskidy.pl\/index.php\/place-zabaw\/#breadcrumb\",\"itemListElement\":[{\"@type\":\"ListItem\",\"position\":1,\"name\":\"Strona g\u0142\u00f3wna\",\"item\":\"https:\/\/bruk.beskidy.pl\/\"},{\"@type\":\"ListItem\",\"position\":2,\"name\":\"Place zabaw\"}]},{\"@type\":\"WebSite\",\"@id\":\"https:\/\/bruk.beskidy.pl\/#website\",\"url\":\"https:\/\/bruk.beskidy.pl\/\",\"name\":\"BRUK - Hurtownia Budowlana Jasienica\",\"description\":\"Zapraszamy do naszej hurtowni budowlanej BRUK, gdzie mo\u017cecie Pa\u0144stwo znale\u017a\u0107 pe\u0142n\u0105 ofert\u0119 materia\u0142\u00f3w budowlanych. Jak w ka\u017cdej hurtowni materia\u0142\u00f3w budowlanych nie jeste\u015bmy w stanie wyeksponowa\u0107 pe\u0142nego zakresu narz\u0119dzi i materia\u0142\u00f3w budowlanych kt\u00f3re mamy w ofercie do sprzeda\u017cy. Wi\u0119kszo\u015b\u0107 materia\u0142\u00f3w budowlanych dostarczamy na zam\u00f3wienie bezpo\u015brednio na budow\u0119.\",\"publisher\":{\"@id\":\"https:\/\/bruk.beskidy.pl\/#organization\"},\"potentialAction\":[{\"@type\":\"SearchAction\",\"target\":{\"@type\":\"EntryPoint\",\"urlTemplate\":\"https:\/\/bruk.beskidy.pl\/?s={search_term_string}\"},\"query-input\":\"required name=search_term_string\"}],\"inLanguage\":\"pl-PL\"},{\"@type\":\"Organization\",\"@id\":\"https:\/\/bruk.beskidy.pl\/#organization\",\"name\":\"BRUK Sylwester Dziatzko\",\"url\":\"https:\/\/bruk.beskidy.pl\/\",\"logo\":{\"@type\":\"ImageObject\",\"inLanguage\":\"pl-PL\",\"@id\":\"https:\/\/bruk.beskidy.pl\/#\/schema\/logo\/image\/\",\"url\":\"https:\/\/bruk.beskidy.pl\/wp-content\/uploads\/2017\/08\/bruk-logo.jpg\",\"contentUrl\":\"https:\/\/bruk.beskidy.pl\/wp-content\/uploads\/2017\/08\/bruk-logo.jpg\",\"width\":120,\"height\":108,\"caption\":\"BRUK Sylwester Dziatzko\"},\"image\":{\"@id\":\"https:\/\/bruk.beskidy.pl\/#\/schema\/logo\/image\/\"},\"sameAs\":[\"https:\/\/www.facebook.com\/BrukSklep\"]}]}<\/script>\n<!-- \/ Yoast SEO plugin. -->","yoast_head_json":{"title":"Place zabaw - BRUK - Hurtownia Budowlana Jasienica","robots":{"index":"index","follow":"follow","max-snippet":"max-snippet:-1","max-image-preview":"max-image-preview:large","max-video-preview":"max-video-preview:-1"},"canonical":"https:\/\/bruk.beskidy.pl\/index.php\/place-zabaw\/","og_locale":"pl_PL","og_type":"article","og_title":"Place zabaw - BRUK - Hurtownia Budowlana Jasienica","og_url":"https:\/\/bruk.beskidy.pl\/index.php\/place-zabaw\/","og_site_name":"BRUK - Hurtownia Budowlana Jasienica","article_publisher":"https:\/\/www.facebook.com\/BrukSklep","article_modified_time":"2016-09-06T12:51:24+00:00","og_image":[{"url":"https:\/\/bruk.beskidy.pl\/wp-content\/uploads\/2016\/09\/DSC00317-150x150.jpg"}],"twitter_card":"summary_large_image","schema":{"@context":"https:\/\/schema.org","@graph":[{"@type":"WebPage","@id":"https:\/\/bruk.beskidy.pl\/index.php\/place-zabaw\/","url":"https:\/\/bruk.beskidy.pl\/index.php\/place-zabaw\/","name":"Place zabaw - BRUK - Hurtownia Budowlana Jasienica","isPartOf":{"@id":"https:\/\/bruk.beskidy.pl\/#website"},"datePublished":"2016-09-06T10:26:59+00:00","dateModified":"2016-09-06T12:51:24+00:00","breadcrumb":{"@id":"https:\/\/bruk.beskidy.pl\/index.php\/place-zabaw\/#breadcrumb"},"inLanguage":"pl-PL","potentialAction":[{"@type":"ReadAction","target":["https:\/\/bruk.beskidy.pl\/index.php\/place-zabaw\/"]}]},{"@type":"BreadcrumbList","@id":"https:\/\/bruk.beskidy.pl\/index.php\/place-zabaw\/#breadcrumb","itemListElement":[{"@type":"ListItem","position":1,"name":"Strona g\u0142\u00f3wna","item":"https:\/\/bruk.beskidy.pl\/"},{"@type":"ListItem","position":2,"name":"Place zabaw"}]},{"@type":"WebSite","@id":"https:\/\/bruk.beskidy.pl\/#website","url":"https:\/\/bruk.beskidy.pl\/","name":"BRUK - Hurtownia Budowlana Jasienica","description":"Zapraszamy do naszej hurtowni budowlanej BRUK, gdzie mo\u017cecie Pa\u0144stwo znale\u017a\u0107 pe\u0142n\u0105 ofert\u0119 materia\u0142\u00f3w budowlanych. Jak w ka\u017cdej hurtowni materia\u0142\u00f3w budowlanych nie jeste\u015bmy w stanie wyeksponowa\u0107 pe\u0142nego zakresu narz\u0119dzi i materia\u0142\u00f3w budowlanych kt\u00f3re mamy w ofercie do sprzeda\u017cy. Wi\u0119kszo\u015b\u0107 materia\u0142\u00f3w budowlanych dostarczamy na zam\u00f3wienie bezpo\u015brednio na budow\u0119.","publisher":{"@id":"https:\/\/bruk.beskidy.pl\/#organization"},"potentialAction":[{"@type":"SearchAction","target":{"@type":"EntryPoint","urlTemplate":"https:\/\/bruk.beskidy.pl\/?s={search_term_string}"},"query-input":"required name=search_term_string"}],"inLanguage":"pl-PL"},{"@type":"Organization","@id":"https:\/\/bruk.beskidy.pl\/#organization","name":"BRUK Sylwester Dziatzko","url":"https:\/\/bruk.beskidy.pl\/","logo":{"@type":"ImageObject","inLanguage":"pl-PL","@id":"https:\/\/bruk.beskidy.pl\/#\/schema\/logo\/image\/","url":"https:\/\/bruk.beskidy.pl\/wp-content\/uploads\/2017\/08\/bruk-logo.jpg","contentUrl":"https:\/\/bruk.beskidy.pl\/wp-content\/uploads\/2017\/08\/bruk-logo.jpg","width":120,"height":108,"caption":"BRUK Sylwester Dziatzko"},"image":{"@id":"https:\/\/bruk.beskidy.pl\/#\/schema\/logo\/image\/"},"sameAs":["https:\/\/www.facebook.com\/BrukSklep"]}]}},"_links":{"self":[{"href":"https:\/\/bruk.beskidy.pl\/index.php\/wp-json\/wp\/v2\/pages\/169"}],"collection":[{"href":"https:\/\/bruk.beskidy.pl\/index.php\/wp-json\/wp\/v2\/pages"}],"about":[{"href":"https:\/\/bruk.beskidy.pl\/index.php\/wp-json\/wp\/v2\/types\/page"}],"author":[{"embeddable":true,"href":"https:\/\/bruk.beskidy.pl\/index.php\/wp-json\/wp\/v2\/users\/3"}],"replies":[{"embeddable":true,"href":"https:\/\/bruk.beskidy.pl\/index.php\/wp-json\/wp\/v2\/comments?post=169"}],"version-history":[{"count":3,"href":"https:\/\/bruk.beskidy.pl\/index.php\/wp-json\/wp\/v2\/pages\/169\/revisions"}],"predecessor-version":[{"id":262,"href":"https:\/\/bruk.beskidy.pl\/index.php\/wp-json\/wp\/v2\/pages\/169\/revisions\/262"}],"wp:attachment":[{"href":"https:\/\/bruk.beskidy.pl\/index.php\/wp-json\/wp\/v2\/media?parent=169"}],"curies":[{"name":"wp","href":"https:\/\/api.w.org\/{rel}","templated":true}]}}