{"id":16,"date":"2016-07-14T14:15:41","date_gmt":"2016-07-14T12:15:41","guid":{"rendered":"http:\/\/bruk.beskidy.pl\/?page_id=16"},"modified":"2023-05-13T11:57:29","modified_gmt":"2023-05-13T09:57:29","slug":"galeria","status":"publish","type":"page","link":"https:\/\/bruk.beskidy.pl\/index.php\/galeria\/","title":{"rendered":"Galeria"},"content":{"rendered":"<div id=\"attachment_102\" style=\"width: 290px\" class=\"wp-caption alignleft\"><a href=\"https:\/\/bruk.beskidy.pl\/index.php\/kostka-brukowa-granitowa\/\"><img loading=\"lazy\" decoding=\"async\" aria-describedby=\"caption-attachment-102\" class=\"wp-image-102\" src=\"https:\/\/bruk.beskidy.pl\/wp-content\/uploads\/2016\/07\/Kopia-komgranit-020-300x225.jpg\" alt=\"bruk granitowy wej\u015bcie taras\" width=\"280\" height=\"210\" srcset=\"https:\/\/bruk.beskidy.pl\/wp-content\/uploads\/2016\/07\/Kopia-komgranit-020-300x225.jpg 300w, https:\/\/bruk.beskidy.pl\/wp-content\/uploads\/2016\/07\/Kopia-komgranit-020-768x576.jpg 768w, https:\/\/bruk.beskidy.pl\/wp-content\/uploads\/2016\/07\/Kopia-komgranit-020-1024x768.jpg 1024w, https:\/\/bruk.beskidy.pl\/wp-content\/uploads\/2016\/07\/Kopia-komgranit-020.jpg 1600w\" sizes=\"(max-width: 280px) 100vw, 280px\" \/><\/a><p id=\"caption-attachment-102\" class=\"wp-caption-text\">Kostka brukowa<\/p><\/div>\n<div id=\"attachment_201\" style=\"width: 290px\" class=\"wp-caption alignleft\"><a href=\"https:\/\/bruk.beskidy.pl\/index.php\/kamien-naturalny\/\"><img loading=\"lazy\" decoding=\"async\" aria-describedby=\"caption-attachment-201\" class=\"wp-image-201\" src=\"https:\/\/bruk.beskidy.pl\/wp-content\/uploads\/2016\/09\/ku0001-300x225.jpg\" alt=\"1. schody z piaskowaca\" width=\"280\" height=\"210\" srcset=\"https:\/\/bruk.beskidy.pl\/wp-content\/uploads\/2016\/09\/ku0001-300x225.jpg 300w, https:\/\/bruk.beskidy.pl\/wp-content\/uploads\/2016\/09\/ku0001-768x576.jpg 768w, https:\/\/bruk.beskidy.pl\/wp-content\/uploads\/2016\/09\/ku0001-1024x768.jpg 1024w, https:\/\/bruk.beskidy.pl\/wp-content\/uploads\/2016\/09\/ku0001.jpg 1600w\" sizes=\"(max-width: 280px) 100vw, 280px\" \/><\/a><p id=\"caption-attachment-201\" class=\"wp-caption-text\">Kamie\u0144 naturalny<\/p><\/div>\n<div id=\"attachment_206\" style=\"width: 290px\" class=\"wp-caption alignleft\"><a href=\"https:\/\/bruk.beskidy.pl\/index.php\/ogrodzenia\/\"><img loading=\"lazy\" decoding=\"async\" aria-describedby=\"caption-attachment-206\" class=\"wp-image-206\" src=\"https:\/\/bruk.beskidy.pl\/wp-content\/uploads\/2016\/09\/ogrodz-300x225.jpg\" alt=\"ogrodzenie a\u017curowe\" width=\"280\" height=\"210\" srcset=\"https:\/\/bruk.beskidy.pl\/wp-content\/uploads\/2016\/09\/ogrodz-300x225.jpg 300w, https:\/\/bruk.beskidy.pl\/wp-content\/uploads\/2016\/09\/ogrodz-768x575.jpg 768w, https:\/\/bruk.beskidy.pl\/wp-content\/uploads\/2016\/09\/ogrodz-1024x766.jpg 1024w\" sizes=\"(max-width: 280px) 100vw, 280px\" \/><\/a><p id=\"caption-attachment-206\" class=\"wp-caption-text\">Ogrodzenia<\/p><\/div>\n<div id=\"attachment_223\" style=\"width: 290px\" class=\"wp-caption alignnone\"><a href=\"https:\/\/bruk.beskidy.pl\/index.php\/inne-realizacje\/\"><img loading=\"lazy\" decoding=\"async\" aria-describedby=\"caption-attachment-223\" class=\"wp-image-223\" src=\"https:\/\/bruk.beskidy.pl\/wp-content\/uploads\/2016\/09\/wystbiel-6-300x225.jpg\" alt=\"7. wystawa kostki B-B Ga\u0142czy\u0144skiego kwiat\" width=\"280\" height=\"210\" srcset=\"https:\/\/bruk.beskidy.pl\/wp-content\/uploads\/2016\/09\/wystbiel-6-300x225.jpg 300w, https:\/\/bruk.beskidy.pl\/wp-content\/uploads\/2016\/09\/wystbiel-6-768x575.jpg 768w, https:\/\/bruk.beskidy.pl\/wp-content\/uploads\/2016\/09\/wystbiel-6-1024x766.jpg 1024w\" sizes=\"(max-width: 280px) 100vw, 280px\" \/><\/a><p id=\"caption-attachment-223\" class=\"wp-caption-text\">Inne realizacje<\/p><\/div>\n<div id=\"attachment_229\" style=\"width: 290px\" class=\"wp-caption alignright\"><a href=\"https:\/\/bruk.beskidy.pl\/index.php\/meble-ogrodowe\/\"><img loading=\"lazy\" decoding=\"async\" aria-describedby=\"caption-attachment-229\" class=\"wp-image-229\" src=\"https:\/\/bruk.beskidy.pl\/wp-content\/uploads\/2016\/09\/DSC00301-300x225.jpg\" alt=\"11. st\u00f3\u0142 80x80 z czterema krzes\u0142ami\" width=\"280\" height=\"210\" srcset=\"https:\/\/bruk.beskidy.pl\/wp-content\/uploads\/2016\/09\/DSC00301-300x225.jpg 300w, https:\/\/bruk.beskidy.pl\/wp-content\/uploads\/2016\/09\/DSC00301-768x576.jpg 768w, https:\/\/bruk.beskidy.pl\/wp-content\/uploads\/2016\/09\/DSC00301-1024x768.jpg 1024w\" sizes=\"(max-width: 280px) 100vw, 280px\" \/><\/a><p id=\"caption-attachment-229\" class=\"wp-caption-text\">Meble ogrodowe<\/p><\/div>\n<div id=\"attachment_258\" style=\"width: 290px\" class=\"wp-caption alignright\"><a href=\"https:\/\/bruk.beskidy.pl\/index.php\/place-zabaw\/\"><img loading=\"lazy\" decoding=\"async\" aria-describedby=\"caption-attachment-258\" class=\"wp-image-258\" src=\"https:\/\/bruk.beskidy.pl\/wp-content\/uploads\/2016\/09\/DSC00340-300x225.jpg\" alt=\"plac zabaw + piaskownica + dwie hu\u015btawki\" width=\"280\" height=\"210\" srcset=\"https:\/\/bruk.beskidy.pl\/wp-content\/uploads\/2016\/09\/DSC00340-300x225.jpg 300w, https:\/\/bruk.beskidy.pl\/wp-content\/uploads\/2016\/09\/DSC00340-768x576.jpg 768w, https:\/\/bruk.beskidy.pl\/wp-content\/uploads\/2016\/09\/DSC00340-1024x768.jpg 1024w\" sizes=\"(max-width: 280px) 100vw, 280px\" \/><\/a><p id=\"caption-attachment-258\" class=\"wp-caption-text\">Place zabaw<\/p><\/div>\n<div id=\"attachment_267\" style=\"width: 290px\" class=\"wp-caption alignleft\"><a href=\"https:\/\/bruk.beskidy.pl\/index.php\/altany-i-domki-drewniane\/\"><img loading=\"lazy\" decoding=\"async\" aria-describedby=\"caption-attachment-267\" class=\"wp-image-267\" src=\"https:\/\/bruk.beskidy.pl\/wp-content\/uploads\/2016\/09\/DSC00041-1-300x225.jpg\" alt=\"11. altana z bala kryta gontem drewnianym\" width=\"280\" height=\"210\" srcset=\"https:\/\/bruk.beskidy.pl\/wp-content\/uploads\/2016\/09\/DSC00041-1-300x225.jpg 300w, https:\/\/bruk.beskidy.pl\/wp-content\/uploads\/2016\/09\/DSC00041-1-768x576.jpg 768w, https:\/\/bruk.beskidy.pl\/wp-content\/uploads\/2016\/09\/DSC00041-1-1024x768.jpg 1024w\" sizes=\"(max-width: 280px) 100vw, 280px\" \/><\/a><p id=\"caption-attachment-267\" class=\"wp-caption-text\">Altany i domki drewniane<\/p><\/div>\n<div id=\"attachment_210\" style=\"width: 290px\" class=\"wp-caption alignleft\"><a href=\"https:\/\/bruk.beskidy.pl\/index.php\/ocieplanie-poddaszy\/\"><img loading=\"lazy\" decoding=\"async\" aria-describedby=\"caption-attachment-210\" class=\"wp-image-210\" src=\"https:\/\/bruk.beskidy.pl\/wp-content\/uploads\/2016\/09\/20071207084-300x225.jpg\" alt=\"2. ocieplanie poddaszy sufit\" width=\"280\" height=\"210\" srcset=\"https:\/\/bruk.beskidy.pl\/wp-content\/uploads\/2016\/09\/20071207084-300x225.jpg 300w, https:\/\/bruk.beskidy.pl\/wp-content\/uploads\/2016\/09\/20071207084-768x576.jpg 768w, https:\/\/bruk.beskidy.pl\/wp-content\/uploads\/2016\/09\/20071207084-1024x768.jpg 1024w, https:\/\/bruk.beskidy.pl\/wp-content\/uploads\/2016\/09\/20071207084.jpg 2048w\" sizes=\"(max-width: 280px) 100vw, 280px\" \/><\/a><p id=\"caption-attachment-210\" class=\"wp-caption-text\">Ocieplanie poddaszy<\/p><\/div>\n","protected":false},"excerpt":{"rendered":"","protected":false},"author":1,"featured_media":0,"parent":0,"menu_order":0,"comment_status":"closed","ping_status":"closed","template":"","meta":{"footnotes":""},"yoast_head":"<!-- This site is optimized with the Yoast SEO plugin v20.4 - https:\/\/yoast.com\/wordpress\/plugins\/seo\/ -->\n<title>Galeria - BRUK - Hurtownia Budowlana Jasienica<\/title>\n<meta name=\"robots\" content=\"index, follow, max-snippet:-1, max-image-preview:large, max-video-preview:-1\" \/>\n<link rel=\"canonical\" href=\"https:\/\/bruk.beskidy.pl\/index.php\/galeria\/\" \/>\n<meta property=\"og:locale\" content=\"pl_PL\" \/>\n<meta property=\"og:type\" content=\"article\" \/>\n<meta property=\"og:title\" content=\"Galeria - BRUK - Hurtownia Budowlana Jasienica\" \/>\n<meta property=\"og:url\" content=\"https:\/\/bruk.beskidy.pl\/index.php\/galeria\/\" \/>\n<meta property=\"og:site_name\" content=\"BRUK - Hurtownia Budowlana Jasienica\" \/>\n<meta property=\"article:publisher\" content=\"https:\/\/www.facebook.com\/BrukSklep\" \/>\n<meta property=\"article:modified_time\" content=\"2023-05-13T09:57:29+00:00\" \/>\n<meta property=\"og:image\" content=\"https:\/\/bruk.beskidy.pl\/wp-content\/uploads\/2016\/07\/Kopia-komgranit-020-300x225.jpg\" \/>\n<meta name=\"twitter:card\" content=\"summary_large_image\" \/>\n<script type=\"application\/ld+json\" class=\"yoast-schema-graph\">{\"@context\":\"https:\/\/schema.org\",\"@graph\":[{\"@type\":\"WebPage\",\"@id\":\"https:\/\/bruk.beskidy.pl\/index.php\/galeria\/\",\"url\":\"https:\/\/bruk.beskidy.pl\/index.php\/galeria\/\",\"name\":\"Galeria - BRUK - Hurtownia Budowlana Jasienica\",\"isPartOf\":{\"@id\":\"https:\/\/bruk.beskidy.pl\/#website\"},\"datePublished\":\"2016-07-14T12:15:41+00:00\",\"dateModified\":\"2023-05-13T09:57:29+00:00\",\"breadcrumb\":{\"@id\":\"https:\/\/bruk.beskidy.pl\/index.php\/galeria\/#breadcrumb\"},\"inLanguage\":\"pl-PL\",\"potentialAction\":[{\"@type\":\"ReadAction\",\"target\":[\"https:\/\/bruk.beskidy.pl\/index.php\/galeria\/\"]}]},{\"@type\":\"BreadcrumbList\",\"@id\":\"https:\/\/bruk.beskidy.pl\/index.php\/galeria\/#breadcrumb\",\"itemListElement\":[{\"@type\":\"ListItem\",\"position\":1,\"name\":\"Strona g\u0142\u00f3wna\",\"item\":\"https:\/\/bruk.beskidy.pl\/\"},{\"@type\":\"ListItem\",\"position\":2,\"name\":\"Galeria\"}]},{\"@type\":\"WebSite\",\"@id\":\"https:\/\/bruk.beskidy.pl\/#website\",\"url\":\"https:\/\/bruk.beskidy.pl\/\",\"name\":\"BRUK - Hurtownia Budowlana Jasienica\",\"description\":\"Zapraszamy do naszej hurtowni budowlanej BRUK, gdzie mo\u017cecie Pa\u0144stwo znale\u017a\u0107 pe\u0142n\u0105 ofert\u0119 materia\u0142\u00f3w budowlanych. Jak w ka\u017cdej hurtowni materia\u0142\u00f3w budowlanych nie jeste\u015bmy w stanie wyeksponowa\u0107 pe\u0142nego zakresu narz\u0119dzi i materia\u0142\u00f3w budowlanych kt\u00f3re mamy w ofercie do sprzeda\u017cy. Wi\u0119kszo\u015b\u0107 materia\u0142\u00f3w budowlanych dostarczamy na zam\u00f3wienie bezpo\u015brednio na budow\u0119.\",\"publisher\":{\"@id\":\"https:\/\/bruk.beskidy.pl\/#organization\"},\"potentialAction\":[{\"@type\":\"SearchAction\",\"target\":{\"@type\":\"EntryPoint\",\"urlTemplate\":\"https:\/\/bruk.beskidy.pl\/?s={search_term_string}\"},\"query-input\":\"required name=search_term_string\"}],\"inLanguage\":\"pl-PL\"},{\"@type\":\"Organization\",\"@id\":\"https:\/\/bruk.beskidy.pl\/#organization\",\"name\":\"BRUK Sylwester Dziatzko\",\"url\":\"https:\/\/bruk.beskidy.pl\/\",\"logo\":{\"@type\":\"ImageObject\",\"inLanguage\":\"pl-PL\",\"@id\":\"https:\/\/bruk.beskidy.pl\/#\/schema\/logo\/image\/\",\"url\":\"https:\/\/bruk.beskidy.pl\/wp-content\/uploads\/2017\/08\/bruk-logo.jpg\",\"contentUrl\":\"https:\/\/bruk.beskidy.pl\/wp-content\/uploads\/2017\/08\/bruk-logo.jpg\",\"width\":120,\"height\":108,\"caption\":\"BRUK Sylwester Dziatzko\"},\"image\":{\"@id\":\"https:\/\/bruk.beskidy.pl\/#\/schema\/logo\/image\/\"},\"sameAs\":[\"https:\/\/www.facebook.com\/BrukSklep\"]}]}<\/script>\n<!-- \/ Yoast SEO plugin. -->","yoast_head_json":{"title":"Galeria - BRUK - Hurtownia Budowlana Jasienica","robots":{"index":"index","follow":"follow","max-snippet":"max-snippet:-1","max-image-preview":"max-image-preview:large","max-video-preview":"max-video-preview:-1"},"canonical":"https:\/\/bruk.beskidy.pl\/index.php\/galeria\/","og_locale":"pl_PL","og_type":"article","og_title":"Galeria - BRUK - Hurtownia Budowlana Jasienica","og_url":"https:\/\/bruk.beskidy.pl\/index.php\/galeria\/","og_site_name":"BRUK - Hurtownia Budowlana Jasienica","article_publisher":"https:\/\/www.facebook.com\/BrukSklep","article_modified_time":"2023-05-13T09:57:29+00:00","og_image":[{"url":"https:\/\/bruk.beskidy.pl\/wp-content\/uploads\/2016\/07\/Kopia-komgranit-020-300x225.jpg"}],"twitter_card":"summary_large_image","schema":{"@context":"https:\/\/schema.org","@graph":[{"@type":"WebPage","@id":"https:\/\/bruk.beskidy.pl\/index.php\/galeria\/","url":"https:\/\/bruk.beskidy.pl\/index.php\/galeria\/","name":"Galeria - BRUK - Hurtownia Budowlana Jasienica","isPartOf":{"@id":"https:\/\/bruk.beskidy.pl\/#website"},"datePublished":"2016-07-14T12:15:41+00:00","dateModified":"2023-05-13T09:57:29+00:00","breadcrumb":{"@id":"https:\/\/bruk.beskidy.pl\/index.php\/galeria\/#breadcrumb"},"inLanguage":"pl-PL","potentialAction":[{"@type":"ReadAction","target":["https:\/\/bruk.beskidy.pl\/index.php\/galeria\/"]}]},{"@type":"BreadcrumbList","@id":"https:\/\/bruk.beskidy.pl\/index.php\/galeria\/#breadcrumb","itemListElement":[{"@type":"ListItem","position":1,"name":"Strona g\u0142\u00f3wna","item":"https:\/\/bruk.beskidy.pl\/"},{"@type":"ListItem","position":2,"name":"Galeria"}]},{"@type":"WebSite","@id":"https:\/\/bruk.beskidy.pl\/#website","url":"https:\/\/bruk.beskidy.pl\/","name":"BRUK - Hurtownia Budowlana Jasienica","description":"Zapraszamy do naszej hurtowni budowlanej BRUK, gdzie mo\u017cecie Pa\u0144stwo znale\u017a\u0107 pe\u0142n\u0105 ofert\u0119 materia\u0142\u00f3w budowlanych. Jak w ka\u017cdej hurtowni materia\u0142\u00f3w budowlanych nie jeste\u015bmy w stanie wyeksponowa\u0107 pe\u0142nego zakresu narz\u0119dzi i materia\u0142\u00f3w budowlanych kt\u00f3re mamy w ofercie do sprzeda\u017cy. Wi\u0119kszo\u015b\u0107 materia\u0142\u00f3w budowlanych dostarczamy na zam\u00f3wienie bezpo\u015brednio na budow\u0119.","publisher":{"@id":"https:\/\/bruk.beskidy.pl\/#organization"},"potentialAction":[{"@type":"SearchAction","target":{"@type":"EntryPoint","urlTemplate":"https:\/\/bruk.beskidy.pl\/?s={search_term_string}"},"query-input":"required name=search_term_string"}],"inLanguage":"pl-PL"},{"@type":"Organization","@id":"https:\/\/bruk.beskidy.pl\/#organization","name":"BRUK Sylwester Dziatzko","url":"https:\/\/bruk.beskidy.pl\/","logo":{"@type":"ImageObject","inLanguage":"pl-PL","@id":"https:\/\/bruk.beskidy.pl\/#\/schema\/logo\/image\/","url":"https:\/\/bruk.beskidy.pl\/wp-content\/uploads\/2017\/08\/bruk-logo.jpg","contentUrl":"https:\/\/bruk.beskidy.pl\/wp-content\/uploads\/2017\/08\/bruk-logo.jpg","width":120,"height":108,"caption":"BRUK Sylwester Dziatzko"},"image":{"@id":"https:\/\/bruk.beskidy.pl\/#\/schema\/logo\/image\/"},"sameAs":["https:\/\/www.facebook.com\/BrukSklep"]}]}},"_links":{"self":[{"href":"https:\/\/bruk.beskidy.pl\/index.php\/wp-json\/wp\/v2\/pages\/16"}],"collection":[{"href":"https:\/\/bruk.beskidy.pl\/index.php\/wp-json\/wp\/v2\/pages"}],"about":[{"href":"https:\/\/bruk.beskidy.pl\/index.php\/wp-json\/wp\/v2\/types\/page"}],"author":[{"embeddable":true,"href":"https:\/\/bruk.beskidy.pl\/index.php\/wp-json\/wp\/v2\/users\/1"}],"replies":[{"embeddable":true,"href":"https:\/\/bruk.beskidy.pl\/index.php\/wp-json\/wp\/v2\/comments?post=16"}],"version-history":[{"count":18,"href":"https:\/\/bruk.beskidy.pl\/index.php\/wp-json\/wp\/v2\/pages\/16\/revisions"}],"predecessor-version":[{"id":740,"href":"https:\/\/bruk.beskidy.pl\/index.php\/wp-json\/wp\/v2\/pages\/16\/revisions\/740"}],"wp:attachment":[{"href":"https:\/\/bruk.beskidy.pl\/index.php\/wp-json\/wp\/v2\/media?parent=16"}],"curies":[{"name":"wp","href":"https:\/\/api.w.org\/{rel}","templated":true}]}}