{"id":14,"date":"2016-07-14T14:15:25","date_gmt":"2016-07-14T12:15:25","guid":{"rendered":"http:\/\/bruk.beskidy.pl\/?page_id=14"},"modified":"2016-11-30T23:05:37","modified_gmt":"2016-11-30T22:05:37","slug":"referencje","status":"publish","type":"page","link":"https:\/\/bruk.beskidy.pl\/index.php\/referencje\/","title":{"rendered":"Referencje"},"content":{"rendered":"<p style=\"text-align: justify;\">Dzia\u0142aj\u0105c od 1993 r. realizowali\u015bmy zlecenia g\u0142ownie dla os\u00f3b prywatnych, czasem dla klient\u00f3w instytucjonalnych.<\/p>\n<p style=\"text-align: justify;\">Specjalizujemy si\u0119 w uk\u0142adaniu wszystkich rodzaj\u00f3w kostki od granitu przez klinkier,kamie\u0144 a\u017c po bruk tradycyjny czy a\u017cury.<br \/>\nZasi\u0119giem dzia\u0142ania obejmujemy ca\u0142y kraj a w szczeg\u00f3lno\u015bci Podbeskidzie oraz ca\u0142e woj. \u015al\u0105skie<br \/>\nZaufa\u0142y naszym kompetencjom i fachowo\u015bci mi\u0119dzy innymi:<\/p>\n<ul style=\"text-align: justify;\">\n<li>Galeria Sfera,<\/li>\n<li>Inter-Welm,<\/li>\n<li>Murapol,<\/li>\n<li>Silesia Oil,<\/li>\n<li>Skanska,<\/li>\n<li>Sobik,<\/li>\n<li>PKO BP w K\u0119dzierzynie,<\/li>\n<li>Urz\u0105d Miasta Bielsko-Bia\u0142a,<\/li>\n<li>Urz\u0105d Miasta i Gminy w Szczyrku,<\/li>\n<li>Urz\u0105d Gminy w Jasienicy,<\/li>\n<li>Wykonywali\u015bmy r\u00f3wnie\u017c prace przy obiektach sakralnych w Bielsku- Bia\u0142ej ,D\u0119bowcu, Jasienicy i Ustroniu.<\/li>\n<\/ul>\n<p style=\"text-align: justify;\">A oto lista firm dla kt\u00f3rych mieli\u015bmy przyjemno\u015b\u0107 pracowa\u0107:\u00a0<a href=\"https:\/\/bruk.beskidy.pl\/wp-content\/uploads\/2016\/07\/lista-referencyjna-10-1-2009.doc\">tu plik<\/a><br \/>\nChcieliby\u015bmy tak\u017ce zach\u0119ci\u0107 Pa\u0144stwa do obejrzenia naszych prac realizowanych dla klient\u00f3w indywidualnych.<br \/>\nKliknij tutaj aby przej\u015b\u0107 do <a href=\"https:\/\/bruk.beskidy.pl\/index.php\/galeria\/\">GALERII<\/a>.<\/p>\n","protected":false},"excerpt":{"rendered":"<p>Dzia\u0142aj\u0105c od 1993 r. realizowali\u015bmy zlecenia g\u0142ownie dla os\u00f3b prywatnych, czasem dla klient\u00f3w instytucjonalnych. Specjalizujemy si\u0119 w uk\u0142adaniu wszystkich rodzaj\u00f3w kostki od granitu przez klinkier,kamie\u0144 a\u017c po bruk tradycyjny czy a\u017cury. Zasi\u0119giem dzia\u0142ania obejmujemy ca\u0142y kraj a w szczeg\u00f3lno\u015bci Podbeskidzie oraz ca\u0142e woj. \u015al\u0105skie Zaufa\u0142y naszym kompetencjom i fachowo\u015bci mi\u0119dzy innymi: Galeria Sfera, Inter-Welm, Murapol, [&hellip;]<\/p>\n","protected":false},"author":1,"featured_media":0,"parent":0,"menu_order":0,"comment_status":"closed","ping_status":"closed","template":"","meta":{"footnotes":""},"yoast_head":"<!-- This site is optimized with the Yoast SEO plugin v20.4 - https:\/\/yoast.com\/wordpress\/plugins\/seo\/ -->\n<title>Referencje - BRUK - Hurtownia Budowlana Jasienica<\/title>\n<meta name=\"robots\" content=\"index, follow, max-snippet:-1, max-image-preview:large, max-video-preview:-1\" \/>\n<link rel=\"canonical\" href=\"https:\/\/bruk.beskidy.pl\/index.php\/referencje\/\" \/>\n<meta property=\"og:locale\" content=\"pl_PL\" \/>\n<meta property=\"og:type\" content=\"article\" \/>\n<meta property=\"og:title\" content=\"Referencje - BRUK - Hurtownia Budowlana Jasienica\" \/>\n<meta property=\"og:description\" content=\"Dzia\u0142aj\u0105c od 1993 r. realizowali\u015bmy zlecenia g\u0142ownie dla os\u00f3b prywatnych, czasem dla klient\u00f3w instytucjonalnych. Specjalizujemy si\u0119 w uk\u0142adaniu wszystkich rodzaj\u00f3w kostki od granitu przez klinkier,kamie\u0144 a\u017c po bruk tradycyjny czy a\u017cury. Zasi\u0119giem dzia\u0142ania obejmujemy ca\u0142y kraj a w szczeg\u00f3lno\u015bci Podbeskidzie oraz ca\u0142e woj. \u015al\u0105skie Zaufa\u0142y naszym kompetencjom i fachowo\u015bci mi\u0119dzy innymi: Galeria Sfera, Inter-Welm, Murapol, [&hellip;]\" \/>\n<meta property=\"og:url\" content=\"https:\/\/bruk.beskidy.pl\/index.php\/referencje\/\" \/>\n<meta property=\"og:site_name\" content=\"BRUK - Hurtownia Budowlana Jasienica\" \/>\n<meta property=\"article:publisher\" content=\"https:\/\/www.facebook.com\/BrukSklep\" \/>\n<meta property=\"article:modified_time\" content=\"2016-11-30T22:05:37+00:00\" \/>\n<meta name=\"twitter:card\" content=\"summary_large_image\" \/>\n<meta name=\"twitter:label1\" content=\"Szacowany czas czytania\" \/>\n\t<meta name=\"twitter:data1\" content=\"1 minuta\" \/>\n<script type=\"application\/ld+json\" class=\"yoast-schema-graph\">{\"@context\":\"https:\/\/schema.org\",\"@graph\":[{\"@type\":\"WebPage\",\"@id\":\"https:\/\/bruk.beskidy.pl\/index.php\/referencje\/\",\"url\":\"https:\/\/bruk.beskidy.pl\/index.php\/referencje\/\",\"name\":\"Referencje - BRUK - Hurtownia Budowlana Jasienica\",\"isPartOf\":{\"@id\":\"https:\/\/bruk.beskidy.pl\/#website\"},\"datePublished\":\"2016-07-14T12:15:25+00:00\",\"dateModified\":\"2016-11-30T22:05:37+00:00\",\"breadcrumb\":{\"@id\":\"https:\/\/bruk.beskidy.pl\/index.php\/referencje\/#breadcrumb\"},\"inLanguage\":\"pl-PL\",\"potentialAction\":[{\"@type\":\"ReadAction\",\"target\":[\"https:\/\/bruk.beskidy.pl\/index.php\/referencje\/\"]}]},{\"@type\":\"BreadcrumbList\",\"@id\":\"https:\/\/bruk.beskidy.pl\/index.php\/referencje\/#breadcrumb\",\"itemListElement\":[{\"@type\":\"ListItem\",\"position\":1,\"name\":\"Strona g\u0142\u00f3wna\",\"item\":\"https:\/\/bruk.beskidy.pl\/\"},{\"@type\":\"ListItem\",\"position\":2,\"name\":\"Referencje\"}]},{\"@type\":\"WebSite\",\"@id\":\"https:\/\/bruk.beskidy.pl\/#website\",\"url\":\"https:\/\/bruk.beskidy.pl\/\",\"name\":\"BRUK - Hurtownia Budowlana Jasienica\",\"description\":\"Zapraszamy do naszej hurtowni budowlanej BRUK, gdzie mo\u017cecie Pa\u0144stwo znale\u017a\u0107 pe\u0142n\u0105 ofert\u0119 materia\u0142\u00f3w budowlanych. Jak w ka\u017cdej hurtowni materia\u0142\u00f3w budowlanych nie jeste\u015bmy w stanie wyeksponowa\u0107 pe\u0142nego zakresu narz\u0119dzi i materia\u0142\u00f3w budowlanych kt\u00f3re mamy w ofercie do sprzeda\u017cy. Wi\u0119kszo\u015b\u0107 materia\u0142\u00f3w budowlanych dostarczamy na zam\u00f3wienie bezpo\u015brednio na budow\u0119.\",\"publisher\":{\"@id\":\"https:\/\/bruk.beskidy.pl\/#organization\"},\"potentialAction\":[{\"@type\":\"SearchAction\",\"target\":{\"@type\":\"EntryPoint\",\"urlTemplate\":\"https:\/\/bruk.beskidy.pl\/?s={search_term_string}\"},\"query-input\":\"required name=search_term_string\"}],\"inLanguage\":\"pl-PL\"},{\"@type\":\"Organization\",\"@id\":\"https:\/\/bruk.beskidy.pl\/#organization\",\"name\":\"BRUK Sylwester Dziatzko\",\"url\":\"https:\/\/bruk.beskidy.pl\/\",\"logo\":{\"@type\":\"ImageObject\",\"inLanguage\":\"pl-PL\",\"@id\":\"https:\/\/bruk.beskidy.pl\/#\/schema\/logo\/image\/\",\"url\":\"https:\/\/bruk.beskidy.pl\/wp-content\/uploads\/2017\/08\/bruk-logo.jpg\",\"contentUrl\":\"https:\/\/bruk.beskidy.pl\/wp-content\/uploads\/2017\/08\/bruk-logo.jpg\",\"width\":120,\"height\":108,\"caption\":\"BRUK Sylwester Dziatzko\"},\"image\":{\"@id\":\"https:\/\/bruk.beskidy.pl\/#\/schema\/logo\/image\/\"},\"sameAs\":[\"https:\/\/www.facebook.com\/BrukSklep\"]}]}<\/script>\n<!-- \/ Yoast SEO plugin. -->","yoast_head_json":{"title":"Referencje - BRUK - Hurtownia Budowlana Jasienica","robots":{"index":"index","follow":"follow","max-snippet":"max-snippet:-1","max-image-preview":"max-image-preview:large","max-video-preview":"max-video-preview:-1"},"canonical":"https:\/\/bruk.beskidy.pl\/index.php\/referencje\/","og_locale":"pl_PL","og_type":"article","og_title":"Referencje - BRUK - Hurtownia Budowlana Jasienica","og_description":"Dzia\u0142aj\u0105c od 1993 r. realizowali\u015bmy zlecenia g\u0142ownie dla os\u00f3b prywatnych, czasem dla klient\u00f3w instytucjonalnych. Specjalizujemy si\u0119 w uk\u0142adaniu wszystkich rodzaj\u00f3w kostki od granitu przez klinkier,kamie\u0144 a\u017c po bruk tradycyjny czy a\u017cury. Zasi\u0119giem dzia\u0142ania obejmujemy ca\u0142y kraj a w szczeg\u00f3lno\u015bci Podbeskidzie oraz ca\u0142e woj. \u015al\u0105skie Zaufa\u0142y naszym kompetencjom i fachowo\u015bci mi\u0119dzy innymi: Galeria Sfera, Inter-Welm, Murapol, [&hellip;]","og_url":"https:\/\/bruk.beskidy.pl\/index.php\/referencje\/","og_site_name":"BRUK - Hurtownia Budowlana Jasienica","article_publisher":"https:\/\/www.facebook.com\/BrukSklep","article_modified_time":"2016-11-30T22:05:37+00:00","twitter_card":"summary_large_image","twitter_misc":{"Szacowany czas czytania":"1 minuta"},"schema":{"@context":"https:\/\/schema.org","@graph":[{"@type":"WebPage","@id":"https:\/\/bruk.beskidy.pl\/index.php\/referencje\/","url":"https:\/\/bruk.beskidy.pl\/index.php\/referencje\/","name":"Referencje - BRUK - Hurtownia Budowlana Jasienica","isPartOf":{"@id":"https:\/\/bruk.beskidy.pl\/#website"},"datePublished":"2016-07-14T12:15:25+00:00","dateModified":"2016-11-30T22:05:37+00:00","breadcrumb":{"@id":"https:\/\/bruk.beskidy.pl\/index.php\/referencje\/#breadcrumb"},"inLanguage":"pl-PL","potentialAction":[{"@type":"ReadAction","target":["https:\/\/bruk.beskidy.pl\/index.php\/referencje\/"]}]},{"@type":"BreadcrumbList","@id":"https:\/\/bruk.beskidy.pl\/index.php\/referencje\/#breadcrumb","itemListElement":[{"@type":"ListItem","position":1,"name":"Strona g\u0142\u00f3wna","item":"https:\/\/bruk.beskidy.pl\/"},{"@type":"ListItem","position":2,"name":"Referencje"}]},{"@type":"WebSite","@id":"https:\/\/bruk.beskidy.pl\/#website","url":"https:\/\/bruk.beskidy.pl\/","name":"BRUK - Hurtownia Budowlana Jasienica","description":"Zapraszamy do naszej hurtowni budowlanej BRUK, gdzie mo\u017cecie Pa\u0144stwo znale\u017a\u0107 pe\u0142n\u0105 ofert\u0119 materia\u0142\u00f3w budowlanych. Jak w ka\u017cdej hurtowni materia\u0142\u00f3w budowlanych nie jeste\u015bmy w stanie wyeksponowa\u0107 pe\u0142nego zakresu narz\u0119dzi i materia\u0142\u00f3w budowlanych kt\u00f3re mamy w ofercie do sprzeda\u017cy. Wi\u0119kszo\u015b\u0107 materia\u0142\u00f3w budowlanych dostarczamy na zam\u00f3wienie bezpo\u015brednio na budow\u0119.","publisher":{"@id":"https:\/\/bruk.beskidy.pl\/#organization"},"potentialAction":[{"@type":"SearchAction","target":{"@type":"EntryPoint","urlTemplate":"https:\/\/bruk.beskidy.pl\/?s={search_term_string}"},"query-input":"required name=search_term_string"}],"inLanguage":"pl-PL"},{"@type":"Organization","@id":"https:\/\/bruk.beskidy.pl\/#organization","name":"BRUK Sylwester Dziatzko","url":"https:\/\/bruk.beskidy.pl\/","logo":{"@type":"ImageObject","inLanguage":"pl-PL","@id":"https:\/\/bruk.beskidy.pl\/#\/schema\/logo\/image\/","url":"https:\/\/bruk.beskidy.pl\/wp-content\/uploads\/2017\/08\/bruk-logo.jpg","contentUrl":"https:\/\/bruk.beskidy.pl\/wp-content\/uploads\/2017\/08\/bruk-logo.jpg","width":120,"height":108,"caption":"BRUK Sylwester Dziatzko"},"image":{"@id":"https:\/\/bruk.beskidy.pl\/#\/schema\/logo\/image\/"},"sameAs":["https:\/\/www.facebook.com\/BrukSklep"]}]}},"_links":{"self":[{"href":"https:\/\/bruk.beskidy.pl\/index.php\/wp-json\/wp\/v2\/pages\/14"}],"collection":[{"href":"https:\/\/bruk.beskidy.pl\/index.php\/wp-json\/wp\/v2\/pages"}],"about":[{"href":"https:\/\/bruk.beskidy.pl\/index.php\/wp-json\/wp\/v2\/types\/page"}],"author":[{"embeddable":true,"href":"https:\/\/bruk.beskidy.pl\/index.php\/wp-json\/wp\/v2\/users\/1"}],"replies":[{"embeddable":true,"href":"https:\/\/bruk.beskidy.pl\/index.php\/wp-json\/wp\/v2\/comments?post=14"}],"version-history":[{"count":6,"href":"https:\/\/bruk.beskidy.pl\/index.php\/wp-json\/wp\/v2\/pages\/14\/revisions"}],"predecessor-version":[{"id":323,"href":"https:\/\/bruk.beskidy.pl\/index.php\/wp-json\/wp\/v2\/pages\/14\/revisions\/323"}],"wp:attachment":[{"href":"https:\/\/bruk.beskidy.pl\/index.php\/wp-json\/wp\/v2\/media?parent=14"}],"curies":[{"name":"wp","href":"https:\/\/api.w.org\/{rel}","templated":true}]}}