{"id":12,"date":"2016-07-14T14:15:06","date_gmt":"2016-07-14T12:15:06","guid":{"rendered":"http:\/\/bruk.beskidy.pl\/?page_id=12"},"modified":"2026-04-08T22:27:18","modified_gmt":"2026-04-08T20:27:18","slug":"cennik","status":"publish","type":"page","link":"https:\/\/bruk.beskidy.pl\/index.php\/cennik\/","title":{"rendered":"Cenniki"},"content":{"rendered":"<p>Przy projektowaniu otoczenia Pa\u0144stwa domu , wyborze kostki czy element\u00f3w ma\u0142ej architektury na pewno przydadz\u0105 si\u0119 zdj\u0119cia z katalog\u00f3w najwa\u017cniejszych producent\u00f3w a naszych dostawc\u00f3w. B\u0119d\u0105 doskona\u0142ym \u017ar\u00f3d\u0142em inspiracji. Do por\u00f3wnania niezb\u0119dna b\u0119dzie r\u00f3wnie\u017c cena producenta ale prosz\u0119 pami\u0119ta\u0107 \u017ce dysponujemy wachlarzem promocji i rabat\u00f3w. <span style=\"font-size: revert; color: initial;\">Zach\u0119cam r\u00f3wnie\u017c do obejrzenia oferty Pracowni Betonu PRABETON producenta element\u00f3w dekoracji ogrod\u00f3w.<\/span><\/p>\n<p>Katalogi i aktualne cenniki najwa\u017cniejszych dostawc\u00f3w :<\/p>\n<p><a href=\"https:\/\/bruk.beskidy.pl\/wp-content\/uploads\/2023\/05\/Katalog-Prabeton-2023-do-przesylania.pdf.pdf\" target=\"_blank\" rel=\"noopener noreferrer\">Katalog PRABETON 2023<\/a>\u00a0 \u00a0 \u00a0 \u00a0 \u00a0 \u00a0 \u00a0 \u00a0 \u00a0 \u00a0 \u00a0 \u00a0 \u00a0 \u00a0 \u00a0 \u00a0 \u00a0 \u00a0 \u00a0 \u00a0 \u00a0 \u00a0 \u00a0 \u00a0 \u00a0 \u00a0 \u00a0 \u00a0 \u00a0 \u00a0 \u00a0 \u00a0 \u00a0 \u00a0 \u00a0 \u00a0 <a href=\"https:\/\/bruk.beskidy.pl\/wp-content\/uploads\/2023\/05\/2023-cennik-detaliczny-Prabeton.pdf\" target=\"_blank\" rel=\"noopener\">Cennik Prabeton 2023<\/a><\/p>\n<p><a href=\"https:\/\/bruk.beskidy.pl\/wp-content\/uploads\/2026\/04\/bb-geoceramica-2024.pdf\">Katalog BRUK-BET Tarasy gresowe<\/a>\u00a0 \u00a0 \u00a0 \u00a0 \u00a0 \u00a0 \u00a0 \u00a0 \u00a0 \u00a0 \u00a0 \u00a0 \u00a0 \u00a0 \u00a0 \u00a0 \u00a0 \u00a0 \u00a0 \u00a0 \u00a0 \u00a0 \u00a0 \u00a0 \u00a0 \u00a0 \u00a0 \u00a0 \u00a0<a href=\"https:\/\/bruk.beskidy.pl\/wp-content\/uploads\/2026\/04\/Bruk-Bet-Cennik-2026-08-04-2026-1.pdf\">Cennik BRUK-BET 2026<\/a><\/p>\n<p><a href=\"https:\/\/bruk.beskidy.pl\/wp-content\/uploads\/2023\/05\/Portfolio_Polbruk_2023_rozkladowki.pdf\" target=\"_blank\" rel=\"noopener\">Katalog POLBRUK 2023<\/a>\u00a0 \u00a0 \u00a0 \u00a0 \u00a0 \u00a0 \u00a0 \u00a0 \u00a0 \u00a0 \u00a0 \u00a0 \u00a0 \u00a0 \u00a0 \u00a0 \u00a0 \u00a0 \u00a0 \u00a0 \u00a0 \u00a0 \u00a0 \u00a0 \u00a0 \u00a0 \u00a0 \u00a0 \u00a0 \u00a0 \u00a0 \u00a0 \u00a0 \u00a0 \u00a0 \u00a0 \u00a0 \u00a0<a href=\"https:\/\/bruk.beskidy.pl\/wp-content\/uploads\/2026\/04\/Katalog_Polbruk_2026.pdf\">Cennik POLBRUK 2026<\/a><\/p>\n<p><a href=\"https:\/\/bruk.beskidy.pl\/wp-content\/uploads\/2026\/04\/JONIEC_KATALOG-2025.pdf\">Katalog JONIEC 2025<\/a>\u00a0 \u00a0 \u00a0 \u00a0 \u00a0 \u00a0 \u00a0 \u00a0 \u00a0 \u00a0 \u00a0 \u00a0 \u00a0 \u00a0 \u00a0 \u00a0 \u00a0 \u00a0 \u00a0 \u00a0 \u00a0 \u00a0 \u00a0 \u00a0 \u00a0 \u00a0 \u00a0 \u00a0 \u00a0 \u00a0 \u00a0 \u00a0 \u00a0 \u00a0 \u00a0 \u00a0 \u00a0 \u00a0 \u00a0 \u00a0<a href=\"https:\/\/bruk.beskidy.pl\/wp-content\/uploads\/2023\/05\/CENNIK-JONIEC\u00ae-2023.pdf\">Cennik\u00a0 JONIEC 2023<\/a><\/p>\n","protected":false},"excerpt":{"rendered":"<p>Przy projektowaniu otoczenia Pa\u0144stwa domu , wyborze kostki czy element\u00f3w ma\u0142ej architektury na pewno przydadz\u0105 si\u0119 zdj\u0119cia z katalog\u00f3w najwa\u017cniejszych producent\u00f3w a naszych dostawc\u00f3w. B\u0119d\u0105 doskona\u0142ym \u017ar\u00f3d\u0142em inspiracji. Do por\u00f3wnania niezb\u0119dna b\u0119dzie r\u00f3wnie\u017c cena producenta ale prosz\u0119 pami\u0119ta\u0107 \u017ce dysponujemy wachlarzem promocji i rabat\u00f3w. Zach\u0119cam r\u00f3wnie\u017c do obejrzenia oferty Pracowni Betonu PRABETON producenta element\u00f3w dekoracji [&hellip;]<\/p>\n","protected":false},"author":1,"featured_media":0,"parent":0,"menu_order":0,"comment_status":"closed","ping_status":"closed","template":"","meta":{"footnotes":""},"yoast_head":"<!-- This site is optimized with the Yoast SEO plugin v20.4 - https:\/\/yoast.com\/wordpress\/plugins\/seo\/ -->\n<title>Cenniki - BRUK - Hurtownia Budowlana Jasienica<\/title>\n<meta name=\"robots\" content=\"index, follow, max-snippet:-1, max-image-preview:large, max-video-preview:-1\" \/>\n<link rel=\"canonical\" href=\"https:\/\/bruk.beskidy.pl\/index.php\/cennik\/\" \/>\n<meta property=\"og:locale\" content=\"pl_PL\" \/>\n<meta property=\"og:type\" content=\"article\" \/>\n<meta property=\"og:title\" content=\"Cenniki - BRUK - Hurtownia Budowlana Jasienica\" \/>\n<meta property=\"og:description\" content=\"Przy projektowaniu otoczenia Pa\u0144stwa domu , wyborze kostki czy element\u00f3w ma\u0142ej architektury na pewno przydadz\u0105 si\u0119 zdj\u0119cia z katalog\u00f3w najwa\u017cniejszych producent\u00f3w a naszych dostawc\u00f3w. B\u0119d\u0105 doskona\u0142ym \u017ar\u00f3d\u0142em inspiracji. Do por\u00f3wnania niezb\u0119dna b\u0119dzie r\u00f3wnie\u017c cena producenta ale prosz\u0119 pami\u0119ta\u0107 \u017ce dysponujemy wachlarzem promocji i rabat\u00f3w. Zach\u0119cam r\u00f3wnie\u017c do obejrzenia oferty Pracowni Betonu PRABETON producenta element\u00f3w dekoracji [&hellip;]\" \/>\n<meta property=\"og:url\" content=\"https:\/\/bruk.beskidy.pl\/index.php\/cennik\/\" \/>\n<meta property=\"og:site_name\" content=\"BRUK - Hurtownia Budowlana Jasienica\" \/>\n<meta property=\"article:publisher\" content=\"https:\/\/www.facebook.com\/BrukSklep\" \/>\n<meta property=\"article:modified_time\" content=\"2026-04-08T20:27:18+00:00\" \/>\n<meta name=\"twitter:card\" content=\"summary_large_image\" \/>\n<meta name=\"twitter:label1\" content=\"Szacowany czas czytania\" \/>\n\t<meta name=\"twitter:data1\" content=\"1 minuta\" \/>\n<script type=\"application\/ld+json\" class=\"yoast-schema-graph\">{\"@context\":\"https:\/\/schema.org\",\"@graph\":[{\"@type\":\"WebPage\",\"@id\":\"https:\/\/bruk.beskidy.pl\/index.php\/cennik\/\",\"url\":\"https:\/\/bruk.beskidy.pl\/index.php\/cennik\/\",\"name\":\"Cenniki - BRUK - Hurtownia Budowlana Jasienica\",\"isPartOf\":{\"@id\":\"https:\/\/bruk.beskidy.pl\/#website\"},\"datePublished\":\"2016-07-14T12:15:06+00:00\",\"dateModified\":\"2026-04-08T20:27:18+00:00\",\"breadcrumb\":{\"@id\":\"https:\/\/bruk.beskidy.pl\/index.php\/cennik\/#breadcrumb\"},\"inLanguage\":\"pl-PL\",\"potentialAction\":[{\"@type\":\"ReadAction\",\"target\":[\"https:\/\/bruk.beskidy.pl\/index.php\/cennik\/\"]}]},{\"@type\":\"BreadcrumbList\",\"@id\":\"https:\/\/bruk.beskidy.pl\/index.php\/cennik\/#breadcrumb\",\"itemListElement\":[{\"@type\":\"ListItem\",\"position\":1,\"name\":\"Strona g\u0142\u00f3wna\",\"item\":\"https:\/\/bruk.beskidy.pl\/\"},{\"@type\":\"ListItem\",\"position\":2,\"name\":\"Cenniki\"}]},{\"@type\":\"WebSite\",\"@id\":\"https:\/\/bruk.beskidy.pl\/#website\",\"url\":\"https:\/\/bruk.beskidy.pl\/\",\"name\":\"BRUK - Hurtownia Budowlana Jasienica\",\"description\":\"Zapraszamy do naszej hurtowni budowlanej BRUK, gdzie mo\u017cecie Pa\u0144stwo znale\u017a\u0107 pe\u0142n\u0105 ofert\u0119 materia\u0142\u00f3w budowlanych. Jak w ka\u017cdej hurtowni materia\u0142\u00f3w budowlanych nie jeste\u015bmy w stanie wyeksponowa\u0107 pe\u0142nego zakresu narz\u0119dzi i materia\u0142\u00f3w budowlanych kt\u00f3re mamy w ofercie do sprzeda\u017cy. Wi\u0119kszo\u015b\u0107 materia\u0142\u00f3w budowlanych dostarczamy na zam\u00f3wienie bezpo\u015brednio na budow\u0119.\",\"publisher\":{\"@id\":\"https:\/\/bruk.beskidy.pl\/#organization\"},\"potentialAction\":[{\"@type\":\"SearchAction\",\"target\":{\"@type\":\"EntryPoint\",\"urlTemplate\":\"https:\/\/bruk.beskidy.pl\/?s={search_term_string}\"},\"query-input\":\"required name=search_term_string\"}],\"inLanguage\":\"pl-PL\"},{\"@type\":\"Organization\",\"@id\":\"https:\/\/bruk.beskidy.pl\/#organization\",\"name\":\"BRUK Sylwester Dziatzko\",\"url\":\"https:\/\/bruk.beskidy.pl\/\",\"logo\":{\"@type\":\"ImageObject\",\"inLanguage\":\"pl-PL\",\"@id\":\"https:\/\/bruk.beskidy.pl\/#\/schema\/logo\/image\/\",\"url\":\"https:\/\/bruk.beskidy.pl\/wp-content\/uploads\/2017\/08\/bruk-logo.jpg\",\"contentUrl\":\"https:\/\/bruk.beskidy.pl\/wp-content\/uploads\/2017\/08\/bruk-logo.jpg\",\"width\":120,\"height\":108,\"caption\":\"BRUK Sylwester Dziatzko\"},\"image\":{\"@id\":\"https:\/\/bruk.beskidy.pl\/#\/schema\/logo\/image\/\"},\"sameAs\":[\"https:\/\/www.facebook.com\/BrukSklep\"]}]}<\/script>\n<!-- \/ Yoast SEO plugin. -->","yoast_head_json":{"title":"Cenniki - BRUK - Hurtownia Budowlana Jasienica","robots":{"index":"index","follow":"follow","max-snippet":"max-snippet:-1","max-image-preview":"max-image-preview:large","max-video-preview":"max-video-preview:-1"},"canonical":"https:\/\/bruk.beskidy.pl\/index.php\/cennik\/","og_locale":"pl_PL","og_type":"article","og_title":"Cenniki - BRUK - Hurtownia Budowlana Jasienica","og_description":"Przy projektowaniu otoczenia Pa\u0144stwa domu , wyborze kostki czy element\u00f3w ma\u0142ej architektury na pewno przydadz\u0105 si\u0119 zdj\u0119cia z katalog\u00f3w najwa\u017cniejszych producent\u00f3w a naszych dostawc\u00f3w. B\u0119d\u0105 doskona\u0142ym \u017ar\u00f3d\u0142em inspiracji. Do por\u00f3wnania niezb\u0119dna b\u0119dzie r\u00f3wnie\u017c cena producenta ale prosz\u0119 pami\u0119ta\u0107 \u017ce dysponujemy wachlarzem promocji i rabat\u00f3w. Zach\u0119cam r\u00f3wnie\u017c do obejrzenia oferty Pracowni Betonu PRABETON producenta element\u00f3w dekoracji [&hellip;]","og_url":"https:\/\/bruk.beskidy.pl\/index.php\/cennik\/","og_site_name":"BRUK - Hurtownia Budowlana Jasienica","article_publisher":"https:\/\/www.facebook.com\/BrukSklep","article_modified_time":"2026-04-08T20:27:18+00:00","twitter_card":"summary_large_image","twitter_misc":{"Szacowany czas czytania":"1 minuta"},"schema":{"@context":"https:\/\/schema.org","@graph":[{"@type":"WebPage","@id":"https:\/\/bruk.beskidy.pl\/index.php\/cennik\/","url":"https:\/\/bruk.beskidy.pl\/index.php\/cennik\/","name":"Cenniki - BRUK - Hurtownia Budowlana Jasienica","isPartOf":{"@id":"https:\/\/bruk.beskidy.pl\/#website"},"datePublished":"2016-07-14T12:15:06+00:00","dateModified":"2026-04-08T20:27:18+00:00","breadcrumb":{"@id":"https:\/\/bruk.beskidy.pl\/index.php\/cennik\/#breadcrumb"},"inLanguage":"pl-PL","potentialAction":[{"@type":"ReadAction","target":["https:\/\/bruk.beskidy.pl\/index.php\/cennik\/"]}]},{"@type":"BreadcrumbList","@id":"https:\/\/bruk.beskidy.pl\/index.php\/cennik\/#breadcrumb","itemListElement":[{"@type":"ListItem","position":1,"name":"Strona g\u0142\u00f3wna","item":"https:\/\/bruk.beskidy.pl\/"},{"@type":"ListItem","position":2,"name":"Cenniki"}]},{"@type":"WebSite","@id":"https:\/\/bruk.beskidy.pl\/#website","url":"https:\/\/bruk.beskidy.pl\/","name":"BRUK - Hurtownia Budowlana Jasienica","description":"Zapraszamy do naszej hurtowni budowlanej BRUK, gdzie mo\u017cecie Pa\u0144stwo znale\u017a\u0107 pe\u0142n\u0105 ofert\u0119 materia\u0142\u00f3w budowlanych. Jak w ka\u017cdej hurtowni materia\u0142\u00f3w budowlanych nie jeste\u015bmy w stanie wyeksponowa\u0107 pe\u0142nego zakresu narz\u0119dzi i materia\u0142\u00f3w budowlanych kt\u00f3re mamy w ofercie do sprzeda\u017cy. Wi\u0119kszo\u015b\u0107 materia\u0142\u00f3w budowlanych dostarczamy na zam\u00f3wienie bezpo\u015brednio na budow\u0119.","publisher":{"@id":"https:\/\/bruk.beskidy.pl\/#organization"},"potentialAction":[{"@type":"SearchAction","target":{"@type":"EntryPoint","urlTemplate":"https:\/\/bruk.beskidy.pl\/?s={search_term_string}"},"query-input":"required name=search_term_string"}],"inLanguage":"pl-PL"},{"@type":"Organization","@id":"https:\/\/bruk.beskidy.pl\/#organization","name":"BRUK Sylwester Dziatzko","url":"https:\/\/bruk.beskidy.pl\/","logo":{"@type":"ImageObject","inLanguage":"pl-PL","@id":"https:\/\/bruk.beskidy.pl\/#\/schema\/logo\/image\/","url":"https:\/\/bruk.beskidy.pl\/wp-content\/uploads\/2017\/08\/bruk-logo.jpg","contentUrl":"https:\/\/bruk.beskidy.pl\/wp-content\/uploads\/2017\/08\/bruk-logo.jpg","width":120,"height":108,"caption":"BRUK Sylwester Dziatzko"},"image":{"@id":"https:\/\/bruk.beskidy.pl\/#\/schema\/logo\/image\/"},"sameAs":["https:\/\/www.facebook.com\/BrukSklep"]}]}},"_links":{"self":[{"href":"https:\/\/bruk.beskidy.pl\/index.php\/wp-json\/wp\/v2\/pages\/12"}],"collection":[{"href":"https:\/\/bruk.beskidy.pl\/index.php\/wp-json\/wp\/v2\/pages"}],"about":[{"href":"https:\/\/bruk.beskidy.pl\/index.php\/wp-json\/wp\/v2\/types\/page"}],"author":[{"embeddable":true,"href":"https:\/\/bruk.beskidy.pl\/index.php\/wp-json\/wp\/v2\/users\/1"}],"replies":[{"embeddable":true,"href":"https:\/\/bruk.beskidy.pl\/index.php\/wp-json\/wp\/v2\/comments?post=12"}],"version-history":[{"count":63,"href":"https:\/\/bruk.beskidy.pl\/index.php\/wp-json\/wp\/v2\/pages\/12\/revisions"}],"predecessor-version":[{"id":810,"href":"https:\/\/bruk.beskidy.pl\/index.php\/wp-json\/wp\/v2\/pages\/12\/revisions\/810"}],"wp:attachment":[{"href":"https:\/\/bruk.beskidy.pl\/index.php\/wp-json\/wp\/v2\/media?parent=12"}],"curies":[{"name":"wp","href":"https:\/\/api.w.org\/{rel}","templated":true}]}}